{"id":9812,"date":"2020-04-05T18:31:15","date_gmt":"2020-04-05T16:31:15","guid":{"rendered":"https:\/\/www.studiolongboard.com\/?post_type=product&#038;p=9812"},"modified":"2022-09-08T13:42:20","modified_gmt":"2022-09-08T11:42:20","slug":"daffyboard-balance-board-set-zensation-black","status":"publish","type":"product","link":"https:\/\/www.studiolongboard.com\/fr\/shop\/accessories\/balance-boards\/daffyboard-balance-board-set-zensation-black\/","title":{"rendered":"DAFFYBOARD Balance Board Set Zensation Black"},"content":{"rendered":"<h2>DAFFYBOARD Balance Board Set Zensation Black<\/h2>\n<p>DAFFYBOARD Balance Board Set Totem se compose d'une planche en bois de bouleau de qualit\u00e9 sup\u00e9rieure, d'un rouleau en li\u00e8ge et d'un tapis de protection du sol \u00e0 base de mat\u00e9riaux recycl\u00e9s. Les planches sont enti\u00e8rement fabriqu\u00e9es en Allemagne. Un rev\u00eatement sp\u00e9cial sur la surface rend la planche antid\u00e9rapante et prot\u00e8ge le design.<\/p>\n<p>Les planches d'\u00e9quilibre n'am\u00e9liorent pas seulement l'\u00e9quilibre et la coordination. Gr\u00e2ce \u00e0 des exercices cibl\u00e9s, tu peux renforcer et d\u00e9velopper certaines parties des muscles des jambes et des pieds ainsi que les articulations. Elles sont \u00e9galement tr\u00e8s amusantes et te permettent de garder la forme m\u00eame par mauvais temps.<\/p>\n<p>Convient au sport professionnel, \u00e0 la physioth\u00e9rapie et \u00e0 tous les passionn\u00e9s de sport.<\/p>\n<ul>\n<li>Planche : Bouleau coll\u00e9, 750 x 295 mm<\/li>\n<li>Rouleau : li\u00e8ge extrud\u00e9, \u00f8 150 mm<\/li>\n<li>Tapis de protection du sol \u00e0 base de recyclage : granul\u00e9 composite, 1520 x 580 mm<\/li>\n<li>Lib\u00e9r\u00e9 jusqu'\u00e0 130 kg<\/li>\n<\/ul>\n<p>&nbsp;<\/p>","protected":false},"excerpt":{"rendered":"<p>DAFFYBOARD Balance Board Set Zensation Black DAFFYBOARD Balance Board Set Totem besteht aus dem Board im hochwertigem Birkenholz, einer Korkrolle und einer Bodenschutzmatte auf Recyclingbasis. Die Boards werden komplett in Deutschland gefertigt. Eine spezielle Beschichtung auf der Oberfl\u00e4che macht das Board rutschfest und sch\u00fctzt das Design. Balance Boards verbessern nicht nur das Gleichgewicht und die [&#8230;]\n","protected":false},"featured_media":9813,"comment_status":"open","ping_status":"closed","template":"","meta":{"jetpack_post_was_ever_published":false,"jetpack_publicize_message":"","jetpack_publicize_feature_enabled":true,"jetpack_social_post_already_shared":true,"jetpack_social_options":{"image_generator_settings":{"template":"highway","default_image_id":0,"font":"","enabled":false},"version":2}},"product_brand":[],"product_cat":[320,589],"product_tag":[600,590,591,599],"class_list":{"0":"post-9812","1":"product","2":"type-product","3":"status-publish","4":"has-post-thumbnail","6":"product_cat-accessories","7":"product_cat-balance-boards","8":"product_tag-balanceboard","9":"product_tag-balance","10":"product_tag-balance-board","11":"product_tag-balancebrett","12":"product_shipping_class-paket","14":"first","15":"outofstock","16":"taxable","17":"shipping-taxable","18":"purchasable","19":"product-type-simple"},"composite_virtual":false,"composite_layout":"","composite_add_to_cart_form_location":"","composite_editable_in_cart":false,"composite_sold_individually_context":"","composite_shop_price_calc":"","composite_components":[],"composite_scenarios":[],"booking_location":null,"booking_location_type":null,"booking_duration":null,"booking_duration_unit":null,"booking_buffer":null,"booking_cost":null,"booking_resources":null,"jetpack_publicize_connections":[],"jetpack_sharing_enabled":true,"_links":{"self":[{"href":"https:\/\/www.studiolongboard.com\/fr\/wp-json\/wp\/v2\/product\/9812","targetHints":{"allow":["GET"]}}],"collection":[{"href":"https:\/\/www.studiolongboard.com\/fr\/wp-json\/wp\/v2\/product"}],"about":[{"href":"https:\/\/www.studiolongboard.com\/fr\/wp-json\/wp\/v2\/types\/product"}],"replies":[{"embeddable":true,"href":"https:\/\/www.studiolongboard.com\/fr\/wp-json\/wp\/v2\/comments?post=9812"}],"wp:featuredmedia":[{"embeddable":true,"href":"https:\/\/www.studiolongboard.com\/fr\/wp-json\/wp\/v2\/media\/9813"}],"wp:attachment":[{"href":"https:\/\/www.studiolongboard.com\/fr\/wp-json\/wp\/v2\/media?parent=9812"}],"wp:term":[{"taxonomy":"product_brand","embeddable":true,"href":"https:\/\/www.studiolongboard.com\/fr\/wp-json\/wp\/v2\/product_brand?post=9812"},{"taxonomy":"product_cat","embeddable":true,"href":"https:\/\/www.studiolongboard.com\/fr\/wp-json\/wp\/v2\/product_cat?post=9812"},{"taxonomy":"product_tag","embeddable":true,"href":"https:\/\/www.studiolongboard.com\/fr\/wp-json\/wp\/v2\/product_tag?post=9812"}],"curies":[{"name":"wp","href":"https:\/\/api.w.org\/{rel}","templated":true}]}}