{"id":9788,"date":"2020-04-04T13:24:51","date_gmt":"2020-04-04T11:24:51","guid":{"rendered":"https:\/\/www.studiolongboard.com\/?post_type=product&#038;p=9788"},"modified":"2025-07-08T11:24:49","modified_gmt":"2025-07-08T09:24:49","slug":"seismic-speed-vent-85mm-80a","status":"publish","type":"product","link":"https:\/\/www.studiolongboard.com\/fr\/shop\/longboards\/longboard-wheels\/seismic-speed-vent-85mm-80a\/","title":{"rendered":"SEISMIC Speed Vent 85mm 80a"},"content":{"rendered":"<h2>SEISMIC Speed Vent 85mm 80a<\/h2>\n<p>SEISMIC Speed Vent 85mm 80a ist eine der gr\u00f6\u00dften und schnellsten Longboard-Rollen auf dem Markt. Die relativ schmale Kontaktfl\u00e4che verglichen zum Durchmesser hat einen geringeren Rollwiderstand und hat selbst mit sehr rauem Untergrund keine Schwierigkeiten. Aufgrund des Druchmessers, kann es beim Sliden ein wenig &#8222;stottern&#8220;, sodass sie besser f\u00fcr lange Strecken oder gerade Stra\u00dfen geeignet ist.<\/p>\n<p>The Seismic Speed Vent in 85mm is one of the largest and fastest wheels on the market. With it&#8217;s large diameter, but narrower width it has very little rolling resistance and can charge over even the roughest pavements. Being so large, it might chatter a bit for sliding or DH runs, so its more suited for rolling long distances or straight roads.<\/p>\n<p>Diameter: 85 mm.<br \/>\nWidth: 52mm<br \/>\nContactpatch: 50mm<br \/>\nCore position: Offset<br \/>\nDurability: 80a<br \/>\nColor: DefCon Mint (Green)<\/p>\n<p>(Set of 4)<\/p>","protected":false},"excerpt":{"rendered":"<p>SEISMIC Speed Vent 85mm 80a SEISMIC Speed Vent 85mm 80a ist eine der gr\u00f6\u00dften und schnellsten Longboard-Rollen auf dem Markt. Die relativ schmale Kontaktfl\u00e4che verglichen zum Durchmesser hat einen geringeren Rollwiderstand und hat selbst mit sehr rauem Untergrund keine Schwierigkeiten. Aufgrund des Druchmessers, kann es beim Sliden ein wenig &#8222;stottern&#8220;, sodass sie besser f\u00fcr lange [&#8230;]\n","protected":false},"featured_media":9789,"comment_status":"open","ping_status":"closed","template":"","meta":{"jetpack_post_was_ever_published":false,"jetpack_publicize_message":"","jetpack_publicize_feature_enabled":true,"jetpack_social_post_already_shared":true,"jetpack_social_options":{"image_generator_settings":{"template":"highway","default_image_id":0,"font":"","enabled":false},"version":2}},"product_brand":[],"product_cat":[317],"product_tag":[4247,5223],"class_list":{"0":"post-9788","1":"product","2":"type-product","3":"status-publish","4":"has-post-thumbnail","6":"product_cat-longboard-wheels","7":"product_tag-long-distance","8":"product_tag-ldp","9":"product_shipping_class-paket-m","11":"first","12":"outofstock","13":"taxable","14":"shipping-taxable","15":"purchasable","16":"product-type-simple"},"composite_virtual":false,"composite_layout":"","composite_add_to_cart_form_location":"","composite_editable_in_cart":false,"composite_sold_individually_context":"","composite_shop_price_calc":"","composite_components":[],"composite_scenarios":[],"booking_location":null,"booking_location_type":null,"booking_duration":null,"booking_duration_unit":null,"booking_buffer":null,"booking_cost":null,"booking_resources":null,"jetpack_publicize_connections":[],"jetpack_sharing_enabled":true,"_links":{"self":[{"href":"https:\/\/www.studiolongboard.com\/fr\/wp-json\/wp\/v2\/product\/9788","targetHints":{"allow":["GET"]}}],"collection":[{"href":"https:\/\/www.studiolongboard.com\/fr\/wp-json\/wp\/v2\/product"}],"about":[{"href":"https:\/\/www.studiolongboard.com\/fr\/wp-json\/wp\/v2\/types\/product"}],"replies":[{"embeddable":true,"href":"https:\/\/www.studiolongboard.com\/fr\/wp-json\/wp\/v2\/comments?post=9788"}],"wp:featuredmedia":[{"embeddable":true,"href":"https:\/\/www.studiolongboard.com\/fr\/wp-json\/wp\/v2\/media\/9789"}],"wp:attachment":[{"href":"https:\/\/www.studiolongboard.com\/fr\/wp-json\/wp\/v2\/media?parent=9788"}],"wp:term":[{"taxonomy":"product_brand","embeddable":true,"href":"https:\/\/www.studiolongboard.com\/fr\/wp-json\/wp\/v2\/product_brand?post=9788"},{"taxonomy":"product_cat","embeddable":true,"href":"https:\/\/www.studiolongboard.com\/fr\/wp-json\/wp\/v2\/product_cat?post=9788"},{"taxonomy":"product_tag","embeddable":true,"href":"https:\/\/www.studiolongboard.com\/fr\/wp-json\/wp\/v2\/product_tag?post=9788"}],"curies":[{"name":"wp","href":"https:\/\/api.w.org\/{rel}","templated":true}]}}