{"id":9729,"date":"2020-03-28T13:22:07","date_gmt":"2020-03-28T12:22:07","guid":{"rendered":"https:\/\/www.studiolongboard.com\/?post_type=product&#038;p=9729"},"modified":"2024-01-17T11:20:14","modified_gmt":"2024-01-17T10:20:14","slug":"daffyboard-balance-board-set-skate-shape","status":"publish","type":"product","link":"https:\/\/www.studiolongboard.com\/fr\/shop\/accessories\/balance-boards\/daffyboard-balance-board-set-skate-shape\/","title":{"rendered":"DAFFYBOARD Balance Board Set Skate Shape"},"content":{"rendered":"<h2>DAFFYBOARD Balance Board Set Skate Shape<\/h2>\n<p>DAFFYBOARD Balance Board Set Skate Shape ist\u00a0in erster Linie f\u00fcr erfahrene und fortgeschrittene Balancer bzw. Skateboarder. Durch die starken Kicks an der Nose und Tail gibt Dir das Deck noch mehr Board Feeling. Perfekt um deine Skateboard-Tricks zu \u00fcben, denn durch die Shape-Form kommst Du beim Tricksen noch n\u00e4her an das Boardgef\u00fchl eines klassischen Skateboards ran.<\/p>\n<p>Mit dem DaffyBoard trainierst Du Gleichgewicht, Koordination und im Alltag selten beanspruchte Muskelgruppen. Das Board eignet sich sowohl als professionelles Training- und Fitnessger\u00e4t als auch f\u00fcr Freizeitaktivit\u00e4ten drinnen und drau\u00dfen.<\/p>\n<p>&#8211; F\u00fcr Fortgeschrittene &#8211;<br \/>\n&#8211; Boardgr\u00f6\u00dfe 830x230mm<br \/>\n&#8211; Freigegeben bis 110kg<\/p>\n<p>&#8211; Benutzung auf eigene Gefahr &#8211;<\/p>\n<p>&nbsp;<\/p>\n<p>Set beinhaltet Balance Board, Rolle und Bodenschutzmatte<\/p>","protected":false},"excerpt":{"rendered":"<p>DAFFYBOARD Balance Board Set Skate Shape DAFFYBOARD Balance Board Set Skate Shape ist\u00a0in erster Linie f\u00fcr erfahrene und fortgeschrittene Balancer bzw. Skateboarder. Durch die starken Kicks an der Nose und Tail gibt Dir das Deck noch mehr Board Feeling. Perfekt um deine Skateboard-Tricks zu \u00fcben, denn durch die Shape-Form kommst Du beim Tricksen noch n\u00e4her [&#8230;]\n","protected":false},"featured_media":9730,"comment_status":"open","ping_status":"closed","template":"","meta":{"jetpack_post_was_ever_published":false,"jetpack_publicize_message":"","jetpack_publicize_feature_enabled":true,"jetpack_social_post_already_shared":true,"jetpack_social_options":{"image_generator_settings":{"template":"highway","default_image_id":0,"font":"","enabled":false},"version":2}},"product_brand":[],"product_cat":[589,320],"product_tag":[590,591,599,600],"class_list":{"0":"post-9729","1":"product","2":"type-product","3":"status-publish","4":"has-post-thumbnail","6":"product_cat-balance-boards","7":"product_cat-accessories","8":"product_tag-balance","9":"product_tag-balance-board","10":"product_tag-balancebrett","11":"product_tag-balanceboard","12":"product_shipping_class-paket","14":"first","15":"outofstock","16":"taxable","17":"shipping-taxable","18":"purchasable","19":"product-type-simple"},"composite_virtual":false,"composite_layout":"","composite_add_to_cart_form_location":"","composite_editable_in_cart":false,"composite_sold_individually_context":"","composite_shop_price_calc":"","composite_components":[],"composite_scenarios":[],"booking_location":null,"booking_location_type":null,"booking_duration":null,"booking_duration_unit":null,"booking_buffer":null,"booking_cost":null,"booking_resources":null,"jetpack_publicize_connections":[],"jetpack_sharing_enabled":true,"_links":{"self":[{"href":"https:\/\/www.studiolongboard.com\/fr\/wp-json\/wp\/v2\/product\/9729","targetHints":{"allow":["GET"]}}],"collection":[{"href":"https:\/\/www.studiolongboard.com\/fr\/wp-json\/wp\/v2\/product"}],"about":[{"href":"https:\/\/www.studiolongboard.com\/fr\/wp-json\/wp\/v2\/types\/product"}],"replies":[{"embeddable":true,"href":"https:\/\/www.studiolongboard.com\/fr\/wp-json\/wp\/v2\/comments?post=9729"}],"wp:featuredmedia":[{"embeddable":true,"href":"https:\/\/www.studiolongboard.com\/fr\/wp-json\/wp\/v2\/media\/9730"}],"wp:attachment":[{"href":"https:\/\/www.studiolongboard.com\/fr\/wp-json\/wp\/v2\/media?parent=9729"}],"wp:term":[{"taxonomy":"product_brand","embeddable":true,"href":"https:\/\/www.studiolongboard.com\/fr\/wp-json\/wp\/v2\/product_brand?post=9729"},{"taxonomy":"product_cat","embeddable":true,"href":"https:\/\/www.studiolongboard.com\/fr\/wp-json\/wp\/v2\/product_cat?post=9729"},{"taxonomy":"product_tag","embeddable":true,"href":"https:\/\/www.studiolongboard.com\/fr\/wp-json\/wp\/v2\/product_tag?post=9729"}],"curies":[{"name":"wp","href":"https:\/\/api.w.org\/{rel}","templated":true}]}}