{"id":9559,"date":"2020-03-05T19:01:55","date_gmt":"2020-03-05T18:01:55","guid":{"rendered":"https:\/\/www.studiolongboard.com\/?post_type=product&#038;p=9559"},"modified":"2024-09-19T14:10:15","modified_gmt":"2024-09-19T12:10:15","slug":"core-longboards-aster","status":"publish","type":"product","link":"https:\/\/www.studiolongboard.com\/fr\/shop\/longboards\/longboard-decks\/dance-freestyle-decks\/core-longboards-aster\/","title":{"rendered":"Core Longboards Aster"},"content":{"rendered":"<h2>Core Longboards Aster<\/h2>\n<p>Core Longboards Aster ist ein tolles Deck f\u00fcr Beginner im Longboard-Dancing. Nicht nur von der \u00e4sthetischen Seite sch\u00f6n anzuschauen, es bietet auch jede Menge Fahrkomfort und Kontrolle unter den F\u00fc\u00dfen.<br \/>\nSeine symmetrische Form mit viel Platz und hohen Kicktails erm\u00f6glicht eine Vielzahl von Tricks. Das Deck ist leicht konkav und hat einen sanften Rocker.  Der vom Hersteller angegebene mittlere Flex f\u00fchlt sich sehr lebendig an, besonders in der Mitte des Boards.<\/p>\n<p>Mit einem erschwinglichen Preis geht dieses Longboard-Deck keine Kompromisse in Bezug auf Qualit\u00e4t und Stabilit\u00e4t ein. <\/p>\n<p>Abmessungen: 115 cm L\u00e4nge x 22 cm Breite<br \/>\nWheelbase: 75 cm &#8211; 79 cm<\/p>\n<p>Am besten f\u00fcr Longboard Dance und Freestyle geeignet<br \/>\nF\u00fcr Anf\u00e4nger und erfahrene Fahrer<\/p>\n<p>Made in Europe<\/p>","protected":false},"excerpt":{"rendered":"<p>Core Longboards Aster Core Longboards Aster ist ein tolles Deck f\u00fcr Beginner im Longboard-Dancing. Nicht nur von der \u00e4sthetischen Seite sch\u00f6n anzuschauen, es bietet auch jede Menge Fahrkomfort und Kontrolle unter den F\u00fc\u00dfen. Seine symmetrische Form mit viel Platz und hohen Kicktails erm\u00f6glicht eine Vielzahl von Tricks. Das Deck ist leicht konkav und hat einen [&#8230;]\n","protected":false},"featured_media":9560,"comment_status":"open","ping_status":"closed","template":"","meta":{"jetpack_post_was_ever_published":false,"jetpack_publicize_message":"","jetpack_publicize_feature_enabled":true,"jetpack_social_post_already_shared":true,"jetpack_social_options":{"image_generator_settings":{"template":"highway","default_image_id":0,"font":"","enabled":false},"version":2}},"product_brand":[],"product_cat":[8789,311,313],"product_tag":[373],"class_list":{"0":"post-9559","1":"product","2":"type-product","3":"status-publish","4":"has-post-thumbnail","6":"product_cat-dance-freestyle-decks","7":"product_cat-longboards","8":"product_cat-longboard-decks","9":"product_tag-dancer","10":"product_shipping_class-paket","12":"first","13":"outofstock","14":"taxable","15":"shipping-taxable","16":"purchasable","17":"product-type-simple"},"composite_virtual":false,"composite_layout":"","composite_add_to_cart_form_location":"","composite_editable_in_cart":false,"composite_sold_individually_context":"","composite_shop_price_calc":"","composite_components":[],"composite_scenarios":[],"booking_location":null,"booking_location_type":null,"booking_duration":null,"booking_duration_unit":null,"booking_buffer":null,"booking_cost":null,"booking_resources":null,"jetpack_publicize_connections":[],"jetpack_sharing_enabled":true,"_links":{"self":[{"href":"https:\/\/www.studiolongboard.com\/fr\/wp-json\/wp\/v2\/product\/9559","targetHints":{"allow":["GET"]}}],"collection":[{"href":"https:\/\/www.studiolongboard.com\/fr\/wp-json\/wp\/v2\/product"}],"about":[{"href":"https:\/\/www.studiolongboard.com\/fr\/wp-json\/wp\/v2\/types\/product"}],"replies":[{"embeddable":true,"href":"https:\/\/www.studiolongboard.com\/fr\/wp-json\/wp\/v2\/comments?post=9559"}],"wp:featuredmedia":[{"embeddable":true,"href":"https:\/\/www.studiolongboard.com\/fr\/wp-json\/wp\/v2\/media\/9560"}],"wp:attachment":[{"href":"https:\/\/www.studiolongboard.com\/fr\/wp-json\/wp\/v2\/media?parent=9559"}],"wp:term":[{"taxonomy":"product_brand","embeddable":true,"href":"https:\/\/www.studiolongboard.com\/fr\/wp-json\/wp\/v2\/product_brand?post=9559"},{"taxonomy":"product_cat","embeddable":true,"href":"https:\/\/www.studiolongboard.com\/fr\/wp-json\/wp\/v2\/product_cat?post=9559"},{"taxonomy":"product_tag","embeddable":true,"href":"https:\/\/www.studiolongboard.com\/fr\/wp-json\/wp\/v2\/product_tag?post=9559"}],"curies":[{"name":"wp","href":"https:\/\/api.w.org\/{rel}","templated":true}]}}