{"id":8140,"date":"2019-11-21T13:16:20","date_gmt":"2019-11-21T12:16:20","guid":{"rendered":"https:\/\/www.studiolongboard.com\/?post_type=product&#038;p=8140"},"modified":"2026-02-07T15:50:38","modified_gmt":"2026-02-07T14:50:38","slug":"pantheon-pranayama-brown","status":"publish","type":"product","link":"https:\/\/www.studiolongboard.com\/fr\/shop\/longboards\/longboard-decks\/ldp\/pantheon-pranayama-brown\/","title":{"rendered":"PANTHEON Pranayama Brown Patanjali"},"content":{"rendered":"<h2>PANTHEON Pranayama Brown Patanjali<\/h2>\n<p>PANTHEON Pranayama Brown Patanjali - Deck only<\/p>\n<p>La derni\u00e8re Pantheon Pranayama a \u00e9t\u00e9 refaite pour la long\u00e9vit\u00e9, le flex et la fiabilit\u00e9. La planche a maintenant un noyau en \u00e9rable canadien \u00e0 6 plis, entour\u00e9 d'un c\u00f4t\u00e9 de fibre de verre triaxiale. Le tout est recouvert d'un beau placage en noyer. <\/p>\n<p>Specs :<\/p>\n<p>Longueur : 31.375\u2033 \/ 79.7cm<br \/>\nLargeur : 9.25\u2033 \/ 23.5cm<br \/>\nBase de la roue : 26\u2033 \/ 66cm<br \/>\nConstruction : Fibre de verre \/ \u00e9rable<\/p>\n<p>Gripped : Oui<\/p>\n<p>Goutte : 1,3 pouce crescent<\/p>\n<p>Conseils d'installation<\/p>\n<p>Le Pranayama est vraiment optimis\u00e9 pour les camions Paris 149mm et ton choix de n'importe quelle couleur et durom\u00e8tre (douceur) de l'une ou l'autre des vents Seismic Speed 85mm OR le <a href=\"https:\/\/www.studiolongboard.com\/fr\/product-2\/orangatang-caguama-85mm-77a-blue\/\">85mm Orangatang Caguama<\/a> wheels. <a href=\"https:\/\/www.studiolongboard.com\/fr\/product-2\/paris-149mm-street\/\">Paris<\/a> sont notoirement des camions \u00e0 PMC \u00e9lev\u00e9, donc si vous voulez une configuration plus basse, vous pouvez essayer un classique <a href=\"https:\/\/www.studiolongboard.com\/fr\/product-2\/independent-149-stage-11-polished-standard\/\">Ind\u00e9pendant 149mm<\/a> aussi bien, mais vraiment, nous aimons tellement le tour sur Paris que si nous voulions qu'il soit plus bas, nous choisirions juste une roue l\u00e9g\u00e8rement plus petite comme la <a href=\"https:\/\/www.studiolongboard.com\/fr\/product-2\/orangatang-kegel-80mm-77a-blue\/\">C\u00f4ne Orangatang 80mm<\/a> ou le nouveau <a href=\"https:\/\/www.studiolongboard.com\/fr\/product-2\/seismic-alpha-wheels-80-5mm-mint-78a-defcon\/\">80.5mm Sismique Alpha<\/a>, ou mettre un petit drop through riser sur la planche. Nous avons le sentiment, cependant, que la plupart des gens appr\u00e9cieront la hauteur du stock et le feeling des configurations sugg\u00e9r\u00e9es. Il est peu probable que l'on puisse faire mieux, mais nous serons attentifs aux commentaires et \u00e0 nos propres exp\u00e9riences et modifierons cette section si n\u00e9cessaire.<\/p>\n<p>CON\u00c7U AUTOUR DE CAMIONS DE RUE TRADITIONNELS UNIQUEMENT ! Ne faites pas venir les PANTHEON GUYS apr\u00e8s vous pour avoir mis cela en place de mani\u00e8re erron\u00e9e !<\/p>","protected":false},"excerpt":{"rendered":"<p>Pont seulement<\/p>","protected":false},"featured_media":8141,"comment_status":"open","ping_status":"closed","template":"","meta":{"jetpack_post_was_ever_published":false,"jetpack_publicize_message":"","jetpack_publicize_feature_enabled":true,"jetpack_social_post_already_shared":true,"jetpack_social_options":{"image_generator_settings":{"template":"highway","default_image_id":0,"font":"","enabled":false},"version":2}},"product_brand":[9129],"product_cat":[8975,313],"product_tag":[5223,367],"class_list":{"0":"post-8140","1":"product","2":"type-product","3":"status-publish","4":"has-post-thumbnail","6":"product_brand-pantheon","7":"product_cat-ldp","8":"product_cat-longboard-decks","9":"product_tag-ldp","10":"product_tag-double-drop","11":"product_shipping_class-paket","13":"first","14":"instock","15":"taxable","16":"shipping-taxable","17":"purchasable","18":"product-type-simple"},"composite_virtual":false,"composite_layout":"","composite_add_to_cart_form_location":"","composite_editable_in_cart":false,"composite_sold_individually_context":"","composite_shop_price_calc":"","composite_components":[],"composite_scenarios":[],"booking_location":null,"booking_location_type":null,"booking_duration":null,"booking_duration_unit":null,"booking_buffer":null,"booking_cost":null,"booking_resources":null,"jetpack_publicize_connections":[],"jetpack_sharing_enabled":true,"_links":{"self":[{"href":"https:\/\/www.studiolongboard.com\/fr\/wp-json\/wp\/v2\/product\/8140","targetHints":{"allow":["GET"]}}],"collection":[{"href":"https:\/\/www.studiolongboard.com\/fr\/wp-json\/wp\/v2\/product"}],"about":[{"href":"https:\/\/www.studiolongboard.com\/fr\/wp-json\/wp\/v2\/types\/product"}],"replies":[{"embeddable":true,"href":"https:\/\/www.studiolongboard.com\/fr\/wp-json\/wp\/v2\/comments?post=8140"}],"wp:featuredmedia":[{"embeddable":true,"href":"https:\/\/www.studiolongboard.com\/fr\/wp-json\/wp\/v2\/media\/8141"}],"wp:attachment":[{"href":"https:\/\/www.studiolongboard.com\/fr\/wp-json\/wp\/v2\/media?parent=8140"}],"wp:term":[{"taxonomy":"product_brand","embeddable":true,"href":"https:\/\/www.studiolongboard.com\/fr\/wp-json\/wp\/v2\/product_brand?post=8140"},{"taxonomy":"product_cat","embeddable":true,"href":"https:\/\/www.studiolongboard.com\/fr\/wp-json\/wp\/v2\/product_cat?post=8140"},{"taxonomy":"product_tag","embeddable":true,"href":"https:\/\/www.studiolongboard.com\/fr\/wp-json\/wp\/v2\/product_tag?post=8140"}],"curies":[{"name":"wp","href":"https:\/\/api.w.org\/{rel}","templated":true}]}}