{"id":7907,"date":"2019-10-10T13:14:53","date_gmt":"2019-10-10T11:14:53","guid":{"rendered":"https:\/\/www.studiolongboard.com\/?post_type=product&#038;p=7907"},"modified":"2025-12-31T14:16:41","modified_gmt":"2025-12-31T13:16:41","slug":"loaded-omakase-palm-longboard-deck","status":"publish","type":"product","link":"https:\/\/www.studiolongboard.com\/fr\/shop\/longboards\/longboard-decks\/downhill-freeride-decks\/loaded-omakase-palm-longboard-deck\/","title":{"rendered":"Pont de longboard Loaded Omakase Palm"},"content":{"rendered":"<h2>Pont de longboard Loaded Omakase Palm<\/h2>\n<p>Das Omakase Deck wurde urspr\u00fcnglich f\u00fcr das Unlimited-E-Skate-System entwickelt und ist ein \u00e4u\u00dferst benutzerfreundliches analoges Board. Der Omakase ist kurz, breit, stabil und wendig. Er ist ein Gaumenschmaus f\u00fcr Cruisen, Pendeln, Freeride und Freestyle-Longboarding.<\/p>\n<p>Originally designed around the Unlimited e-skate system, the Omakase stands on its own as a highly user-friendly analog board. Short, wide, stable, and nimble, the Omakase is a palate-pleasing performer for cruising, commuting, freeride, and freestyle longboarding alike.<\/p>\n<p>L\u00e4nge: 33.5&#8243; \/ 85.1cm<br \/>\nBreite: 10&#8243; \/ 25.4cm<br \/>\nAchsabstand: 20.75&#8243; &#8211; 22&#8243; \/ 52.71 &#8211; 55.8cm<\/p>\n<p><span class=\"embed-youtube\" style=\"text-align:center; display: block;\"><iframe loading=\"lazy\" class=\"youtube-player\" width=\"1020\" height=\"574\" src=\"https:\/\/www.youtube.com\/embed\/M-JlFzZiJa0?version=3&#038;rel=1&#038;showsearch=0&#038;showinfo=1&#038;iv_load_policy=1&#038;fs=1&#038;hl=fr-FR&#038;autohide=2&#038;wmode=transparent\" allowfullscreen=\"true\" style=\"border:0;\" sandbox=\"allow-scripts allow-same-origin allow-popups allow-presentation allow-popups-to-escape-sandbox\"><\/iframe><\/span><\/p>","protected":false},"excerpt":{"rendered":"<p><img loading=\"lazy\" decoding=\"async\" class=\"aligncenter size-full wp-image-7334\" src=\"https:\/\/www.studiolongboard.com\/wp-content\/uploads\/2019\/07\/loaded-logo.png\" alt=\"\" width=\"225\" height=\"225\" srcset=\"https:\/\/www.studiolongboard.com\/wp-content\/uploads\/2019\/07\/loaded-logo.png 225w, https:\/\/www.studiolongboard.com\/wp-content\/uploads\/2019\/07\/loaded-logo-100x100.png 100w, https:\/\/www.studiolongboard.com\/wp-content\/uploads\/2019\/07\/loaded-logo-150x150.png 150w, https:\/\/www.studiolongboard.com\/wp-content\/uploads\/2019\/07\/loaded-logo-145x145.png 145w\" sizes=\"auto, (max-width: 225px) 100vw, 225px\" \/><\/p>","protected":false},"featured_media":7908,"comment_status":"open","ping_status":"closed","template":"","meta":{"jetpack_post_was_ever_published":false,"jetpack_publicize_message":"","jetpack_publicize_feature_enabled":true,"jetpack_social_post_already_shared":true,"jetpack_social_options":{"image_generator_settings":{"template":"highway","default_image_id":0,"font":"","enabled":false},"version":2}},"product_brand":[],"product_cat":[313,8797],"product_tag":[],"class_list":{"0":"post-7907","1":"product","2":"type-product","3":"status-publish","4":"has-post-thumbnail","6":"product_cat-longboard-decks","7":"product_cat-downhill-freeride-decks","8":"product_shipping_class-paket","10":"first","11":"instock","12":"taxable","13":"shipping-taxable","14":"purchasable","15":"product-type-simple"},"composite_virtual":false,"composite_layout":"","composite_add_to_cart_form_location":"","composite_editable_in_cart":false,"composite_sold_individually_context":"","composite_shop_price_calc":"","composite_components":[],"composite_scenarios":[],"booking_location":null,"booking_location_type":null,"booking_duration":null,"booking_duration_unit":null,"booking_buffer":null,"booking_cost":null,"booking_resources":null,"jetpack_publicize_connections":[],"jetpack_sharing_enabled":true,"_links":{"self":[{"href":"https:\/\/www.studiolongboard.com\/fr\/wp-json\/wp\/v2\/product\/7907","targetHints":{"allow":["GET"]}}],"collection":[{"href":"https:\/\/www.studiolongboard.com\/fr\/wp-json\/wp\/v2\/product"}],"about":[{"href":"https:\/\/www.studiolongboard.com\/fr\/wp-json\/wp\/v2\/types\/product"}],"replies":[{"embeddable":true,"href":"https:\/\/www.studiolongboard.com\/fr\/wp-json\/wp\/v2\/comments?post=7907"}],"wp:featuredmedia":[{"embeddable":true,"href":"https:\/\/www.studiolongboard.com\/fr\/wp-json\/wp\/v2\/media\/7908"}],"wp:attachment":[{"href":"https:\/\/www.studiolongboard.com\/fr\/wp-json\/wp\/v2\/media?parent=7907"}],"wp:term":[{"taxonomy":"product_brand","embeddable":true,"href":"https:\/\/www.studiolongboard.com\/fr\/wp-json\/wp\/v2\/product_brand?post=7907"},{"taxonomy":"product_cat","embeddable":true,"href":"https:\/\/www.studiolongboard.com\/fr\/wp-json\/wp\/v2\/product_cat?post=7907"},{"taxonomy":"product_tag","embeddable":true,"href":"https:\/\/www.studiolongboard.com\/fr\/wp-json\/wp\/v2\/product_tag?post=7907"}],"curies":[{"name":"wp","href":"https:\/\/api.w.org\/{rel}","templated":true}]}}