{"id":7156,"date":"2019-06-12T20:45:56","date_gmt":"2019-06-12T18:45:56","guid":{"rendered":"https:\/\/www.studiolongboard.com\/?post_type=product&#038;p=7156"},"modified":"2024-09-10T15:54:11","modified_gmt":"2024-09-10T13:54:11","slug":"studio-longboard-hoodie-zipper-black","status":"publish","type":"product","link":"https:\/\/www.studiolongboard.com\/fr\/shop\/streetwear\/hoodies\/studio-longboard-hoodie-zipper-black\/","title":{"rendered":"Studio Longboard Hoodie Zipper noir"},"content":{"rendered":"<h2>Studio Longboard Hoodie Zipper noir<\/h2>\n<p>Studio Longboard Hoodie Zipper black geh\u00f6rt zu der neuen Hoodie Serie 2019. Studio Longboard Aufdruck auf der Vorder- und R\u00fcckseite in wei\u00df.<\/p>\n<p>EP60Z \u2013 EARTHPOSITIVE\u00ae ORGANIC MENS\/UNISEX ZIP UP HOOD<\/p>\n<p>Materialzusammensetzung: 100% BIO-Baumwolle (GOTS), 280g\/m\u00b2<\/p>\n<p><img loading=\"lazy\" decoding=\"async\" class=\"size-medium wp-image-7195 alignnone\" src=\"https:\/\/www.studiolongboard.com\/wp-content\/uploads\/2019\/06\/Zertifikate_EP60Z-300x99.png\" alt=\"\" width=\"300\" height=\"99\" srcset=\"https:\/\/www.studiolongboard.com\/wp-content\/uploads\/2019\/06\/Zertifikate_EP60Z-300x99.png 300w, https:\/\/www.studiolongboard.com\/wp-content\/uploads\/2019\/06\/Zertifikate_EP60Z.png 455w\" sizes=\"auto, (max-width: 300px) 100vw, 300px\" \/><\/p>","protected":false},"excerpt":{"rendered":"<p>Studio Longboard Hoodie Zipper black Studio Longboard Hoodie Zipper black geh\u00f6rt zu der neuen Hoodie Serie 2019. Studio Longboard Aufdruck auf der Vorder- und R\u00fcckseite in wei\u00df. EP60Z \u2013 EARTHPOSITIVE\u00ae ORGANIC MENS\/UNISEX ZIP UP HOOD Materialzusammensetzung: 100% BIO-Baumwolle (GOTS), 280g\/m\u00b2<\/p>","protected":false},"featured_media":7161,"comment_status":"open","ping_status":"closed","template":"","meta":{"jetpack_post_was_ever_published":false,"jetpack_publicize_message":"","jetpack_publicize_feature_enabled":true,"jetpack_social_post_already_shared":true,"jetpack_social_options":{"image_generator_settings":{"template":"highway","default_image_id":0,"font":"","enabled":false},"version":2}},"product_brand":[],"product_cat":[8874,533],"product_tag":[2687,2688,2689,2716],"class_list":{"0":"post-7156","1":"product","2":"type-product","3":"status-publish","4":"has-post-thumbnail","6":"product_cat-hoodies","7":"product_cat-streetwear","8":"product_tag-kaputzenpullover","9":"product_tag-hoody","10":"product_tag-hoodie","11":"product_tag-zipper","12":"product_shipping_class-paket","14":"first","15":"instock","16":"taxable","17":"shipping-taxable","18":"purchasable","19":"product-type-variable"},"composite_virtual":false,"composite_layout":"","composite_add_to_cart_form_location":"","composite_editable_in_cart":false,"composite_sold_individually_context":"","composite_shop_price_calc":"","composite_components":[],"composite_scenarios":[],"booking_location":null,"booking_location_type":null,"booking_duration":null,"booking_duration_unit":null,"booking_buffer":null,"booking_cost":null,"booking_resources":null,"jetpack_publicize_connections":[],"jetpack_sharing_enabled":true,"_links":{"self":[{"href":"https:\/\/www.studiolongboard.com\/fr\/wp-json\/wp\/v2\/product\/7156","targetHints":{"allow":["GET"]}}],"collection":[{"href":"https:\/\/www.studiolongboard.com\/fr\/wp-json\/wp\/v2\/product"}],"about":[{"href":"https:\/\/www.studiolongboard.com\/fr\/wp-json\/wp\/v2\/types\/product"}],"replies":[{"embeddable":true,"href":"https:\/\/www.studiolongboard.com\/fr\/wp-json\/wp\/v2\/comments?post=7156"}],"wp:featuredmedia":[{"embeddable":true,"href":"https:\/\/www.studiolongboard.com\/fr\/wp-json\/wp\/v2\/media\/7161"}],"wp:attachment":[{"href":"https:\/\/www.studiolongboard.com\/fr\/wp-json\/wp\/v2\/media?parent=7156"}],"wp:term":[{"taxonomy":"product_brand","embeddable":true,"href":"https:\/\/www.studiolongboard.com\/fr\/wp-json\/wp\/v2\/product_brand?post=7156"},{"taxonomy":"product_cat","embeddable":true,"href":"https:\/\/www.studiolongboard.com\/fr\/wp-json\/wp\/v2\/product_cat?post=7156"},{"taxonomy":"product_tag","embeddable":true,"href":"https:\/\/www.studiolongboard.com\/fr\/wp-json\/wp\/v2\/product_tag?post=7156"}],"curies":[{"name":"wp","href":"https:\/\/api.w.org\/{rel}","templated":true}]}}