{"id":7036,"date":"2019-05-13T16:21:11","date_gmt":"2019-05-13T14:21:11","guid":{"rendered":"https:\/\/www.studiolongboard.com\/?post_type=product&#038;p=7036"},"modified":"2026-04-01T19:30:53","modified_gmt":"2026-04-01T17:30:53","slug":"orangatang-fat-free-wheels-65mm","status":"publish","type":"product","link":"https:\/\/www.studiolongboard.com\/fr\/shop\/longboards\/longboard-wheels\/orangatang-fat-free-wheels-65mm\/","title":{"rendered":"Orangatang Fat Free Wheels 65mm"},"content":{"rendered":"<h2>Orangatang Fat Free Wheels 65mm<\/h2>\n<p>Orangatang Fat Free Wheels 65mm geh\u00f6ren nicht nur zu den beliebtesten Freeride und Sliderollen. Aufgrund der geringen Abmessungen sind sie auch optimal f\u00fcr den Einsatz im Longboard-Dancing und Freestyle. Aber auch perfekt f\u00fcr kleinere Cruiser!<br \/>\nDie Wheels sind erh\u00e4ltlich in <a href=\"https:\/\/www.studiolongboard.com\/fr\/product-2\/orangatang-fat-free-wheels-65mm-77a-blue\/\">77a Blau<\/a>, 80a Orange, 83a Lila und 86a Gelb.<\/p>\n<p>Durchmesser: 65mm<br \/>\nBreite: 45mm<br \/>\nKontaktfl\u00e4che: 37mm<br \/>\nH\u00e4rte: 80a orange, 83a lila und 86a gelb<br \/>\nLagersitz: Offset<br \/>\nFormula: Happy Thane<br \/>\nKern: high-strength, high-stiffness, heat-resistant urethane<\/p>\n<p>&nbsp;<\/p>","protected":false},"excerpt":{"rendered":"<p>set of 4<\/p>","protected":false},"featured_media":7037,"comment_status":"open","ping_status":"closed","template":"","meta":{"jetpack_post_was_ever_published":false,"jetpack_publicize_message":"","jetpack_publicize_feature_enabled":true,"jetpack_social_post_already_shared":true,"jetpack_social_options":{"image_generator_settings":{"template":"highway","default_image_id":0,"font":"","enabled":false},"version":2}},"product_brand":[9348],"product_cat":[317],"product_tag":[769,1721,1722,328,2966,344,6546],"class_list":{"0":"post-7036","1":"product","2":"type-product","3":"status-publish","4":"has-post-thumbnail","6":"product_brand-orangatnag","7":"product_cat-longboard-wheels","8":"product_tag-slide-wheels","9":"product_tag-wheels","10":"product_tag-rollen","11":"product_tag-freeride","12":"product_tag-freestyle","13":"product_tag-dancen","14":"product_tag-freestyle-wheels","15":"product_shipping_class-paket","17":"first","18":"instock","19":"taxable","20":"shipping-taxable","21":"purchasable","22":"product-type-variable"},"composite_virtual":false,"composite_layout":"","composite_add_to_cart_form_location":"","composite_editable_in_cart":false,"composite_sold_individually_context":"","composite_shop_price_calc":"","composite_components":[],"composite_scenarios":[],"booking_location":null,"booking_location_type":null,"booking_duration":null,"booking_duration_unit":null,"booking_buffer":null,"booking_cost":null,"booking_resources":null,"jetpack_publicize_connections":[],"jetpack_sharing_enabled":true,"_links":{"self":[{"href":"https:\/\/www.studiolongboard.com\/fr\/wp-json\/wp\/v2\/product\/7036","targetHints":{"allow":["GET"]}}],"collection":[{"href":"https:\/\/www.studiolongboard.com\/fr\/wp-json\/wp\/v2\/product"}],"about":[{"href":"https:\/\/www.studiolongboard.com\/fr\/wp-json\/wp\/v2\/types\/product"}],"replies":[{"embeddable":true,"href":"https:\/\/www.studiolongboard.com\/fr\/wp-json\/wp\/v2\/comments?post=7036"}],"wp:featuredmedia":[{"embeddable":true,"href":"https:\/\/www.studiolongboard.com\/fr\/wp-json\/wp\/v2\/media\/7037"}],"wp:attachment":[{"href":"https:\/\/www.studiolongboard.com\/fr\/wp-json\/wp\/v2\/media?parent=7036"}],"wp:term":[{"taxonomy":"product_brand","embeddable":true,"href":"https:\/\/www.studiolongboard.com\/fr\/wp-json\/wp\/v2\/product_brand?post=7036"},{"taxonomy":"product_cat","embeddable":true,"href":"https:\/\/www.studiolongboard.com\/fr\/wp-json\/wp\/v2\/product_cat?post=7036"},{"taxonomy":"product_tag","embeddable":true,"href":"https:\/\/www.studiolongboard.com\/fr\/wp-json\/wp\/v2\/product_tag?post=7036"}],"curies":[{"name":"wp","href":"https:\/\/api.w.org\/{rel}","templated":true}]}}