{"id":7031,"date":"2019-05-13T16:14:46","date_gmt":"2019-05-13T14:14:46","guid":{"rendered":"https:\/\/www.studiolongboard.com\/?post_type=product&#038;p=7031"},"modified":"2025-12-31T14:11:54","modified_gmt":"2025-12-31T13:11:54","slug":"orangatang-fat-free-wheels-65mm-77a-blue","status":"publish","type":"product","link":"https:\/\/www.studiolongboard.com\/fr\/shop\/longboards\/longboard-wheels\/orangatang-fat-free-wheels-65mm-77a-blue\/","title":{"rendered":"Orangatang Fat Free Wheels 65mm 77a Blue"},"content":{"rendered":"<h2>Orangatang Fat Free Wheels 65mm 77a Blue<\/h2>\n<p>Orangatang Fat Free Wheels 65mm 77a Blue geh\u00f6ren nicht nur zu den beliebtesten Freeride und Sliderollen. Aufgrund der geringen Abmessungen sind sie auch optimal f\u00fcr den Einsatz im Longboard-Dancing und Freestyle. Aber auch perfekt f\u00fcr kleinere Cruiser!<br \/>\nDie Wheels sind erh\u00e4ltlich in 77a Blau, 80a Orange, 83a Lila und 86a Gelb.<\/p>\n<p>Durchmesser: 65mm<br \/>\nBreite: 45mm<br \/>\nKontaktfl\u00e4che: 37mm<br \/>\nH\u00e4rte: 77a<br \/>\nLagersitz: Offset<br \/>\nFormula: Happy Thane<br \/>\nKern: high-strength, high-stiffness, heat-resistant urethane<\/p>\n<p>&nbsp;<\/p>\n<p><span class=\"embed-youtube\" style=\"text-align:center; display: block;\"><iframe loading=\"lazy\" class=\"youtube-player\" width=\"1020\" height=\"574\" src=\"https:\/\/www.youtube.com\/embed\/tp4oMZhGia8?version=3&#038;rel=1&#038;showsearch=0&#038;showinfo=1&#038;iv_load_policy=1&#038;fs=1&#038;hl=fr-FR&#038;autohide=2&#038;wmode=transparent\" allowfullscreen=\"true\" style=\"border:0;\" sandbox=\"allow-scripts allow-same-origin allow-popups allow-presentation allow-popups-to-escape-sandbox\"><\/iframe><\/span><\/p>","protected":false},"excerpt":{"rendered":"<p>Orangatang Fat Free Wheels 65mm 77a Blue Orangatang Fat Free Wheels 65mm 77a Blue geh\u00f6ren nicht nur zu den beliebtesten Freeride und Sliderollen. Aufgrund der geringen Abmessungen sind sie auch optimal f\u00fcr den Einsatz im Longboard-Dancing und Freestyle. Aber auch perfekt f\u00fcr kleinere Cruiser! Die Wheels sind erh\u00e4ltlich in 77a Blau, 80a Orange, 83a Lila [&#8230;]\n","protected":false},"featured_media":7032,"comment_status":"open","ping_status":"closed","template":"","meta":{"jetpack_post_was_ever_published":false,"jetpack_publicize_message":"","jetpack_publicize_feature_enabled":true,"jetpack_social_post_already_shared":true,"jetpack_social_options":{"image_generator_settings":{"template":"highway","default_image_id":0,"font":"","enabled":false},"version":2}},"product_brand":[9348],"product_cat":[317],"product_tag":[],"class_list":{"0":"post-7031","1":"product","2":"type-product","3":"status-publish","4":"has-post-thumbnail","6":"product_brand-orangatnag","7":"product_cat-longboard-wheels","8":"product_shipping_class-paket-m","10":"first","11":"instock","12":"taxable","13":"shipping-taxable","14":"purchasable","15":"product-type-simple"},"composite_virtual":false,"composite_layout":"","composite_add_to_cart_form_location":"","composite_editable_in_cart":false,"composite_sold_individually_context":"","composite_shop_price_calc":"","composite_components":[],"composite_scenarios":[],"booking_location":null,"booking_location_type":null,"booking_duration":null,"booking_duration_unit":null,"booking_buffer":null,"booking_cost":null,"booking_resources":null,"jetpack_publicize_connections":[],"jetpack_sharing_enabled":true,"_links":{"self":[{"href":"https:\/\/www.studiolongboard.com\/fr\/wp-json\/wp\/v2\/product\/7031","targetHints":{"allow":["GET"]}}],"collection":[{"href":"https:\/\/www.studiolongboard.com\/fr\/wp-json\/wp\/v2\/product"}],"about":[{"href":"https:\/\/www.studiolongboard.com\/fr\/wp-json\/wp\/v2\/types\/product"}],"replies":[{"embeddable":true,"href":"https:\/\/www.studiolongboard.com\/fr\/wp-json\/wp\/v2\/comments?post=7031"}],"wp:featuredmedia":[{"embeddable":true,"href":"https:\/\/www.studiolongboard.com\/fr\/wp-json\/wp\/v2\/media\/7032"}],"wp:attachment":[{"href":"https:\/\/www.studiolongboard.com\/fr\/wp-json\/wp\/v2\/media?parent=7031"}],"wp:term":[{"taxonomy":"product_brand","embeddable":true,"href":"https:\/\/www.studiolongboard.com\/fr\/wp-json\/wp\/v2\/product_brand?post=7031"},{"taxonomy":"product_cat","embeddable":true,"href":"https:\/\/www.studiolongboard.com\/fr\/wp-json\/wp\/v2\/product_cat?post=7031"},{"taxonomy":"product_tag","embeddable":true,"href":"https:\/\/www.studiolongboard.com\/fr\/wp-json\/wp\/v2\/product_tag?post=7031"}],"curies":[{"name":"wp","href":"https:\/\/api.w.org\/{rel}","templated":true}]}}