{"id":7004,"date":"2019-05-13T14:55:02","date_gmt":"2019-05-13T12:55:02","guid":{"rendered":"https:\/\/www.studiolongboard.com\/?post_type=product&#038;p=7004"},"modified":"2025-12-31T14:14:52","modified_gmt":"2025-12-31T13:14:52","slug":"alternative-longboards-ostrich-sidewall-junkyard","status":"publish","type":"product","link":"https:\/\/www.studiolongboard.com\/fr\/shop\/longboards\/longboard-decks\/dance-freestyle-decks\/alternative-longboards-ostrich-sidewall-junkyard\/","title":{"rendered":"ALTERNATIVE LONGBOARDS - T\u00eate d'autruche \u201eMen With Panda\u201c (Hommes avec panda)\u201c"},"content":{"rendered":"<h2>Alternative Longboards Ostrich<\/h2>\n<p>Genie\u00dfe mit dem Ostrich den uneingeschr\u00e4nkten Spa\u00df auf einem au\u00dfergew\u00f6hnlichen Longboard-Deck zu fahren. Wenn Du nach einem vielseitigen Longboard suchst, das Dir den n\u00f6tigen Platz bietet, um eine Vielzahl von Tricks, Tanzbewegungen und Grabs auszuf\u00fchren, ist das Ostrich m\u00f6glicherweise die richtige Wahl f\u00fcr Dich<\/p>\n<div class=\"desc\">\n<p><strong>Deck only. Ohne Griptape.<\/strong><\/p>\n<p>Das Ostrich ist die kleine Schwester des Karoo&#8217;s. Bestens geeignet f\u00fcr moderne Dance und Freestyle Moves.<br \/>\nSteile Kicks, eine optimale Standfl\u00e4che und eine Sidewall um das Board vor Einschl\u00e4gen zu sch\u00fctzen.<\/p>\n<ul>\n<li>Sidewall Protection Yes<\/li>\n<li>Length 115 cm\u00a0\/ 45.28&#8243;<\/li>\n<li>Width 22 cm\u00a0\/ 8.66&#8243;<\/li>\n<li>Wheelbase 75\u00a0&#8211; 79 cm\u00a0\/ 29.52\u00a0&#8211; 31.1&#8243;<\/li>\n<li>Concave 8.28 mm\u00a0\/ 0.32&#8243;<\/li>\n<li>Rocker 5 mm\u00a0\/ 0.19&#8243;<\/li>\n<li>Kicktail 23.4 mm\u00a0\/ 0.92&#8243;<\/li>\n<li>Flex Medium, Soft<\/li>\n<li>Purpose Dancing, Freestyle<\/li>\n<\/ul>\n<p>CONSTRUCTION<br \/>\nAs the smaller sibling of the Karoo, the Ostrich offers a bang for your buck with a supple and light wood core<br \/>\nsurrounded by hardwood laminates, fiberglass and a layer of carbon fiber that create an ample vibration dampening<br \/>\nand the right strength to flex ratio to fit all your longboarding needs.<br \/>\nWith a fat bottom base that extends outwards through the whole length of the board and slightly narrows at the front and side edges,<br \/>\nthe Ostrich offers big wheel wells so you can pair it with your favorite longboard trucks and wheels.<br \/>\nFor longer lasting fun, its sandwich construction is additionally reinforced with protective ABS sidewalls that enclose<br \/>\nthe wheel wells and kicktails, as well as an added layer of ABS on the nose and tail for improved durability.<br \/>\nWith a top-mount truck mounting, the Ostrich offers a stable, yet comfortable ride while giving you a more direct board response.<\/p>\n<p>SHAPE &amp; PROFILE<br \/>\nThe symmetrical shape of the Ostrich offers a total length of 115 cm (45.28 inches) and a width of 22 cm (8.66 inches)<br \/>\nwith variable wheelbase options ranging from 75 cm to 79 cm (29.52 inches \u2013 31.1 inches) for a customised ride<br \/>\nbased on your personal preferences. Its spacious platform, that rides equally well in both ways,<br \/>\nmakes it perfect for tricks and spins where you land in switch. To support your freestyle endeavors,<br \/>\nthe design of the Ostrich also features a comfortable rocker concave with higher kicktails compared to its predecessors for<br \/>\nsecure foot placement and massive pop. This longboard deck is available in two flex options.<\/p>\n<p>\u201cJUNKYARD\u201d GRAPHIC ART SERIES BY TOMASZ LESNIAK<br \/>\nSet in nature\u2019s wilderness in a post-apocalyptic time, a family made a small junkyard their home.<br \/>\nDespite the odds, each family member strives for the future in their individual way.<br \/>\nThey will not surrender to their daily struggles, yet they will do what it takes to carry on.<br \/>\nWith the passing of knowledge from elders to juniors our community strives. Straight, simple and with the perfect measure,<br \/>\nthe Ostrich lets you own your style and experience an everlasting spark of curiosity of what has yet to be achieved.<\/p>\n<p>RIDING STYLE<br \/>\nThe Alternative Ostrich Longboard Deck was designed to accommodate the needs of longboard dancing and freestyle riders.<br \/>\nWith a symmetrical shape and a stable platform, it also provides the optimal features to boost your skills and make learning<br \/>\nnew tricks or dancing moves easier and more enjoyable.<\/p>\n<p>DECK FEATURES<\/p>\n<ul>\n<li>Symmetrical shape with top-mount truck mounting<\/li>\n<li>Wide platform for a comfortable ride no matter your shoe size<\/li>\n<li>New lightweight core construction<\/li>\n<li>Robust sandwich construction featuring a light wood core surrounded by hardwood laminates<\/li>\n<li>Big wheel wells for higher wheel clearance<\/li>\n<li>ABS impact protection sidewalls on the board\u2019s ends and wheel wells with an added layer on the nose and tail<\/li>\n<li>High kicktail design for better pop<\/li>\n<li>A mellow concave for good board feel Rocker for easier edge-to-edge transitions<\/li>\n<li>Soft or Medium flex pattern for improved energy return during carving<\/li>\n<li>Best used for Longboard Dancing and Freestyle<\/li>\n<li>Designed for all skill levels<\/li>\n<li>Handmade in Poland, Europe Graphic art by Tomasz Lesniak<\/li>\n<\/ul>\n<\/div>","protected":false},"excerpt":{"rendered":"<p>Alternative Longboards Ostrich Genie\u00dfe mit dem Ostrich den uneingeschr\u00e4nkten Spa\u00df auf einem au\u00dfergew\u00f6hnlichen Longboard-Deck zu fahren. Wenn Du nach einem vielseitigen Longboard suchst, das Dir den n\u00f6tigen Platz bietet, um eine Vielzahl von Tricks, Tanzbewegungen und Grabs auszuf\u00fchren, ist das Ostrich m\u00f6glicherweise die richtige Wahl f\u00fcr Dich Deck only. Ohne Griptape. Das Ostrich ist die [&#8230;]\n","protected":false},"featured_media":16593,"comment_status":"open","ping_status":"closed","template":"","meta":{"jetpack_post_was_ever_published":false,"jetpack_publicize_message":"","jetpack_publicize_feature_enabled":true,"jetpack_social_post_already_shared":true,"jetpack_social_options":{"image_generator_settings":{"template":"highway","default_image_id":0,"font":"","enabled":false},"version":2}},"product_brand":[],"product_cat":[8789,313],"product_tag":[373],"class_list":{"0":"post-7004","1":"product","2":"type-product","3":"status-publish","4":"has-post-thumbnail","6":"product_cat-dance-freestyle-decks","7":"product_cat-longboard-decks","8":"product_tag-dancer","9":"product_shipping_class-paket","11":"first","12":"instock","13":"sale","14":"taxable","15":"shipping-taxable","16":"purchasable","17":"product-type-variable"},"composite_virtual":false,"composite_layout":"","composite_add_to_cart_form_location":"","composite_editable_in_cart":false,"composite_sold_individually_context":"","composite_shop_price_calc":"","composite_components":[],"composite_scenarios":[],"booking_location":null,"booking_location_type":null,"booking_duration":null,"booking_duration_unit":null,"booking_buffer":null,"booking_cost":null,"booking_resources":null,"jetpack_publicize_connections":[],"jetpack_sharing_enabled":true,"_links":{"self":[{"href":"https:\/\/www.studiolongboard.com\/fr\/wp-json\/wp\/v2\/product\/7004","targetHints":{"allow":["GET"]}}],"collection":[{"href":"https:\/\/www.studiolongboard.com\/fr\/wp-json\/wp\/v2\/product"}],"about":[{"href":"https:\/\/www.studiolongboard.com\/fr\/wp-json\/wp\/v2\/types\/product"}],"replies":[{"embeddable":true,"href":"https:\/\/www.studiolongboard.com\/fr\/wp-json\/wp\/v2\/comments?post=7004"}],"wp:featuredmedia":[{"embeddable":true,"href":"https:\/\/www.studiolongboard.com\/fr\/wp-json\/wp\/v2\/media\/16593"}],"wp:attachment":[{"href":"https:\/\/www.studiolongboard.com\/fr\/wp-json\/wp\/v2\/media?parent=7004"}],"wp:term":[{"taxonomy":"product_brand","embeddable":true,"href":"https:\/\/www.studiolongboard.com\/fr\/wp-json\/wp\/v2\/product_brand?post=7004"},{"taxonomy":"product_cat","embeddable":true,"href":"https:\/\/www.studiolongboard.com\/fr\/wp-json\/wp\/v2\/product_cat?post=7004"},{"taxonomy":"product_tag","embeddable":true,"href":"https:\/\/www.studiolongboard.com\/fr\/wp-json\/wp\/v2\/product_tag?post=7004"}],"curies":[{"name":"wp","href":"https:\/\/api.w.org\/{rel}","templated":true}]}}