{"id":68300,"date":"2026-03-18T18:58:13","date_gmt":"2026-03-18T17:58:13","guid":{"rendered":"https:\/\/www.studiolongboard.com\/?post_type=product&#038;p=68300"},"modified":"2026-04-30T21:36:10","modified_gmt":"2026-04-30T19:36:10","slug":"valkyrie-cast-150mm-longboard-truck","status":"publish","type":"product","link":"https:\/\/www.studiolongboard.com\/fr\/shop\/longboards\/longboard-trucks\/valkyrie-cast-150mm-longboard-truck\/","title":{"rendered":"Valkyrie Cast 150mm Longboard Truck"},"content":{"rendered":"<p>Valkyrie Cast 150mm Longboard Truck<\/p>\n<p>Valkyrie Cast 150mm Longboard Truck \u2013 Pr\u00e4zision trifft Performance. Neu definiert.<br \/>\nErlebe die n\u00e4chste Generation von Longboard-Trucks: Das Valkyrie Cast 150mm ist das neueste Mitglied der legend\u00e4ren Valkyrie-Familie \u2013 entwickelt f\u00fcr Downhill, Freeride und All-Mountain-Riding mit maximaler Kontrolle und unvergleichlichem Fahrgef\u00fchl.<\/p>\n<p>Als hochwertige Cast-Variante der preisgekr\u00f6nten Valkyrie Precision Trucks bietet dieses Modell dieselbe durchdachte Geometrie und Zuverl\u00e4ssigkeit \u2013 jetzt zu einem attraktiveren Preis f\u00fcr Einsteiger und Fortgeschrittene, die auf Markenqualit\u00e4t setzen wollen.<\/p>\n<p>Technische Highlights auf einen Blick:<\/p>\n<p>Hanger: 150mm (5.91&#8243;)<br \/>\nWinkel: 50\u00b0 \u2013 ideal f\u00fcr agiles Lenken &amp; Stabilit\u00e4t<br \/>\nBushings: 92a Durometer<br \/>\nEinsatzgebiet Downhill, Freeride, All-Mountain, Carving<\/p>\n<p>Bew\u00e4hrte Valkyrie-Geometrie: Profitiere von der gleichen durchdachten Konstruktion wie bei den Precision-Modellen \u2013 f\u00fcr pr\u00e4zises Lenkverhalten und hohe Stabilit\u00e4t auch bei hohen Geschwindigkeiten.<br \/>\nCast-Qualit\u00e4t zum fairen Preis: Hochwertiger Gussprozess sorgt f\u00fcr Langlebigkeit und Konsistenz \u2013 ohne den Premium-Preis von Precision-Trucks.<br \/>\nPerfekte 50\u00b0-Geometrie: Der 50\u00b0-Baseplate-Winkel bietet die ideale Balance zwischen agilem Lenkverhalten und geradeaus-Stabilit\u00e4t \u2013 perfekt f\u00fcr All-Mountain-Setup.<br \/>\nStandard-Bushings kompatibel: Verwendet g\u00e4ngige 0.6&#8243; Bushings (1&#8243; Durchmesser) \u2013 einfaches Tuning und Ersatz ohne Sonderanfertigungen.<\/p>\n<p>Seit Jahren steht Valkyrie Truck Co. f\u00fcr Innovation, Qualit\u00e4t und Fahrspa\u00df im Longboard-Sport. Mit dem Cast 150mm bringt Valkyrie diese Werte jetzt in eine zug\u00e4nglichere Preisklasse \u2013 ohne Kompromisse bei Performance und Haltbarkeit.<\/p>\n<p>Marke: Valkyrie Truck Co.<br \/>\nModell: Cast 150mm<\/p>\n<p>\ud83d\udc49 Jetzt bestellen und dein Longboard auf das n\u00e4chste Level bringen \u2013 mit den Valkyrie Cast 150mm Trucks. Pr\u00e4zision. Performance. Vertrauen.<\/p>\n<p><em>We took more than a decade of precision truck design experience and poured it into a widely accessible platform. After close to 2 years in development, this cast truck stands in a class of its own in terms of quality and performance. The design starts with Valkyrie&#8217;s tried-and-true, patented offset bushing seats that provide improved hanger stability and a supported feel throughout the full lean of the trucks.<\/em><\/p>\n<p>A truly versatile truck needs to instill confidence on the hill as well as be fun to push around. We dialed in our bushing seats, bushing design (see roadside plug bushing) and rake to create a surfy truck with a flowy center for all you pushers and carvers out there. CNC machined pivots, faced hangers, and exceptional casting quality create the foundation of a truck that&#8217;s fun and predictable to get sideways.<\/p>","protected":false},"excerpt":{"rendered":"<p>Valkyrie Cast 150mm Longboard Truck Valkyrie Cast 150mm Longboard Truck \u2013 Pr\u00e4zision trifft Performance. Neu definiert. Erlebe die n\u00e4chste Generation von Longboard-Trucks: Das Valkyrie Cast 150mm ist das neueste Mitglied der legend\u00e4ren Valkyrie-Familie \u2013 entwickelt f\u00fcr Downhill, Freeride und All-Mountain-Riding mit maximaler Kontrolle und unvergleichlichem Fahrgef\u00fchl. Als hochwertige Cast-Variante der preisgekr\u00f6nten Valkyrie Precision Trucks bietet [&#8230;]\n","protected":false},"featured_media":68301,"comment_status":"closed","ping_status":"closed","template":"","meta":{"jetpack_post_was_ever_published":false,"jetpack_publicize_message":"","jetpack_publicize_feature_enabled":true,"jetpack_social_post_already_shared":true,"jetpack_social_options":{"image_generator_settings":{"template":"highway","default_image_id":0,"font":"","enabled":false},"version":2}},"product_brand":[9147,9129],"product_cat":[318],"product_tag":[],"class_list":{"0":"post-68300","1":"product","2":"type-product","3":"status-publish","4":"has-post-thumbnail","6":"product_brand-valkyrie","7":"product_brand-pantheon","8":"product_cat-longboard-trucks","9":"product_shipping_class-paket-m","11":"first","12":"instock","13":"featured","14":"taxable","15":"shipping-taxable","16":"purchasable","17":"product-type-simple"},"composite_virtual":false,"composite_layout":"","composite_add_to_cart_form_location":"","composite_editable_in_cart":false,"composite_sold_individually_context":"","composite_shop_price_calc":"","composite_components":[],"composite_scenarios":[],"booking_location":null,"booking_location_type":null,"booking_duration":null,"booking_duration_unit":null,"booking_buffer":null,"booking_cost":null,"booking_resources":null,"jetpack_publicize_connections":[],"jetpack_sharing_enabled":true,"_links":{"self":[{"href":"https:\/\/www.studiolongboard.com\/fr\/wp-json\/wp\/v2\/product\/68300","targetHints":{"allow":["GET"]}}],"collection":[{"href":"https:\/\/www.studiolongboard.com\/fr\/wp-json\/wp\/v2\/product"}],"about":[{"href":"https:\/\/www.studiolongboard.com\/fr\/wp-json\/wp\/v2\/types\/product"}],"replies":[{"embeddable":true,"href":"https:\/\/www.studiolongboard.com\/fr\/wp-json\/wp\/v2\/comments?post=68300"}],"wp:featuredmedia":[{"embeddable":true,"href":"https:\/\/www.studiolongboard.com\/fr\/wp-json\/wp\/v2\/media\/68301"}],"wp:attachment":[{"href":"https:\/\/www.studiolongboard.com\/fr\/wp-json\/wp\/v2\/media?parent=68300"}],"wp:term":[{"taxonomy":"product_brand","embeddable":true,"href":"https:\/\/www.studiolongboard.com\/fr\/wp-json\/wp\/v2\/product_brand?post=68300"},{"taxonomy":"product_cat","embeddable":true,"href":"https:\/\/www.studiolongboard.com\/fr\/wp-json\/wp\/v2\/product_cat?post=68300"},{"taxonomy":"product_tag","embeddable":true,"href":"https:\/\/www.studiolongboard.com\/fr\/wp-json\/wp\/v2\/product_tag?post=68300"}],"curies":[{"name":"wp","href":"https:\/\/api.w.org\/{rel}","templated":true}]}}