{"id":68178,"date":"2026-03-03T18:49:37","date_gmt":"2026-03-03T17:49:37","guid":{"rendered":"https:\/\/www.studiolongboard.com\/?post_type=product&#038;p=68178"},"modified":"2026-03-04T19:07:16","modified_gmt":"2026-03-04T18:07:16","slug":"yow-pyzel-red-tiger-32-6-complete-surfskate","status":"publish","type":"product","link":"https:\/\/www.studiolongboard.com\/fr\/shop\/surfskates\/surfskate-completes\/yow-pyzel-red-tiger-32-6-complete-surfskate\/","title":{"rendered":"YOW PYZEL RED TIGER 32.6\u201c Complete Surfskate"},"content":{"rendered":"<h2>YOW PYZEL RED TIGER 32.6\u201c Complete Surfskate<\/h2>\n<p><strong>PYZEL RED TIGER 32.6\u201c Complete Surfskate \u2013 Das High-Performance-Board f\u00fcr ultimativen Asphalt-Surf-Spa\u00df<\/strong><br \/>\nPerfekt f\u00fcr: Surfer, die auch an flachen Tagen ihr Pumping-Feeling trainieren wollen \u2013 und Cruiser, die schnelle, tiefes Carving und maximale Agilit\u00e4t lieben.<\/p>\n<p>Das PYZEL RED TIGER 32.6\u201c Surfskate ist die offizielle Stra\u00dfenversion des legend\u00e4ren High-Performance-Shortboards von Pyzel, das von Surf-Weltmeister John John Florence mitentwickelt wurde. Inspiriert vom ikonischen Red Tiger f\u00fcr kleine bis mittlere Wellen (2\u20134 ft), bringt dieses Complete-Board das pure \u201eFast &#038; Fun\u201c-Feeling direkt auf den Asphalt. Mit seinem 32.6\u201c x 10.2\u201c Deck und 19\u201c Wheelbase kombiniert es Stabilit\u00e4t mit explosiver Wendigkeit \u2013 ideal, um enge Turns, Pump-Sessions und fl\u00fcssige Flow-Runs zu meistern.<\/p>\n<p>Das Herzst\u00fcck des RED TIGER ist das YOW Meraki S5 System \u2013 ein Meisterwerk an Drehdynamik und Reaktionsfreude. Die verst\u00e4rkten YOW 9.0\u201c Standard Trucks arbeiten mit einer 5mm S5-Feder, die pr\u00e4zises, tiefes Carving und schnelles Pumpen erm\u00f6glicht. Ob in der Kurve oder beim Beschleunigen: Das System liefert ein surfgetreues Fahrgef\u00fchl, bei dem jeder K\u00f6rperimpuls direkt in Bewegung umgesetzt wird.<\/p>\n<p>Feature\tSpezifikation<br \/>\nDeckgr\u00f6\u00dfe: 32.6\u201c x 10.2\u201c (82,8 cm x 25,9 cm)<br \/>\nWheelbase: 19\u201c (48,3 cm)<br \/>\nConcave: Medium<br \/>\nRocker: Tail Rocker<br \/>\nVorderachse: YOW Meraki S5 System<br \/>\nTrucks: YOW 9.0\u201c Standard\/Silver<br \/>\nRollen:\tYOW URA 66x51mm MAYO 78A<br \/>\nGewicht (ca.)\t3,8 kg<\/p>","protected":false},"excerpt":{"rendered":"<p>YOW PYZEL RED TIGER 32.6\u201c Complete Surfskate PYZEL RED TIGER 32.6\u201c Complete Surfskate \u2013 Das High-Performance-Board f\u00fcr ultimativen Asphalt-Surf-Spa\u00df Perfekt f\u00fcr: Surfer, die auch an flachen Tagen ihr Pumping-Feeling trainieren wollen \u2013 und Cruiser, die schnelle, tiefes Carving und maximale Agilit\u00e4t lieben. Das PYZEL RED TIGER 32.6\u201c Surfskate ist die offizielle Stra\u00dfenversion des legend\u00e4ren High-Performance-Shortboards [&#8230;]\n","protected":false},"featured_media":68179,"comment_status":"open","ping_status":"closed","template":"","meta":{"jetpack_post_was_ever_published":false,"jetpack_publicize_message":"","jetpack_publicize_feature_enabled":true,"jetpack_social_post_already_shared":true,"jetpack_social_options":{"image_generator_settings":{"template":"highway","default_image_id":0,"font":"","enabled":false},"version":2}},"product_brand":[9130],"product_cat":[8983,531],"product_tag":[7019,331,8333,8511,8514],"class_list":{"0":"post-68178","1":"product","2":"type-product","3":"status-publish","4":"has-post-thumbnail","6":"product_brand-yow","7":"product_cat-surfskate-completes","8":"product_cat-surfskates","9":"product_tag-yow-system","10":"product_tag-surfskate","11":"product_tag-meraki","12":"product_tag-19-wb","13":"product_tag-tail-rocker","14":"product_shipping_class-paket","16":"first","17":"instock","18":"featured","19":"taxable","20":"shipping-taxable","21":"purchasable","22":"product-type-simple"},"composite_virtual":false,"composite_layout":"","composite_add_to_cart_form_location":"","composite_editable_in_cart":false,"composite_sold_individually_context":"","composite_shop_price_calc":"","composite_components":[],"composite_scenarios":[],"booking_location":null,"booking_location_type":null,"booking_duration":null,"booking_duration_unit":null,"booking_buffer":null,"booking_cost":null,"booking_resources":null,"jetpack_publicize_connections":[],"jetpack_sharing_enabled":true,"_links":{"self":[{"href":"https:\/\/www.studiolongboard.com\/fr\/wp-json\/wp\/v2\/product\/68178","targetHints":{"allow":["GET"]}}],"collection":[{"href":"https:\/\/www.studiolongboard.com\/fr\/wp-json\/wp\/v2\/product"}],"about":[{"href":"https:\/\/www.studiolongboard.com\/fr\/wp-json\/wp\/v2\/types\/product"}],"replies":[{"embeddable":true,"href":"https:\/\/www.studiolongboard.com\/fr\/wp-json\/wp\/v2\/comments?post=68178"}],"wp:featuredmedia":[{"embeddable":true,"href":"https:\/\/www.studiolongboard.com\/fr\/wp-json\/wp\/v2\/media\/68179"}],"wp:attachment":[{"href":"https:\/\/www.studiolongboard.com\/fr\/wp-json\/wp\/v2\/media?parent=68178"}],"wp:term":[{"taxonomy":"product_brand","embeddable":true,"href":"https:\/\/www.studiolongboard.com\/fr\/wp-json\/wp\/v2\/product_brand?post=68178"},{"taxonomy":"product_cat","embeddable":true,"href":"https:\/\/www.studiolongboard.com\/fr\/wp-json\/wp\/v2\/product_cat?post=68178"},{"taxonomy":"product_tag","embeddable":true,"href":"https:\/\/www.studiolongboard.com\/fr\/wp-json\/wp\/v2\/product_tag?post=68178"}],"curies":[{"name":"wp","href":"https:\/\/api.w.org\/{rel}","templated":true}]}}