{"id":67273,"date":"2025-12-28T18:14:22","date_gmt":"2025-12-28T17:14:22","guid":{"rendered":"https:\/\/www.studiolongboard.com\/?post_type=product&#038;p=67273"},"modified":"2025-12-28T19:33:41","modified_gmt":"2025-12-28T18:33:41","slug":"triple-eight-reversible-soft-knee-pads-babrbie-patin","status":"publish","type":"product","link":"https:\/\/www.studiolongboard.com\/fr\/shop\/protection\/schuetzer\/triple-eight-reversible-soft-knee-pads-babrbie-patin\/","title":{"rendered":"TRIPLE EIGHT genouill\u00e8res souples r\u00e9versibles Babrbie Patin"},"content":{"rendered":"<p>TRIPLE EIGHT genouill\u00e8res souples r\u00e9versibles Babrbie Patin<\/p>\n<p>Barbie Patin is a roller-skating sensation and the ultimate style icon on wheels. She&#8217;s teamed up with Triple Eight to drop a special-edition set of reversible knee pads that are equal parts fierce and functional. With sleek, soft-shell padding, an easy pull-on fit, and bold reversible colors (black on one side, purple on the other), this collab is made for skaters who want to roll safe and show out.<\/p>","protected":false},"excerpt":{"rendered":"<p>TRIPLE EIGHT Reversible Soft Knee Pads Babrbie Patin Barbie Patin is a roller-skating sensation and the ultimate style icon on wheels. She&#8217;s teamed up with Triple Eight to drop a special-edition set of reversible knee pads that are equal parts fierce and functional. With sleek, soft-shell padding, an easy pull-on fit, and bold reversible colors [&#8230;]\n","protected":false},"featured_media":67276,"comment_status":"closed","ping_status":"closed","template":"","meta":{"jetpack_post_was_ever_published":false,"jetpack_publicize_message":"","jetpack_publicize_feature_enabled":true,"jetpack_social_post_already_shared":true,"jetpack_social_options":{"image_generator_settings":{"template":"highway","default_image_id":0,"font":"","enabled":false},"version":2}},"product_brand":[9163],"product_cat":[505,528],"product_tag":[9346],"class_list":{"0":"post-67273","1":"product","2":"type-product","3":"status-publish","4":"has-post-thumbnail","6":"product_brand-triple-eight","7":"product_cat-protection","8":"product_cat-schuetzer","9":"product_tag-barbie","10":"product_shipping_class-paket-m","12":"first","13":"instock","14":"taxable","15":"shipping-taxable","16":"purchasable","17":"product-type-variable"},"composite_virtual":false,"composite_layout":"","composite_add_to_cart_form_location":"","composite_editable_in_cart":false,"composite_sold_individually_context":"","composite_shop_price_calc":"","composite_components":[],"composite_scenarios":[],"booking_location":null,"booking_location_type":null,"booking_duration":null,"booking_duration_unit":null,"booking_buffer":null,"booking_cost":null,"booking_resources":null,"jetpack_publicize_connections":[],"jetpack_sharing_enabled":true,"_links":{"self":[{"href":"https:\/\/www.studiolongboard.com\/fr\/wp-json\/wp\/v2\/product\/67273","targetHints":{"allow":["GET"]}}],"collection":[{"href":"https:\/\/www.studiolongboard.com\/fr\/wp-json\/wp\/v2\/product"}],"about":[{"href":"https:\/\/www.studiolongboard.com\/fr\/wp-json\/wp\/v2\/types\/product"}],"replies":[{"embeddable":true,"href":"https:\/\/www.studiolongboard.com\/fr\/wp-json\/wp\/v2\/comments?post=67273"}],"wp:featuredmedia":[{"embeddable":true,"href":"https:\/\/www.studiolongboard.com\/fr\/wp-json\/wp\/v2\/media\/67276"}],"wp:attachment":[{"href":"https:\/\/www.studiolongboard.com\/fr\/wp-json\/wp\/v2\/media?parent=67273"}],"wp:term":[{"taxonomy":"product_brand","embeddable":true,"href":"https:\/\/www.studiolongboard.com\/fr\/wp-json\/wp\/v2\/product_brand?post=67273"},{"taxonomy":"product_cat","embeddable":true,"href":"https:\/\/www.studiolongboard.com\/fr\/wp-json\/wp\/v2\/product_cat?post=67273"},{"taxonomy":"product_tag","embeddable":true,"href":"https:\/\/www.studiolongboard.com\/fr\/wp-json\/wp\/v2\/product_tag?post=67273"}],"curies":[{"name":"wp","href":"https:\/\/api.w.org\/{rel}","templated":true}]}}