{"id":6667,"date":"2019-03-04T18:01:19","date_gmt":"2019-03-04T17:01:19","guid":{"rendered":"https:\/\/www.studiolongboard.com\/?post_type=product&#038;p=6667"},"modified":"2025-12-31T14:14:59","modified_gmt":"2025-12-31T13:14:59","slug":"orangatang-kegel-80mm-77a-blue","status":"publish","type":"product","link":"https:\/\/www.studiolongboard.com\/fr\/shop\/longboards\/longboard-wheels\/orangatang-kegel-80mm-77a-blue\/","title":{"rendered":"Orangatang Kegel 80mm 77a Blue"},"content":{"rendered":"<h2>Orangatang Kegel 80mm 77a Blue<\/h2>\n<p class=\"fn product-title\">Orangatang Kegel 80mm 77a Blue &#8211; Limited Edition<\/p>\n<p>80mm Durchmesser \/ 56mm Breite \/ 56mm Kontaktfl\u00e4che \/ Offset<\/p>\n<p>Die neue Orangatang Kegel Rolle ist da. Die Gr\u00f6sse von 80mm katapultiert Dich in neue Dimensionen der Geschwindigkeit und die Breite von 56mm stellt die perfekte Balance zwischen Slide und Grip da. Die ausladende Lippe mit einem geraden Profil gibt genug Grip und wird sich gleichm\u00e4ssig Absliden&#8220; und das bis zum Kern der 46mm gro\u00df ist. Der Kern ist wie alle Otang Kerne extra Stabil und h\u00e4lt jedem Man\u00f6ver stand.<\/p>\n<p>&nbsp;<\/p>\n<p><strong>Preis f\u00fcr 4 Rollen<\/strong><\/p>\n<p><span class=\"embed-youtube\" style=\"text-align:center; display: block;\"><iframe loading=\"lazy\" class=\"youtube-player\" width=\"1020\" height=\"574\" src=\"https:\/\/www.youtube.com\/embed\/dJec6egEilw?version=3&#038;rel=1&#038;showsearch=0&#038;showinfo=1&#038;iv_load_policy=1&#038;fs=1&#038;hl=fr-FR&#038;autohide=2&#038;wmode=transparent\" allowfullscreen=\"true\" style=\"border:0;\" sandbox=\"allow-scripts allow-same-origin allow-popups allow-presentation allow-popups-to-escape-sandbox\"><\/iframe><\/span><\/p>\n<p>&nbsp;<\/p>\n<p>&nbsp;<\/p>\n<p>&nbsp;<\/p>","protected":false},"excerpt":{"rendered":"<p><img loading=\"lazy\" decoding=\"async\" class=\"size-medium wp-image-2268 alignnone\" src=\"https:\/\/www.studiolongboard.com\/wp-content\/uploads\/2016\/06\/orangatangorange.1464318280-e1466617796594-300x99.jpg\" alt=\"\" width=\"300\" height=\"99\" \/><\/p>\n<p><img loading=\"lazy\" decoding=\"async\" class=\"size-medium wp-image-4922 alignnone\" src=\"https:\/\/www.studiolongboard.com\/wp-content\/uploads\/2017\/08\/de-pp_plus-logo-quer_ohne_PUI_540x60px-300x33.png\" alt=\"\" width=\"300\" height=\"33\" \/><\/p>","protected":false},"featured_media":6668,"comment_status":"closed","ping_status":"closed","template":"","meta":{"jetpack_post_was_ever_published":false,"jetpack_publicize_message":"","jetpack_publicize_feature_enabled":true,"jetpack_social_post_already_shared":true,"jetpack_social_options":{"image_generator_settings":{"template":"highway","default_image_id":0,"font":"","enabled":false},"version":2}},"product_brand":[],"product_cat":[317],"product_tag":[],"class_list":{"0":"post-6667","1":"product","2":"type-product","3":"status-publish","4":"has-post-thumbnail","6":"product_cat-longboard-wheels","7":"product_shipping_class-paket-m","9":"first","10":"instock","11":"taxable","12":"shipping-taxable","13":"purchasable","14":"product-type-simple"},"composite_virtual":false,"composite_layout":"","composite_add_to_cart_form_location":"","composite_editable_in_cart":false,"composite_sold_individually_context":"","composite_shop_price_calc":"","composite_components":[],"composite_scenarios":[],"booking_location":null,"booking_location_type":null,"booking_duration":null,"booking_duration_unit":null,"booking_buffer":null,"booking_cost":null,"booking_resources":null,"jetpack_publicize_connections":[],"jetpack_sharing_enabled":true,"_links":{"self":[{"href":"https:\/\/www.studiolongboard.com\/fr\/wp-json\/wp\/v2\/product\/6667","targetHints":{"allow":["GET"]}}],"collection":[{"href":"https:\/\/www.studiolongboard.com\/fr\/wp-json\/wp\/v2\/product"}],"about":[{"href":"https:\/\/www.studiolongboard.com\/fr\/wp-json\/wp\/v2\/types\/product"}],"replies":[{"embeddable":true,"href":"https:\/\/www.studiolongboard.com\/fr\/wp-json\/wp\/v2\/comments?post=6667"}],"wp:featuredmedia":[{"embeddable":true,"href":"https:\/\/www.studiolongboard.com\/fr\/wp-json\/wp\/v2\/media\/6668"}],"wp:attachment":[{"href":"https:\/\/www.studiolongboard.com\/fr\/wp-json\/wp\/v2\/media?parent=6667"}],"wp:term":[{"taxonomy":"product_brand","embeddable":true,"href":"https:\/\/www.studiolongboard.com\/fr\/wp-json\/wp\/v2\/product_brand?post=6667"},{"taxonomy":"product_cat","embeddable":true,"href":"https:\/\/www.studiolongboard.com\/fr\/wp-json\/wp\/v2\/product_cat?post=6667"},{"taxonomy":"product_tag","embeddable":true,"href":"https:\/\/www.studiolongboard.com\/fr\/wp-json\/wp\/v2\/product_tag?post=6667"}],"curies":[{"name":"wp","href":"https:\/\/api.w.org\/{rel}","templated":true}]}}