{"id":6622,"date":"2019-02-15T17:31:28","date_gmt":"2019-02-15T16:31:28","guid":{"rendered":"https:\/\/www.studiolongboard.com\/?post_type=product&#038;p=6622"},"modified":"2025-07-08T13:06:15","modified_gmt":"2025-07-08T11:06:15","slug":"regieraum-mieten","status":"publish","type":"product","link":"https:\/\/www.studiolongboard.com\/fr\/shop\/tonstudio-dienstleistungen\/regieraum-mieten\/","title":{"rendered":"Regieraum mieten"},"content":{"rendered":"<h2>Regieraum mieten<\/h2>\n<p>Regieraum mieten in Hamburg Altona. Ihr habt eine Produktion und braucht ein professionelles Tonstudio um die Aufnahmen abzumischen. Hier k\u00f6nnt ihr unseren <a href=\"https:\/\/www.studiolongboard.com\/fr\/studio-denregistrement\/regieraum\/\">Salle de r\u00e9gie<\/a> f\u00fcr solche Zwecke tageweise buchen. Standardzeiten sind von 10:00 bis 19:00 Uhr. Andere Uhrzeiten k\u00f6nnen nach Bedarf mit uns vereinbart werden.<\/p>\n<p>Folgende DAW&#8217;s stehen euch dabei zur Verf\u00fcgung:<\/p>\n<ul>\n<li>Cubase 10<\/li>\n<li>Ableton 11<\/li>\n<li>Pro-Tools<\/li>\n<\/ul>\n<p>Selbstverst\u00e4ndlich k\u00f6nnt ihr alle im Studio verbauten analogen Effekte bei der Abmischung mit benutzen,<\/p>\n<p>Die Nutzung des Studios erfolgt nach einer Einweisung durch unseren Haustechniker. Sollten Probleme oder Fragen beim Abmischen entstehen, sind wir f\u00fcr euch da und helfen wo wir k\u00f6nnen.<\/p>\n<p>Solltet ihr noch Fragen haben, schreibt uns gerne \u00fcber das <a href=\"https:\/\/www.studiolongboard.com\/fr\/kontakt\/kontaktformular\/\">Formulaire de contact<\/a>.<\/p>","protected":false},"excerpt":{"rendered":"<p>Le prix est r\u00e9duit de 15% \u00e0 partir du 2e jour de r\u00e9servation.<\/p>","protected":false},"featured_media":6624,"comment_status":"open","ping_status":"closed","template":"","meta":{"jetpack_post_was_ever_published":false,"jetpack_publicize_message":"","jetpack_publicize_feature_enabled":true,"jetpack_social_post_already_shared":true,"jetpack_social_options":{"image_generator_settings":{"template":"highway","default_image_id":0,"font":"","enabled":false},"version":2}},"product_brand":[],"product_cat":[2674],"product_tag":[],"class_list":{"0":"post-6622","1":"product","2":"type-product","3":"status-publish","4":"has-post-thumbnail","6":"product_cat-tonstudio-dienstleistungen","8":"first","9":"instock","10":"virtual","11":"sold-individually","12":"taxable","13":"purchasable","14":"product-type-booking"},"composite_virtual":false,"composite_layout":"","composite_add_to_cart_form_location":"","composite_editable_in_cart":false,"composite_sold_individually_context":"","composite_shop_price_calc":"","composite_components":[],"composite_scenarios":[],"booking_location":"","booking_location_type":"","booking_duration":1,"booking_duration_unit":"day","booking_buffer":0,"booking_cost":0,"booking_resources":[6448],"jetpack_publicize_connections":[],"jetpack_sharing_enabled":true,"_links":{"self":[{"href":"https:\/\/www.studiolongboard.com\/fr\/wp-json\/wp\/v2\/product\/6622","targetHints":{"allow":["GET"]}}],"collection":[{"href":"https:\/\/www.studiolongboard.com\/fr\/wp-json\/wp\/v2\/product"}],"about":[{"href":"https:\/\/www.studiolongboard.com\/fr\/wp-json\/wp\/v2\/types\/product"}],"replies":[{"embeddable":true,"href":"https:\/\/www.studiolongboard.com\/fr\/wp-json\/wp\/v2\/comments?post=6622"}],"wp:featuredmedia":[{"embeddable":true,"href":"https:\/\/www.studiolongboard.com\/fr\/wp-json\/wp\/v2\/media\/6624"}],"wp:attachment":[{"href":"https:\/\/www.studiolongboard.com\/fr\/wp-json\/wp\/v2\/media?parent=6622"}],"wp:term":[{"taxonomy":"product_brand","embeddable":true,"href":"https:\/\/www.studiolongboard.com\/fr\/wp-json\/wp\/v2\/product_brand?post=6622"},{"taxonomy":"product_cat","embeddable":true,"href":"https:\/\/www.studiolongboard.com\/fr\/wp-json\/wp\/v2\/product_cat?post=6622"},{"taxonomy":"product_tag","embeddable":true,"href":"https:\/\/www.studiolongboard.com\/fr\/wp-json\/wp\/v2\/product_tag?post=6622"}],"curies":[{"name":"wp","href":"https:\/\/api.w.org\/{rel}","templated":true}]}}