{"id":66168,"date":"2025-11-10T21:02:35","date_gmt":"2025-11-10T20:02:35","guid":{"rendered":"https:\/\/www.studiolongboard.com\/?post_type=product&#038;p=66168"},"modified":"2025-11-10T21:04:04","modified_gmt":"2025-11-10T20:04:04","slug":"tricks-balloon-kinder-skateboardtricks-rainbow-kinder-skateboard-kopie","status":"publish","type":"product","link":"https:\/\/www.studiolongboard.com\/fr\/shop\/skateboards\/komplett-skateboards\/kinder-skateboards\/tricks-balloon-kinder-skateboardtricks-rainbow-kinder-skateboard-kopie\/","title":{"rendered":"TRICKS Skateboard pour enfants Balloon"},"content":{"rendered":"<h2>TRICKS Skateboard pour enfants Balloon<\/h2>\n<p>TRICKS Balloon Kinder-Skateboard ist ein Komplettboard, das speziell f\u00fcr junge Skater entwickelt wurde. Mit einer Deckbreite von 7,87&#8243; bietet es eine stabile Plattform f\u00fcr Kinder, um ihre Skatef\u00e4higkeiten zu entwickeln. Das Board verf\u00fcgt \u00fcber ein ansprechendes Elefanten-Design, das bei Kindern besonders beliebt ist. Die hochwertigen Komponenten gew\u00e4hrleisten eine langlebige und sichere Nutzung. Dieses Skateboard eignet sich ideal f\u00fcr Anf\u00e4nger und fortgeschrittene junge Skater, die Wert auf Qualit\u00e4t und Design legen.<\/p>\n<p>Width: 7.87 inch \/ 19.99 cm<br \/>\nLength: 24.21 inch \/ 61.49 cm<\/p>\n<p>Wheelbase: 9.15 inch<\/p>\n<p>Wheel Size: 56 mm<\/p>\n<p>Hardness Wheels: 80A<\/p>","protected":false},"excerpt":{"rendered":"<p>TRICKS Balloon Kinder-Skateboard TRICKS Balloon Kinder-Skateboard ist ein Komplettboard, das speziell f\u00fcr junge Skater entwickelt wurde. Mit einer Deckbreite von 7,87&#8243; bietet es eine stabile Plattform f\u00fcr Kinder, um ihre Skatef\u00e4higkeiten zu entwickeln. Das Board verf\u00fcgt \u00fcber ein ansprechendes Elefanten-Design, das bei Kindern besonders beliebt ist. Die hochwertigen Komponenten gew\u00e4hrleisten eine langlebige und sichere Nutzung. [&#8230;]\n","protected":false},"featured_media":66169,"comment_status":"closed","ping_status":"closed","template":"","meta":{"jetpack_post_was_ever_published":false,"jetpack_publicize_message":"","jetpack_publicize_feature_enabled":true,"jetpack_social_post_already_shared":true,"jetpack_social_options":{"image_generator_settings":{"template":"highway","default_image_id":0,"font":"","enabled":false},"version":2}},"product_brand":[9173],"product_cat":[312,319,9085],"product_tag":[9176,3646,5528,9175],"class_list":{"0":"post-66168","1":"product","2":"type-product","3":"status-publish","4":"has-post-thumbnail","6":"product_brand-tricks","7":"product_cat-skateboards","8":"product_cat-komplett-skateboards","9":"product_cat-kinder-skateboards","10":"product_tag-kids-skateboard","11":"product_tag-kids","12":"product_tag-kinder","13":"product_tag-kinder-skateboard","14":"product_shipping_class-paket","16":"first","17":"instock","18":"taxable","19":"shipping-taxable","20":"purchasable","21":"product-type-simple"},"composite_virtual":false,"composite_layout":"","composite_add_to_cart_form_location":"","composite_editable_in_cart":false,"composite_sold_individually_context":"","composite_shop_price_calc":"","composite_components":[],"composite_scenarios":[],"booking_location":null,"booking_location_type":null,"booking_duration":null,"booking_duration_unit":null,"booking_buffer":null,"booking_cost":null,"booking_resources":null,"jetpack_publicize_connections":[],"jetpack_sharing_enabled":true,"_links":{"self":[{"href":"https:\/\/www.studiolongboard.com\/fr\/wp-json\/wp\/v2\/product\/66168","targetHints":{"allow":["GET"]}}],"collection":[{"href":"https:\/\/www.studiolongboard.com\/fr\/wp-json\/wp\/v2\/product"}],"about":[{"href":"https:\/\/www.studiolongboard.com\/fr\/wp-json\/wp\/v2\/types\/product"}],"replies":[{"embeddable":true,"href":"https:\/\/www.studiolongboard.com\/fr\/wp-json\/wp\/v2\/comments?post=66168"}],"wp:featuredmedia":[{"embeddable":true,"href":"https:\/\/www.studiolongboard.com\/fr\/wp-json\/wp\/v2\/media\/66169"}],"wp:attachment":[{"href":"https:\/\/www.studiolongboard.com\/fr\/wp-json\/wp\/v2\/media?parent=66168"}],"wp:term":[{"taxonomy":"product_brand","embeddable":true,"href":"https:\/\/www.studiolongboard.com\/fr\/wp-json\/wp\/v2\/product_brand?post=66168"},{"taxonomy":"product_cat","embeddable":true,"href":"https:\/\/www.studiolongboard.com\/fr\/wp-json\/wp\/v2\/product_cat?post=66168"},{"taxonomy":"product_tag","embeddable":true,"href":"https:\/\/www.studiolongboard.com\/fr\/wp-json\/wp\/v2\/product_tag?post=66168"}],"curies":[{"name":"wp","href":"https:\/\/api.w.org\/{rel}","templated":true}]}}