{"id":66042,"date":"2025-11-06T18:44:04","date_gmt":"2025-11-06T17:44:04","guid":{"rendered":"https:\/\/www.studiolongboard.com\/?post_type=product&#038;p=66042"},"modified":"2025-12-31T12:15:53","modified_gmt":"2025-12-31T11:15:53","slug":"ninetysixty-slide-wheels-70mm-78a","status":"publish","type":"product","link":"https:\/\/www.studiolongboard.com\/fr\/shop\/longboards\/longboard-wheels\/ninetysixty-slide-wheels-70mm-78a\/","title":{"rendered":"NINETYSIXTY Slide Wheels 70mm 78a"},"content":{"rendered":"<h2>NINETYSIXTY Slide Wheels 70mm 78a<\/h2>\n<p>NINETYSIXTY Slide Wheels 70mm 78a sind echte Allround-Rollen &#8211; die perfekte Wahl f\u00fcr Slide, Cruising, Surfskate und Dance &amp; Freestyle! Mit ihrer angerauten Lauffl\u00e4che von 34mm bieten sie dir den beste Slide Eigenschaften und haben gleichzeitig ein fantastisches Cruising und Surfskate Verhalten.<\/p>\n<p>Die NINETYSIXTY Slide Wheels sind die perfekte Wahl f\u00fcr Alle, die Wert auf kontrollierte Slides, geschmeidiges Fahrverhalten und Vielseitigkeit legen. Mit einem H\u00e4rtegrad von 80a und einem Durchmesser von 65 mm bieten diese Rollen eine ideale Kombination aus Grip und Gleitf\u00e4higkeit \u2013 perfekt f\u00fcr verschiedene Disziplinen wie Freeride, Longboard Dancing und Surfskate.<\/p>\n<p>H\u00e4rtegrad: 78a<br \/>\nDie weiche Rolle sorgt f\u00fcr einen ausgewogenen Grip, der es Ihnen erm\u00f6glicht, pr\u00e4zise und kontrollierte Slides auszuf\u00fchren, ohne dabei an Stabilit\u00e4t zu verlieren. Gleichzeitig bietet sie die n\u00f6tige Flexibilit\u00e4t f\u00fcr Freestyle-Tricks und Tanzbewegungen.<\/p>\n<p>Durchmesser: 70mm<\/p>\n<p>Slide-optimierte Urethanmischung<br \/>\nDie spezielle Urethanmischung sorgt f\u00fcr eine glatte und gleichm\u00e4\u00dfige Abriebfl\u00e4che, die Slide-Spuren minimiert und langlebige Performance gew\u00e4hrleistet. Dies ist besonders hilfreich beim Erlernen und \u00dcben von Tricks.<\/p>\n<p>Breite und Kontaktfl\u00e4che<br \/>\nDie gro\u00dfz\u00fcgige Kontaktfl\u00e4che erm\u00f6glicht ein gleichm\u00e4\u00dfiges Gleiten, w\u00e4hrend die leicht abgerundeten Kanten ein sanftes Einleiten von Slides f\u00f6rdern. Gleichzeitig unterst\u00fctzen sie die Balance beim Carving<\/p>\n<p>Einsatzbereich:<br \/>\nDie NINETYSIXTY Slide Wheels sind ideal f\u00fcr Freeride, Cruising, Longboard Dance und Freestyle. Egal, ob Sie flie\u00dfende Tanzschritte, technische Freestyle-Tricks oder kontrollierte Slides ausf\u00fchren m\u00f6chten, diese Rollen bieten Ihnen die Performance, die Sie ben\u00f6tigen. Auch f\u00fcr leichtere Downhill-Fahrten sind sie bestens geeignet.<\/p>\n<p>Fazit:<br \/>\nDie NINETYSIXTY Slide Wheels 65mm (80a) sind die ideale Wahl f\u00fcr vielseitige Longboarder. Sie \u00fcberzeugen mit ihrer Balance aus Grip, Gleitf\u00e4higkeit und Haltbarkeit, wodurch sie besonders bei Longboard Dance und Freestyle gl\u00e4nzen. Ob elegante Tanzschritte, dynamische Tricks oder geschmeidige Slides \u2013 mit diesen Rollen heben Sie Ihr Fahrvergn\u00fcgen auf ein neues Level.<\/p>","protected":false},"excerpt":{"rendered":"<p>NINETYSIXTY Slide Wheels 70mm 78a NINETYSIXTY Slide Wheels 70mm 78a sind echte Allround-Rollen &#8211; die perfekte Wahl f\u00fcr Slide, Cruising, Surfskate und Dance &amp; Freestyle! Mit ihrer angerauten Lauffl\u00e4che von 34mm bieten sie dir den beste Slide Eigenschaften und haben gleichzeitig ein fantastisches Cruising und Surfskate Verhalten. Die NINETYSIXTY Slide Wheels sind die perfekte Wahl [&#8230;]\n","protected":false},"featured_media":66043,"comment_status":"closed","ping_status":"closed","template":"","meta":{"jetpack_post_was_ever_published":true,"jetpack_publicize_message":"","jetpack_publicize_feature_enabled":true,"jetpack_social_post_already_shared":true,"jetpack_social_options":{"image_generator_settings":{"template":"highway","default_image_id":0,"font":"","enabled":false},"version":2}},"product_brand":[],"product_cat":[317],"product_tag":[],"class_list":{"0":"post-66042","1":"product","2":"type-product","3":"status-publish","4":"has-post-thumbnail","6":"product_cat-longboard-wheels","7":"product_shipping_class-paket-m","9":"first","10":"instock","11":"taxable","12":"shipping-taxable","13":"purchasable","14":"product-type-simple"},"composite_virtual":false,"composite_layout":"","composite_add_to_cart_form_location":"","composite_editable_in_cart":false,"composite_sold_individually_context":"","composite_shop_price_calc":"","composite_components":[],"composite_scenarios":[],"booking_location":null,"booking_location_type":null,"booking_duration":null,"booking_duration_unit":null,"booking_buffer":null,"booking_cost":null,"booking_resources":null,"jetpack_publicize_connections":[],"jetpack_sharing_enabled":true,"_links":{"self":[{"href":"https:\/\/www.studiolongboard.com\/fr\/wp-json\/wp\/v2\/product\/66042","targetHints":{"allow":["GET"]}}],"collection":[{"href":"https:\/\/www.studiolongboard.com\/fr\/wp-json\/wp\/v2\/product"}],"about":[{"href":"https:\/\/www.studiolongboard.com\/fr\/wp-json\/wp\/v2\/types\/product"}],"replies":[{"embeddable":true,"href":"https:\/\/www.studiolongboard.com\/fr\/wp-json\/wp\/v2\/comments?post=66042"}],"wp:featuredmedia":[{"embeddable":true,"href":"https:\/\/www.studiolongboard.com\/fr\/wp-json\/wp\/v2\/media\/66043"}],"wp:attachment":[{"href":"https:\/\/www.studiolongboard.com\/fr\/wp-json\/wp\/v2\/media?parent=66042"}],"wp:term":[{"taxonomy":"product_brand","embeddable":true,"href":"https:\/\/www.studiolongboard.com\/fr\/wp-json\/wp\/v2\/product_brand?post=66042"},{"taxonomy":"product_cat","embeddable":true,"href":"https:\/\/www.studiolongboard.com\/fr\/wp-json\/wp\/v2\/product_cat?post=66042"},{"taxonomy":"product_tag","embeddable":true,"href":"https:\/\/www.studiolongboard.com\/fr\/wp-json\/wp\/v2\/product_tag?post=66042"}],"curies":[{"name":"wp","href":"https:\/\/api.w.org\/{rel}","templated":true}]}}