{"id":65769,"date":"2025-10-23T22:15:44","date_gmt":"2025-10-23T20:15:44","guid":{"rendered":"https:\/\/www.studiolongboard.com\/?post_type=product&#038;p=65769"},"modified":"2025-12-31T12:16:19","modified_gmt":"2025-12-31T11:16:19","slug":"riptide-metal-dropthrough-backing-plates-105","status":"publish","type":"product","link":"https:\/\/www.studiolongboard.com\/fr\/shop\/accessories\/hardware\/riptide-metal-dropthrough-backing-plates-105\/","title":{"rendered":"RipTide Metal Dropthrough Backing plates 105"},"content":{"rendered":"<p>RipTide Metal Dropthrough Backing plates 105<\/p>\n<p>T6061-T6 Aluminium de qualit\u00e9 a\u00e9ronautique avec une finition noire anodis\u00e9e dure.<\/p>\n<p>Vendues par paire<\/p>","protected":false},"excerpt":{"rendered":"<p>RipTide Metal Dropthrough Backing plates 105 T6061-T6 Aircraft grade aluminium with a black hard anodize finish. Vendues par paire<\/p>","protected":false},"featured_media":65770,"comment_status":"closed","ping_status":"closed","template":"","meta":{"jetpack_post_was_ever_published":true,"jetpack_publicize_message":"","jetpack_publicize_feature_enabled":true,"jetpack_social_post_already_shared":true,"jetpack_social_options":{"image_generator_settings":{"template":"highway","default_image_id":0,"font":"","enabled":false},"version":2}},"product_brand":[9131],"product_cat":[320,532,4608],"product_tag":[],"class_list":{"0":"post-65769","1":"product","2":"type-product","3":"status-publish","4":"has-post-thumbnail","6":"product_brand-riptide","7":"product_cat-accessories","8":"product_cat-hardware","9":"product_cat-riser-und-shockpads","10":"product_shipping_class-paket-m","12":"first","13":"instock","14":"taxable","15":"shipping-taxable","16":"purchasable","17":"product-type-simple"},"composite_virtual":false,"composite_layout":"","composite_add_to_cart_form_location":"","composite_editable_in_cart":false,"composite_sold_individually_context":"","composite_shop_price_calc":"","composite_components":[],"composite_scenarios":[],"booking_location":null,"booking_location_type":null,"booking_duration":null,"booking_duration_unit":null,"booking_buffer":null,"booking_cost":null,"booking_resources":null,"jetpack_publicize_connections":[],"jetpack_sharing_enabled":true,"_links":{"self":[{"href":"https:\/\/www.studiolongboard.com\/fr\/wp-json\/wp\/v2\/product\/65769","targetHints":{"allow":["GET"]}}],"collection":[{"href":"https:\/\/www.studiolongboard.com\/fr\/wp-json\/wp\/v2\/product"}],"about":[{"href":"https:\/\/www.studiolongboard.com\/fr\/wp-json\/wp\/v2\/types\/product"}],"replies":[{"embeddable":true,"href":"https:\/\/www.studiolongboard.com\/fr\/wp-json\/wp\/v2\/comments?post=65769"}],"wp:featuredmedia":[{"embeddable":true,"href":"https:\/\/www.studiolongboard.com\/fr\/wp-json\/wp\/v2\/media\/65770"}],"wp:attachment":[{"href":"https:\/\/www.studiolongboard.com\/fr\/wp-json\/wp\/v2\/media?parent=65769"}],"wp:term":[{"taxonomy":"product_brand","embeddable":true,"href":"https:\/\/www.studiolongboard.com\/fr\/wp-json\/wp\/v2\/product_brand?post=65769"},{"taxonomy":"product_cat","embeddable":true,"href":"https:\/\/www.studiolongboard.com\/fr\/wp-json\/wp\/v2\/product_cat?post=65769"},{"taxonomy":"product_tag","embeddable":true,"href":"https:\/\/www.studiolongboard.com\/fr\/wp-json\/wp\/v2\/product_tag?post=65769"}],"curies":[{"name":"wp","href":"https:\/\/api.w.org\/{rel}","templated":true}]}}