{"id":6551,"date":"2019-01-29T19:34:53","date_gmt":"2019-01-29T18:34:53","guid":{"rendered":"https:\/\/www.studiolongboard.com\/?post_type=product&#038;p=6551"},"modified":"2025-07-08T13:11:28","modified_gmt":"2025-07-08T11:11:28","slug":"tonstudiovermietung","status":"publish","type":"product","link":"https:\/\/www.studiolongboard.com\/fr\/shop\/tonstudio-dienstleistungen\/tonstudiovermietung\/","title":{"rendered":"Location de studio d'enregistrement"},"content":{"rendered":"<h2>Location de studio d'enregistrement<\/h2>\n<p>Location de studios d'enregistrement \u00e0 des groupes, des speakers et des producteurs pour des enregistrements en r\u00e9gie propre.<\/p>\n<p class=\"translation-block\">Ihr habt jemand in der Band oder im Freundeskreis, der\/die Ahnung von Tonaufnahmen hat, oder ihr habt einen Produzenten ohne eigens Tonstudio? Dann k\u00f6nnt ihr das gesamte Tonstudio tageweise buchen. Dabei stehen euch die beiden Tonstudio-R\u00e4ume,&nbsp;<a href=\"https:\/\/www.studiolongboard.com\/fr\/studio-denregistrement\/regieraum\/\" target=\"_self\">Regieraum<\/a> und <a href=\"https:\/\/www.studiolongboard.com\/fr\/studio-denregistrement\/aufnahmeraum\/\" target=\"_self\">Aufnahmeraum&nbsp;<\/a>sowie alles an Equipment, was ihr in unserem <a href=\"https:\/\/www.studiolongboard.com\/fr\/studio-denregistrement\/\" target=\"_self\">Tonstudio<\/a> vorfindet, zur Verf\u00fcgung. Selbstverst\u00e4ndlich geben wir euch entsprechend eine ausf\u00fchrliche Einweisung und kl\u00e4ren vorab, was an Material ben\u00f6tigt wird.<\/p>\n<p>Si vous avez encore des questions, n'h\u00e9sitez pas \u00e0 nous \u00e9crire via le formulaire de contact. <a href=\"https:\/\/www.studiolongboard.com\/fr\/kontakt\/kontaktformular\/\">Formulaire de contact<\/a>.<\/p>\n<p>Eine Auswahl an unseren letzten Aufnahmeprojekten findet ihr in unserem <a href=\"https:\/\/www.studiolongboard.com\/fr\/category\/tonstudio-blog\/\">Tonstudio Blog.<\/a><\/p>\n<p>&nbsp;<\/p>\n<p>&nbsp;<\/p>","protected":false},"excerpt":{"rendered":"<p>Le prix est r\u00e9duit de 15% \u00e0 partir du 2e jour de r\u00e9servation.<\/p>","protected":false},"featured_media":59425,"comment_status":"open","ping_status":"closed","template":"","meta":{"jetpack_publicize_message":"","jetpack_publicize_feature_enabled":true,"jetpack_social_post_already_shared":true,"jetpack_social_options":{"image_generator_settings":{"template":"highway","default_image_id":0,"font":"","enabled":false},"version":2}},"product_brand":[],"product_cat":[2674],"product_tag":[2216,2219,2220],"class_list":{"0":"post-6551","1":"product","2":"type-product","3":"status-publish","4":"has-post-thumbnail","6":"product_cat-tonstudio-dienstleistungen","7":"product_tag-tonstudio","8":"product_tag-aufnahmen","9":"product_tag-mieten","11":"first","12":"instock","13":"virtual","14":"sold-individually","15":"taxable","16":"purchasable","17":"product-type-booking"},"composite_virtual":false,"composite_layout":"","composite_add_to_cart_form_location":"","composite_editable_in_cart":false,"composite_sold_individually_context":"","composite_shop_price_calc":"","composite_components":[],"composite_scenarios":[],"booking_location":"","booking_location_type":"","booking_duration":1,"booking_duration_unit":"day","booking_buffer":0,"booking_cost":0,"booking_resources":[6448],"jetpack_publicize_connections":[],"jetpack_sharing_enabled":true,"_links":{"self":[{"href":"https:\/\/www.studiolongboard.com\/fr\/wp-json\/wp\/v2\/product\/6551","targetHints":{"allow":["GET"]}}],"collection":[{"href":"https:\/\/www.studiolongboard.com\/fr\/wp-json\/wp\/v2\/product"}],"about":[{"href":"https:\/\/www.studiolongboard.com\/fr\/wp-json\/wp\/v2\/types\/product"}],"replies":[{"embeddable":true,"href":"https:\/\/www.studiolongboard.com\/fr\/wp-json\/wp\/v2\/comments?post=6551"}],"wp:featuredmedia":[{"embeddable":true,"href":"https:\/\/www.studiolongboard.com\/fr\/wp-json\/wp\/v2\/media\/59425"}],"wp:attachment":[{"href":"https:\/\/www.studiolongboard.com\/fr\/wp-json\/wp\/v2\/media?parent=6551"}],"wp:term":[{"taxonomy":"product_brand","embeddable":true,"href":"https:\/\/www.studiolongboard.com\/fr\/wp-json\/wp\/v2\/product_brand?post=6551"},{"taxonomy":"product_cat","embeddable":true,"href":"https:\/\/www.studiolongboard.com\/fr\/wp-json\/wp\/v2\/product_cat?post=6551"},{"taxonomy":"product_tag","embeddable":true,"href":"https:\/\/www.studiolongboard.com\/fr\/wp-json\/wp\/v2\/product_tag?post=6551"}],"curies":[{"name":"wp","href":"https:\/\/api.w.org\/{rel}","templated":true}]}}