{"id":64796,"date":"2025-09-18T18:59:28","date_gmt":"2025-09-18T16:59:28","guid":{"rendered":"https:\/\/www.studiolongboard.com\/?post_type=product&#038;p=64796"},"modified":"2026-04-04T16:05:27","modified_gmt":"2026-04-04T14:05:27","slug":"birdhouse-complete-skateboard-stage-3-sunset","status":"publish","type":"product","link":"https:\/\/www.studiolongboard.com\/fr\/shop\/skateboards\/komplett-skateboards\/cruiser-skateboards\/birdhouse-complete-skateboard-stage-3-sunset\/","title":{"rendered":"Planche \u00e0 roulettes compl\u00e8te BIRDHOUSE Stage 3 Sunset"},"content":{"rendered":"<h2>Planche \u00e0 roulettes compl\u00e8te BIRDHOUSE Stage 3 Sunset<\/h2>\n<p>7 Ply Stained Canadian Maple<br \/>\nLaser Logo Powdercoat Trucks 5.25&#8243;<br \/>\n52mm 100A SHR Wheels<br \/>\nDie-cut Griptape<br \/>\nAbec 7 Chrome Bearings<br \/>\nEpoxy Glue<\/p>\n<p>Size: 31.5 x 7.75 IN<\/p>","protected":false},"excerpt":{"rendered":"<p>BIRDHOUSE Complete Skateboard Stage 3 Sunset 7 Ply Stained Canadian Maple Laser Logo Powdercoat Trucks 5.25&#8243; 52mm 100A SHR Wheels Die-cut Griptape Abec 7 Chrome Bearings Epoxy Glue Size: 31.5 x 7.75 IN<\/p>","protected":false},"featured_media":64797,"comment_status":"closed","ping_status":"closed","template":"","meta":{"jetpack_post_was_ever_published":false,"jetpack_publicize_message":"","jetpack_publicize_feature_enabled":true,"jetpack_social_post_already_shared":true,"jetpack_social_options":{"image_generator_settings":{"template":"highway","default_image_id":0,"font":"","enabled":false},"version":2}},"product_brand":[9313],"product_cat":[687,312,319,9086],"product_tag":[3483,5888,5968,6596,8271,404,462],"class_list":{"0":"post-64796","1":"product","2":"type-product","3":"status-publish","4":"has-post-thumbnail","6":"product_brand-birdhouse","7":"product_cat-sale","8":"product_cat-skateboards","9":"product_cat-komplett-skateboards","10":"product_cat-cruiser-skateboards","11":"product_tag-complete","12":"product_tag-beginner","13":"product_tag-skateboard","14":"product_tag-komplettskateboard","15":"product_tag-einsteiger","16":"product_tag-hybrid","17":"product_tag-cruiser","18":"product_shipping_class-paket","20":"first","21":"outofstock","22":"sale","23":"taxable","24":"shipping-taxable","25":"purchasable","26":"product-type-simple"},"composite_virtual":false,"composite_layout":"","composite_add_to_cart_form_location":"","composite_editable_in_cart":false,"composite_sold_individually_context":"","composite_shop_price_calc":"","composite_components":[],"composite_scenarios":[],"booking_location":null,"booking_location_type":null,"booking_duration":null,"booking_duration_unit":null,"booking_buffer":null,"booking_cost":null,"booking_resources":null,"jetpack_publicize_connections":[],"jetpack_sharing_enabled":true,"_links":{"self":[{"href":"https:\/\/www.studiolongboard.com\/fr\/wp-json\/wp\/v2\/product\/64796","targetHints":{"allow":["GET"]}}],"collection":[{"href":"https:\/\/www.studiolongboard.com\/fr\/wp-json\/wp\/v2\/product"}],"about":[{"href":"https:\/\/www.studiolongboard.com\/fr\/wp-json\/wp\/v2\/types\/product"}],"replies":[{"embeddable":true,"href":"https:\/\/www.studiolongboard.com\/fr\/wp-json\/wp\/v2\/comments?post=64796"}],"wp:featuredmedia":[{"embeddable":true,"href":"https:\/\/www.studiolongboard.com\/fr\/wp-json\/wp\/v2\/media\/64797"}],"wp:attachment":[{"href":"https:\/\/www.studiolongboard.com\/fr\/wp-json\/wp\/v2\/media?parent=64796"}],"wp:term":[{"taxonomy":"product_brand","embeddable":true,"href":"https:\/\/www.studiolongboard.com\/fr\/wp-json\/wp\/v2\/product_brand?post=64796"},{"taxonomy":"product_cat","embeddable":true,"href":"https:\/\/www.studiolongboard.com\/fr\/wp-json\/wp\/v2\/product_cat?post=64796"},{"taxonomy":"product_tag","embeddable":true,"href":"https:\/\/www.studiolongboard.com\/fr\/wp-json\/wp\/v2\/product_tag?post=64796"}],"curies":[{"name":"wp","href":"https:\/\/api.w.org\/{rel}","templated":true}]}}