{"id":64699,"date":"2025-09-15T19:47:24","date_gmt":"2025-09-15T17:47:24","guid":{"rendered":"https:\/\/www.studiolongboard.com\/?post_type=product&#038;p=64699"},"modified":"2025-09-15T20:15:45","modified_gmt":"2025-09-15T18:15:45","slug":"kendama-play-monster-hulk-lila","status":"publish","type":"product","link":"https:\/\/www.studiolongboard.com\/fr\/shop\/accessories\/kendama-play-monster-hulk-lila\/","title":{"rendered":"KENDAMA Play Monster Hulk lila"},"content":{"rendered":"<h2>KENDAMA Play Monster Hulk lila<\/h2>\n<p>KENDAMA Play Monster Hulk ist der Gro\u00dfe Bruder des PLAY PRO K. Mit den gleichen perfekten Balance Eigenschaften wie das PLAY PRO K kann man mit dem gro\u00dfen PLAY MONSTER K alle Tricks performen, die auch mit dem PLAY PRO K m\u00f6glich sind. Dabei sind die Tricks zumeist ein wenig einfacher und f\u00fcr viele Zuschauer besser zu sehen. Auch f\u00fcr Jongliertricks und Kombinationen wird das gro\u00dfe MONSTER K gerne verwendet.<\/p>\n<p>Gr\u00f6\u00dfe: Performance<br \/>\nFarbe: lila<br \/>\nLackierung: gl\u00e4nzend<br \/>\nLackart: klassisch<br \/>\nHersteller: Kendama Europe<br \/>\nH\u00f6he: 24,5 cm<br \/>\nSorado Breite: 94 mm<br \/>\nKugeldurchmesser: 80 mm<br \/>\nSchnurl\u00e4nge: 55,0 cm<\/p>\n<p>Modell: PLAY MONSTER K<br \/>\nGewicht Kugel (Kann abweichen): 165g<br \/>\nGewicht Schwert (Kann abweichen): 165g<\/p>\n<p>Verpackungsgewicht: 450 g<br \/>\nAltersempfehlung: Geeignet f\u00fcr Kinder ab 14 Jahren.<br \/>\nZertifizierung: T\u00dcV S\u00fcd CE (EN 71-1\/A9:2009; EN 71-2\/A1:2007; EN 71-3\/AC:2002)<\/p>","protected":false},"excerpt":{"rendered":"<p>KENDAMA Play Monster Hulk lila KENDAMA Play Monster Hulk ist der Gro\u00dfe Bruder des PLAY PRO K. Mit den gleichen perfekten Balance Eigenschaften wie das PLAY PRO K kann man mit dem gro\u00dfen PLAY MONSTER K alle Tricks performen, die auch mit dem PLAY PRO K m\u00f6glich sind. Dabei sind die Tricks zumeist ein wenig [&#8230;]\n","protected":false},"featured_media":64700,"comment_status":"open","ping_status":"closed","template":"","meta":{"jetpack_post_was_ever_published":false,"jetpack_publicize_message":"","jetpack_publicize_feature_enabled":true,"jetpack_social_post_already_shared":true,"jetpack_social_options":{"image_generator_settings":{"template":"highway","default_image_id":0,"font":"","enabled":false},"version":2}},"product_brand":[9183],"product_cat":[320,732],"product_tag":[9310,722],"class_list":{"0":"post-64699","1":"product","2":"type-product","3":"status-publish","4":"has-post-thumbnail","6":"product_brand-kendama-europe","7":"product_cat-accessories","8":"product_cat-kendama","9":"product_tag-monster","10":"product_tag-kendama","11":"product_shipping_class-paket-m","13":"first","14":"instock","15":"taxable","16":"shipping-taxable","17":"purchasable","18":"product-type-simple"},"composite_virtual":false,"composite_layout":"","composite_add_to_cart_form_location":"","composite_editable_in_cart":false,"composite_sold_individually_context":"","composite_shop_price_calc":"","composite_components":[],"composite_scenarios":[],"booking_location":null,"booking_location_type":null,"booking_duration":null,"booking_duration_unit":null,"booking_buffer":null,"booking_cost":null,"booking_resources":null,"jetpack_publicize_connections":[],"jetpack_sharing_enabled":true,"_links":{"self":[{"href":"https:\/\/www.studiolongboard.com\/fr\/wp-json\/wp\/v2\/product\/64699","targetHints":{"allow":["GET"]}}],"collection":[{"href":"https:\/\/www.studiolongboard.com\/fr\/wp-json\/wp\/v2\/product"}],"about":[{"href":"https:\/\/www.studiolongboard.com\/fr\/wp-json\/wp\/v2\/types\/product"}],"replies":[{"embeddable":true,"href":"https:\/\/www.studiolongboard.com\/fr\/wp-json\/wp\/v2\/comments?post=64699"}],"wp:featuredmedia":[{"embeddable":true,"href":"https:\/\/www.studiolongboard.com\/fr\/wp-json\/wp\/v2\/media\/64700"}],"wp:attachment":[{"href":"https:\/\/www.studiolongboard.com\/fr\/wp-json\/wp\/v2\/media?parent=64699"}],"wp:term":[{"taxonomy":"product_brand","embeddable":true,"href":"https:\/\/www.studiolongboard.com\/fr\/wp-json\/wp\/v2\/product_brand?post=64699"},{"taxonomy":"product_cat","embeddable":true,"href":"https:\/\/www.studiolongboard.com\/fr\/wp-json\/wp\/v2\/product_cat?post=64699"},{"taxonomy":"product_tag","embeddable":true,"href":"https:\/\/www.studiolongboard.com\/fr\/wp-json\/wp\/v2\/product_tag?post=64699"}],"curies":[{"name":"wp","href":"https:\/\/api.w.org\/{rel}","templated":true}]}}