{"id":64562,"date":"2025-09-09T15:22:01","date_gmt":"2025-09-09T13:22:01","guid":{"rendered":"https:\/\/www.studiolongboard.com\/?post_type=product&#038;p=64562"},"modified":"2026-01-13T21:53:57","modified_gmt":"2026-01-13T20:53:57","slug":"triple-eight-protektoren-set-3-pack-tie-dye","status":"publish","type":"product","link":"https:\/\/www.studiolongboard.com\/fr\/shop\/protection\/schuetzer\/triple-eight-protektoren-set-3-pack-tie-dye\/","title":{"rendered":"Kit de protections Triple Eight 3-Pack Tie Dye"},"content":{"rendered":"<h2>Kit de protections Triple Eight 3-Pack Tie Dye<\/h2>\n<p>Triple Eight Protektoren Set 3-Pack Tie Dye besteht aus Knie-, Ellenbogen- und Handgelenksch\u00fctzern &#8211; alles komplett in diesem praktischen 3-Pack!<\/p>\n<p>Die Knie- und Ellenbogen-Pads bestehen aus hochwertigen und strapazierf\u00e4higen Materialien, Polsterung aus EVA-Schaum und gro\u00dffl\u00e4chigen Kappen aus Polycarbonat f\u00fcr hohe Schutzwirkung und minimale Bewegungseinschr\u00e4nkung.<\/p>\n<p>Die Handgelenkschoner bieten optimale Unterst\u00fctzung und sicheren Schutz durch ihre robusten High-Density-Schienen und der sto\u00dfabsorbierenden Formgebung.<\/p>\n<p>&nbsp;<\/p>\n<p>Farbe: Tie Dye<\/p>\n<p>&nbsp;<\/p>","protected":false},"excerpt":{"rendered":"<p>Triple Eight Protektoren Set 3-Pack Tie Dye Triple Eight Protektoren Set 3-Pack Tie Dye besteht aus Knie-, Ellenbogen- und Handgelenksch\u00fctzern &#8211; alles komplett in diesem praktischen 3-Pack! Die Knie- und Ellenbogen-Pads bestehen aus hochwertigen und strapazierf\u00e4higen Materialien, Polsterung aus EVA-Schaum und gro\u00dffl\u00e4chigen Kappen aus Polycarbonat f\u00fcr hohe Schutzwirkung und minimale Bewegungseinschr\u00e4nkung. Die Handgelenkschoner bieten optimale [&#8230;]\n","protected":false},"featured_media":64568,"comment_status":"closed","ping_status":"closed","template":"","meta":{"jetpack_post_was_ever_published":false,"jetpack_publicize_message":"","jetpack_publicize_feature_enabled":true,"jetpack_social_post_already_shared":true,"jetpack_social_options":{"image_generator_settings":{"template":"highway","default_image_id":0,"font":"","enabled":false},"version":2}},"product_brand":[9163],"product_cat":[505,528,687],"product_tag":[6895,6896],"class_list":{"0":"post-64562","1":"product","2":"type-product","3":"status-publish","4":"has-post-thumbnail","6":"product_brand-triple-eight","7":"product_cat-protection","8":"product_cat-schuetzer","9":"product_cat-sale","10":"product_tag-knieschoner","11":"product_tag-ellenbogenschoner","12":"product_shipping_class-paket-m","14":"first","15":"instock","16":"taxable","17":"shipping-taxable","18":"purchasable","19":"product-type-variable"},"composite_virtual":false,"composite_layout":"","composite_add_to_cart_form_location":"","composite_editable_in_cart":false,"composite_sold_individually_context":"","composite_shop_price_calc":"","composite_components":[],"composite_scenarios":[],"booking_location":null,"booking_location_type":null,"booking_duration":null,"booking_duration_unit":null,"booking_buffer":null,"booking_cost":null,"booking_resources":null,"jetpack_publicize_connections":[],"jetpack_sharing_enabled":true,"_links":{"self":[{"href":"https:\/\/www.studiolongboard.com\/fr\/wp-json\/wp\/v2\/product\/64562","targetHints":{"allow":["GET"]}}],"collection":[{"href":"https:\/\/www.studiolongboard.com\/fr\/wp-json\/wp\/v2\/product"}],"about":[{"href":"https:\/\/www.studiolongboard.com\/fr\/wp-json\/wp\/v2\/types\/product"}],"replies":[{"embeddable":true,"href":"https:\/\/www.studiolongboard.com\/fr\/wp-json\/wp\/v2\/comments?post=64562"}],"wp:featuredmedia":[{"embeddable":true,"href":"https:\/\/www.studiolongboard.com\/fr\/wp-json\/wp\/v2\/media\/64568"}],"wp:attachment":[{"href":"https:\/\/www.studiolongboard.com\/fr\/wp-json\/wp\/v2\/media?parent=64562"}],"wp:term":[{"taxonomy":"product_brand","embeddable":true,"href":"https:\/\/www.studiolongboard.com\/fr\/wp-json\/wp\/v2\/product_brand?post=64562"},{"taxonomy":"product_cat","embeddable":true,"href":"https:\/\/www.studiolongboard.com\/fr\/wp-json\/wp\/v2\/product_cat?post=64562"},{"taxonomy":"product_tag","embeddable":true,"href":"https:\/\/www.studiolongboard.com\/fr\/wp-json\/wp\/v2\/product_tag?post=64562"}],"curies":[{"name":"wp","href":"https:\/\/api.w.org\/{rel}","templated":true}]}}