{"id":64541,"date":"2025-09-09T15:01:59","date_gmt":"2025-09-09T13:01:59","guid":{"rendered":"https:\/\/www.studiolongboard.com\/?post_type=product&#038;p=64541"},"modified":"2025-09-15T19:58:25","modified_gmt":"2025-09-15T17:58:25","slug":"riptide-wfb-tall-chubby-bushings","status":"publish","type":"product","link":"https:\/\/www.studiolongboard.com\/fr\/shop\/accessories\/bushings-pivot-cups\/riptide-wfb-tall-chubby-bushings\/","title":{"rendered":"RipTide WFB Tall Chubby Bushings"},"content":{"rendered":"<h2>RipTide WFB Tall Chubby Bushings<\/h2>\n<p>&nbsp;<\/p>\n<p>WFB\u2122 (World's Fastest Bushings) compound<br \/>\nLubrifi\u00e9 en interne pour des transitions douces, rapides et \u00e0 faible friction dans n'importe quelle discipline comp\u00e9titive.<\/p>\n<p>Chez Duro :<br \/>\n68A Pourpre<br \/>\n73A Vert<br \/>\n78A Orange<br \/>\n83A Bleu<br \/>\n88A Jaune<br \/>\n93A Rouge<br \/>\n95.5A Vert<\/p>\n<p>Height = .75\u2033 \/ 19 mm de hauteur<\/p>\n<p>1 set = 2 bushings = 1 truck<\/p>\n<p><a href=\"https:\/\/www.riptidesports.com\/aps-krank-wfb-explained\/\">APS \/ KranK \/ WFB Formulas explained<\/a><\/p>","protected":false},"excerpt":{"rendered":"<p>RipTide WFB Tall Chubby Bushings &nbsp; WFB\u2122 (World&#8217;s Fastest Bushings) compound Internally lubricated for smooth, fast, low-friction transitions in any competitive discipline. Duro&#8217;s: 68A Purple 73A Green 78A Orange 83A Blue 88A Yellow 93A Red 95.5A Green Height = .75&#8243; \/ 19 mm tall 1 set = 2 bushings = 1 truck APS \/ KranK [&#8230;]\n","protected":false},"featured_media":64551,"comment_status":"open","ping_status":"closed","template":"","meta":{"jetpack_post_was_ever_published":false,"jetpack_publicize_message":"","jetpack_publicize_feature_enabled":true,"jetpack_social_post_already_shared":true,"jetpack_social_options":{"image_generator_settings":{"template":"highway","default_image_id":0,"font":"","enabled":false},"version":2}},"product_brand":[9131],"product_cat":[320,3208],"product_tag":[779,780,781,3170,3171],"class_list":{"0":"post-64541","1":"product","2":"type-product","3":"status-publish","4":"has-post-thumbnail","6":"product_brand-riptide","7":"product_cat-accessories","8":"product_cat-bushings-pivot-cups","9":"product_tag-tall-barrels","10":"product_tag-bushings","11":"product_tag-lenkgummis","12":"product_tag-krank","13":"product_tag-barrels","14":"product_shipping_class-paket-m","16":"first","17":"instock","18":"taxable","19":"shipping-taxable","20":"purchasable","21":"product-type-variable"},"composite_virtual":false,"composite_layout":"","composite_add_to_cart_form_location":"","composite_editable_in_cart":false,"composite_sold_individually_context":"","composite_shop_price_calc":"","composite_components":[],"composite_scenarios":[],"booking_location":null,"booking_location_type":null,"booking_duration":null,"booking_duration_unit":null,"booking_buffer":null,"booking_cost":null,"booking_resources":null,"jetpack_publicize_connections":[],"jetpack_sharing_enabled":true,"_links":{"self":[{"href":"https:\/\/www.studiolongboard.com\/fr\/wp-json\/wp\/v2\/product\/64541","targetHints":{"allow":["GET"]}}],"collection":[{"href":"https:\/\/www.studiolongboard.com\/fr\/wp-json\/wp\/v2\/product"}],"about":[{"href":"https:\/\/www.studiolongboard.com\/fr\/wp-json\/wp\/v2\/types\/product"}],"replies":[{"embeddable":true,"href":"https:\/\/www.studiolongboard.com\/fr\/wp-json\/wp\/v2\/comments?post=64541"}],"wp:featuredmedia":[{"embeddable":true,"href":"https:\/\/www.studiolongboard.com\/fr\/wp-json\/wp\/v2\/media\/64551"}],"wp:attachment":[{"href":"https:\/\/www.studiolongboard.com\/fr\/wp-json\/wp\/v2\/media?parent=64541"}],"wp:term":[{"taxonomy":"product_brand","embeddable":true,"href":"https:\/\/www.studiolongboard.com\/fr\/wp-json\/wp\/v2\/product_brand?post=64541"},{"taxonomy":"product_cat","embeddable":true,"href":"https:\/\/www.studiolongboard.com\/fr\/wp-json\/wp\/v2\/product_cat?post=64541"},{"taxonomy":"product_tag","embeddable":true,"href":"https:\/\/www.studiolongboard.com\/fr\/wp-json\/wp\/v2\/product_tag?post=64541"}],"curies":[{"name":"wp","href":"https:\/\/api.w.org\/{rel}","templated":true}]}}