{"id":64203,"date":"2025-08-29T12:57:24","date_gmt":"2025-08-29T10:57:24","guid":{"rendered":"https:\/\/www.studiolongboard.com\/?post_type=product&#038;p=64203"},"modified":"2025-08-29T15:31:46","modified_gmt":"2025-08-29T13:31:46","slug":"the-heated-wheel-spider-tamer-socks","status":"publish","type":"product","link":"https:\/\/www.studiolongboard.com\/fr\/shop\/streetwear\/socks\/the-heated-wheel-spider-tamer-socks\/","title":{"rendered":"THE HEATED WHEEL Spider Tamer Socks"},"content":{"rendered":"<h2>THE HEATED WHEEL Spider Tamer Socks<\/h2>\n<p>THE HEATED WHEEL Spider Tamer Socks sind die perfekte Wahl f\u00fcr alle, die hochwertige Skateboard-Socken mit einzigartigem Design suchen. Im Crew Style Fit bieten sie optimalen Halt, w\u00e4hrend das moisture wicking Dual-Blend-Material f\u00fcr trockene F\u00fc\u00dfe und h\u00f6chsten Tragekomfort sorgt.<\/p>\n<p>Dank ihrer super soften, extra bequemen Qualit\u00e4t sind sie ideal f\u00fcr lange Skate-Sessions, Streetwear-Looks oder den Alltag. Veredelt mit exklusivem Artwork von Neil Blender, vereinen diese Crew Socks Funktionalit\u00e4t mit kreativem Design.<\/p>\n<p>\u2705 Crew Style Fit \u2013 perfekter Sitz<br \/>\n\u2705 Moisture Wicking \u2013 trockene F\u00fc\u00dfe auch beim Skaten<br \/>\n\u2705 Super Soft &amp; Comfortable<br \/>\n\u2705 K\u00fcnstlerisches Design von Neil Blender<\/p>\n<p>Ob auf dem Skateboard oder als stylishes Streetwear-Detail die Socken sind ein Must-Have f\u00fcr alle, die Qualit\u00e4t und Style verbinden wollen.<\/p>\n<p>The Heated Wheel ist eine kreative Skateboard-Marke, die von <a href=\"https:\/\/en.wikipedia.org\/wiki\/Neil_Blender\">Neil Blender<\/a> gegr\u00fcndet und gestaltet wurde.<\/p>","protected":false},"excerpt":{"rendered":"<p>THE HEATED WHEEL Spider Tamer Socks THE HEATED WHEEL Spider Tamer Socks sind die perfekte Wahl f\u00fcr alle, die hochwertige Skateboard-Socken mit einzigartigem Design suchen. Im Crew Style Fit bieten sie optimalen Halt, w\u00e4hrend das moisture wicking Dual-Blend-Material f\u00fcr trockene F\u00fc\u00dfe und h\u00f6chsten Tragekomfort sorgt. Dank ihrer super soften, extra bequemen Qualit\u00e4t sind sie ideal [&#8230;]\n","protected":false},"featured_media":64204,"comment_status":"closed","ping_status":"closed","template":"","meta":{"jetpack_post_was_ever_published":false,"jetpack_publicize_message":"","jetpack_publicize_feature_enabled":true,"jetpack_social_post_already_shared":true,"jetpack_social_options":{"image_generator_settings":{"template":"highway","default_image_id":0,"font":"","enabled":false},"version":2}},"product_brand":[9155],"product_cat":[533,8875],"product_tag":[9303,9302],"class_list":{"0":"post-64203","1":"product","2":"type-product","3":"status-publish","4":"has-post-thumbnail","6":"product_brand-the-heated-wheel","7":"product_cat-streetwear","8":"product_cat-socks","9":"product_tag-crew-socks","10":"product_tag-neil-blender","11":"product_shipping_class-paket-m","13":"first","14":"instock","15":"taxable","16":"shipping-taxable","17":"purchasable","18":"product-type-simple"},"composite_virtual":false,"composite_layout":"","composite_add_to_cart_form_location":"","composite_editable_in_cart":false,"composite_sold_individually_context":"","composite_shop_price_calc":"","composite_components":[],"composite_scenarios":[],"booking_location":null,"booking_location_type":null,"booking_duration":null,"booking_duration_unit":null,"booking_buffer":null,"booking_cost":null,"booking_resources":null,"jetpack_publicize_connections":[],"jetpack_sharing_enabled":true,"_links":{"self":[{"href":"https:\/\/www.studiolongboard.com\/fr\/wp-json\/wp\/v2\/product\/64203","targetHints":{"allow":["GET"]}}],"collection":[{"href":"https:\/\/www.studiolongboard.com\/fr\/wp-json\/wp\/v2\/product"}],"about":[{"href":"https:\/\/www.studiolongboard.com\/fr\/wp-json\/wp\/v2\/types\/product"}],"replies":[{"embeddable":true,"href":"https:\/\/www.studiolongboard.com\/fr\/wp-json\/wp\/v2\/comments?post=64203"}],"wp:featuredmedia":[{"embeddable":true,"href":"https:\/\/www.studiolongboard.com\/fr\/wp-json\/wp\/v2\/media\/64204"}],"wp:attachment":[{"href":"https:\/\/www.studiolongboard.com\/fr\/wp-json\/wp\/v2\/media?parent=64203"}],"wp:term":[{"taxonomy":"product_brand","embeddable":true,"href":"https:\/\/www.studiolongboard.com\/fr\/wp-json\/wp\/v2\/product_brand?post=64203"},{"taxonomy":"product_cat","embeddable":true,"href":"https:\/\/www.studiolongboard.com\/fr\/wp-json\/wp\/v2\/product_cat?post=64203"},{"taxonomy":"product_tag","embeddable":true,"href":"https:\/\/www.studiolongboard.com\/fr\/wp-json\/wp\/v2\/product_tag?post=64203"}],"curies":[{"name":"wp","href":"https:\/\/api.w.org\/{rel}","templated":true}]}}