{"id":6405,"date":"2019-01-22T18:06:06","date_gmt":"2019-01-22T17:06:06","guid":{"rendered":"https:\/\/www.studiolongboard.com\/?post_type=product&#038;p=6405"},"modified":"2025-11-04T19:40:07","modified_gmt":"2025-11-04T18:40:07","slug":"proberaumnutzung","status":"publish","type":"product","link":"https:\/\/www.studiolongboard.com\/fr\/shop\/tonstudio-dienstleistungen\/proberaumnutzung\/","title":{"rendered":"R\u00e9server une salle de r\u00e9p\u00e9tition \u00e0 l'heure"},"content":{"rendered":"<h2>R\u00e9server une salle de r\u00e9p\u00e9tition \u00e0 l'heure<\/h2>\n<p>Der Aufnahmeraum unseres <a href=\"https:\/\/www.studiolongboard.com\/fr\/studio-denregistrement\/\">Tonstudio\u2019s<\/a> eignet sich super f\u00fcr Probezwecke jeglicher Art. Mit einer Raumgr\u00f6\u00dfe von ca 30 qm bietet es Platz f\u00fcr bis zu 7 Personen. Besonders gut geeignet bei Bands und Projekten, die noch grade in der Entstehung sind und noch keinen festen \u00dcbungsraum gefunden haben. Oder ihr probt sehr unregelm\u00e4\u00dfig aber besonders intensiv vor anstehenden Konzerten, dann ist es vielleicht auch eine gute Alternative gegen\u00fcber einem dunklen, stinkigen Bunker-Proberaum, den ihr mit vielen verschiedenen Bands teilt.<\/p>\n<p>Bei l\u00e4ngeren Probesessions k\u00f6nnt ihr den Aufnahmeraum auch f\u00fcr mehrere Tage am St\u00fcck buchen:<\/p>\n<blockquote class=\"wp-embedded-content\" data-secret=\"fnhHxiNXA5\"><p><a href=\"https:\/\/www.studiolongboard.com\/fr\/product-2\/aufnahmeraum-mieten\/\">Aufnahmeraum\/Proberaum tageweise buchen<\/a><\/p><\/blockquote>\n<p><iframe loading=\"lazy\" class=\"wp-embedded-content\" sandbox=\"allow-scripts\" security=\"restricted\" style=\"position: absolute; visibility: hidden;\" title=\"&#8222;Aufnahmeraum\/Proberaum tageweise buchen&#8220; &#8212; Studio Longboard\" src=\"https:\/\/www.studiolongboard.com\/produkt\/aufnahmeraum-mieten\/embed\/#?secret=RJdH7zf9ot#?secret=fnhHxiNXA5\" data-secret=\"fnhHxiNXA5\" width=\"600\" height=\"338\" frameborder=\"0\" marginwidth=\"0\" marginheight=\"0\" scrolling=\"no\"><\/iframe><\/p>\n<p>Bei uns erfolgt die Proberaumnutzung nur tempor\u00e4r. Wir vergeben keine festen Termine. Daf\u00fcr\u00a0steht euch eine komplette PA mit ausreichend Mikrofonen und Eing\u00e4ngen, ein Schlagzeugset, zwei Gitarrenamps, ein Bassverst\u00e4rker sowie ein Keyboard zur Verf\u00fcgung.<\/p>\n<p><strong>Gitarren (inkl. Kabel) und Schlagzeugbecken bitten, wenn m\u00f6glich, wir selbst mitzubringen. <\/strong>\u00a0Alle eigenen Instrumente und Verst\u00e4rker m\u00fcssen am Ende der Buchung wieder mitgenommen werden.<\/p>\n<p>Folgende Anlage\/Backline steht euch zur Verf\u00fcgung:<\/p>\n<ul>\n<li>Drum Set &#8211; SONOR Performer (bei Bedarf inkl. Becken)<\/li>\n<li>Bassverst\u00e4rker &#8211;\u00a0SWR mit Trace Eliot Box 4&#215;10&#8243;<\/li>\n<li>Gitarrenverst\u00e4rker &#8211; Marshall JCM 900 mit Crate Box 4&#215;12&#8243;<\/li>\n<li>Gitarrenverst\u00e4rker &#8211; Petersburg P100 mit Deichsound Box 2&#215;12&#8243;<\/li>\n<li>Stage Piano <a href=\"https:\/\/www.alesis.com\/products\/view\/recital-pro.html\">Alesis Recital Pro<\/a><\/li>\n<li>Keyboard Yamaha DX7<\/li>\n<li>Digitalmischpult &#8211; YAMAHA LS9-16<\/li>\n<li>Tops &#8211; Kling &amp; Freitag \u00a0(2x 300 Watt)<\/li>\n<li>B\u00e4sse &#8211; Kling &amp; Freitag SW 115 E (2x 750 Watt)<\/li>\n<li>2x Monitore<\/li>\n<li>mindestens 3 Gesangsmikrofone<\/li>\n<\/ul>\n<p>Die Nutzung des Proberaums erfolgt nur nach einer Einweisung durch den Haustechniker, der die meiste Zeit vor Ort ist und bei Fragen zur Verf\u00fcgung steht. Dabei k\u00f6nnen wir fast jeden Sonderwunsch erf\u00fcllen und machen einen kurzen Soundcheck vorab.<\/p>\n<p>Zusammengefasst: Unser Anspruch ist euch perfekte Probebedingungen zu schaffen, bei denen ihr euch voll auf eure Musik konzentrieren k\u00f6nnt.<\/p>\n<p>Unser Tonstudio befindet sich in der Leverkusenstr. 13 Haus F. Je nach Uhrzeit sind Parkpl\u00e4tze direkt vorm Studio vorhanden. Zu Be- und Entladen k\u00f6nnt ihr auch direkt vor die Eingangst\u00fcr vorfahren.<\/p>\n<p>Die Buchung kann nur 5 Tage vor dem Termin kostenlos storniert oder verschoben werden. Bei einer Stornierung mit weniger als 5 Tagen vor dem Termin behalten wir 50 % des Buchungspreises. Bei einer Stornierung bzw. Absage von weniger als 24 Stunden vor dem gebuchten Termin behalten wir 100% des Buchungspreises. Siehe auch <a href=\"https:\/\/www.studiolongboard.com\/fr\/agb-tonstudio\/\">Tonstudio AGB&#8217;s<\/a><\/p>\n<p>Lest bitte auch die <a href=\"https:\/\/www.studiolongboard.com\/wp-content\/uploads\/2025\/01\/Proberaum-Nutzungsregeln.pdf\">Proberaum-Nutzungsregeln<\/a>. Bei der erstmaligen Nutzung des Raums bitten wir nach der technischen Einweisung die Regeln zu unterzeichnen.<\/p>\n<p>Noch Fragen? Dann schreibt uns gerne eine Nachricht \u00fcber unser <a href=\"https:\/\/www.studiolongboard.com\/fr\/kontakt\/kontaktformular\/\">Formulaire de contact<\/a>, wir melden uns schnellstm\u00f6glich.<\/p>\n<p>Euer Studio Longboard<\/p>\n<p>Fotos von Moncef\u00a0Dellandrea<\/p>","protected":false},"excerpt":{"rendered":"<p>Die Buchung kann nur 5 Tage vor dem Termin kostenlos storniert oder verschoben werden. (siehe <a href=\"https:\/\/www.studiolongboard.com\/fr\/agb-tonstudio\/\">Tonstudio AGB&#8217;s)<\/a><\/p>","protected":false},"featured_media":3945,"comment_status":"open","ping_status":"closed","template":"","meta":{"jetpack_post_was_ever_published":false,"jetpack_publicize_message":"","jetpack_publicize_feature_enabled":true,"jetpack_social_post_already_shared":true,"jetpack_social_options":{"image_generator_settings":{"template":"highway","default_image_id":0,"font":"","enabled":false},"version":2}},"product_brand":[],"product_cat":[2674],"product_tag":[1860,1861],"class_list":{"0":"post-6405","1":"product","2":"type-product","3":"status-publish","4":"has-post-thumbnail","6":"product_cat-tonstudio-dienstleistungen","7":"product_tag-proberaum","8":"product_tag-uebungsraum","10":"first","11":"instock","12":"virtual","13":"sold-individually","14":"taxable","15":"purchasable","16":"product-type-booking"},"composite_virtual":false,"composite_layout":"","composite_add_to_cart_form_location":"","composite_editable_in_cart":false,"composite_sold_individually_context":"","composite_shop_price_calc":"","composite_components":[],"composite_scenarios":[],"booking_location":"","booking_location_type":"","booking_duration":1,"booking_duration_unit":"hour","booking_buffer":0,"booking_cost":0,"booking_resources":[6448],"jetpack_publicize_connections":[],"jetpack_sharing_enabled":true,"_links":{"self":[{"href":"https:\/\/www.studiolongboard.com\/fr\/wp-json\/wp\/v2\/product\/6405","targetHints":{"allow":["GET"]}}],"collection":[{"href":"https:\/\/www.studiolongboard.com\/fr\/wp-json\/wp\/v2\/product"}],"about":[{"href":"https:\/\/www.studiolongboard.com\/fr\/wp-json\/wp\/v2\/types\/product"}],"replies":[{"embeddable":true,"href":"https:\/\/www.studiolongboard.com\/fr\/wp-json\/wp\/v2\/comments?post=6405"}],"wp:featuredmedia":[{"embeddable":true,"href":"https:\/\/www.studiolongboard.com\/fr\/wp-json\/wp\/v2\/media\/3945"}],"wp:attachment":[{"href":"https:\/\/www.studiolongboard.com\/fr\/wp-json\/wp\/v2\/media?parent=6405"}],"wp:term":[{"taxonomy":"product_brand","embeddable":true,"href":"https:\/\/www.studiolongboard.com\/fr\/wp-json\/wp\/v2\/product_brand?post=6405"},{"taxonomy":"product_cat","embeddable":true,"href":"https:\/\/www.studiolongboard.com\/fr\/wp-json\/wp\/v2\/product_cat?post=6405"},{"taxonomy":"product_tag","embeddable":true,"href":"https:\/\/www.studiolongboard.com\/fr\/wp-json\/wp\/v2\/product_tag?post=6405"}],"curies":[{"name":"wp","href":"https:\/\/api.w.org\/{rel}","templated":true}]}}