{"id":63354,"date":"2025-07-30T17:52:36","date_gmt":"2025-07-30T15:52:36","guid":{"rendered":"https:\/\/www.studiolongboard.com\/?post_type=product&#038;p=63354"},"modified":"2025-10-02T14:56:44","modified_gmt":"2025-10-02T12:56:44","slug":"loaded-countersunk-hardware","status":"publish","type":"product","link":"https:\/\/www.studiolongboard.com\/fr\/shop\/accessories\/hardware\/loaded-countersunk-hardware\/","title":{"rendered":"Loaded  Countersunk Hardware"},"content":{"rendered":"<h2>Loaded  Countersunk Hardware<\/h2>\n<p>Loaded  Countersunk Hardware Montage-Set Innensechskant inklusive Innensechskant Schl\u00fcssel.<\/p>\n<p>Die Hardware ist aus Material gefertigt, das extra f\u00fcr die Raumfahrt und ihre extremen Bedingungen entwickelt wurde. Der Schl\u00fcssel ist auch aus diesem extrem haltbaren Material und sollte somit ewig halten. Kommt in einer praktischen Box, in der man seine Kugellager, Hardware und sonstiges aufbewahren kann.<\/p>\n<p>These countersunk bolts integrate the washer into the bolt itself in order to reduce the height of the bolt heads while still distributing load pressure.<\/p>\n<p>The packaged nuts and bolts come with an allen key<\/p>","protected":false},"excerpt":{"rendered":"<p>Loaded Countersunk Hardware Loaded Countersunk Hardware Montage-Set Innensechskant inklusive Innensechskant Schl\u00fcssel. Die Hardware ist aus Material gefertigt, das extra f\u00fcr die Raumfahrt und ihre extremen Bedingungen entwickelt wurde. Der Schl\u00fcssel ist auch aus diesem extrem haltbaren Material und sollte somit ewig halten. Kommt in einer praktischen Box, in der man seine Kugellager, Hardware und sonstiges [&#8230;]\n","protected":false},"featured_media":63358,"comment_status":"closed","ping_status":"closed","template":"","meta":{"jetpack_post_was_ever_published":false,"jetpack_publicize_message":"","jetpack_publicize_feature_enabled":true,"jetpack_social_post_already_shared":true,"jetpack_social_options":{"image_generator_settings":{"template":"highway","default_image_id":0,"font":"","enabled":false},"version":2}},"product_brand":[],"product_cat":[320,532],"product_tag":[8953,8955,8956,8957,8958],"class_list":{"0":"post-63354","1":"product","2":"type-product","3":"status-publish","4":"has-post-thumbnail","6":"product_cat-accessories","7":"product_cat-hardware","8":"product_tag-flachkopf","9":"product_tag-allen","10":"product_tag-innensechskant","11":"product_tag-schrauben","12":"product_tag-montagesatz","13":"product_shipping_class-paket-m","15":"first","16":"instock","17":"taxable","18":"shipping-taxable","19":"purchasable","20":"product-type-variable"},"composite_virtual":false,"composite_layout":"","composite_add_to_cart_form_location":"","composite_editable_in_cart":false,"composite_sold_individually_context":"","composite_shop_price_calc":"","composite_components":[],"composite_scenarios":[],"booking_location":null,"booking_location_type":null,"booking_duration":null,"booking_duration_unit":null,"booking_buffer":null,"booking_cost":null,"booking_resources":null,"jetpack_publicize_connections":[],"jetpack_sharing_enabled":true,"_links":{"self":[{"href":"https:\/\/www.studiolongboard.com\/fr\/wp-json\/wp\/v2\/product\/63354","targetHints":{"allow":["GET"]}}],"collection":[{"href":"https:\/\/www.studiolongboard.com\/fr\/wp-json\/wp\/v2\/product"}],"about":[{"href":"https:\/\/www.studiolongboard.com\/fr\/wp-json\/wp\/v2\/types\/product"}],"replies":[{"embeddable":true,"href":"https:\/\/www.studiolongboard.com\/fr\/wp-json\/wp\/v2\/comments?post=63354"}],"wp:featuredmedia":[{"embeddable":true,"href":"https:\/\/www.studiolongboard.com\/fr\/wp-json\/wp\/v2\/media\/63358"}],"wp:attachment":[{"href":"https:\/\/www.studiolongboard.com\/fr\/wp-json\/wp\/v2\/media?parent=63354"}],"wp:term":[{"taxonomy":"product_brand","embeddable":true,"href":"https:\/\/www.studiolongboard.com\/fr\/wp-json\/wp\/v2\/product_brand?post=63354"},{"taxonomy":"product_cat","embeddable":true,"href":"https:\/\/www.studiolongboard.com\/fr\/wp-json\/wp\/v2\/product_cat?post=63354"},{"taxonomy":"product_tag","embeddable":true,"href":"https:\/\/www.studiolongboard.com\/fr\/wp-json\/wp\/v2\/product_tag?post=63354"}],"curies":[{"name":"wp","href":"https:\/\/api.w.org\/{rel}","templated":true}]}}