{"id":62529,"date":"2025-07-03T14:45:02","date_gmt":"2025-07-03T12:45:02","guid":{"rendered":"https:\/\/www.studiolongboard.com\/?post_type=product&#038;p=62529"},"modified":"2026-02-07T15:48:31","modified_gmt":"2026-02-07T14:48:31","slug":"orangatang-bees-knees-90mm-80a-orange","status":"publish","type":"product","link":"https:\/\/www.studiolongboard.com\/fr\/shop\/longboards\/longboard-wheels\/orangatang-bees-knees-90mm-80a-orange\/","title":{"rendered":"Orangatang Bees Knees 90mm 80a Orange"},"content":{"rendered":"<h2 class=\"fn product-title\">Orangatang Bees Knees 90mm 80a Orange<\/h2>\n<p class=\"fn product-title\">Die Orangatang Bee\u2019s Knees sind die neuen Lieblingsrollen f\u00fcr alle, die ihr Board als Fortbewegungsmittel, Fitnessger\u00e4t oder t\u00e4glichen Begleiter nutzen. Ob f\u00fcr lange Strecken, t\u00e4gliches Commuten oder ausgiebiges Pumping \u2013 diese 90mm Rollen bieten dir butterweiches Fahrgef\u00fchl, hervorragenden Grip und exzellente Kontrolle auf jedem Untergrund.<\/p>\n<p>Purer Fahrkomfort \u2013 egal wie rau der Asphalt<br \/>\nDank der speziellen Happy Thane Urethan-Mischung, einem zentral positionierten Core (Centerset) und robusten abgerundeten Lauffl\u00e4chen meistern die Bee\u2019s Knees auch rauere Stra\u00dfen und Risse im Belag. Trotz ihrer Gr\u00f6\u00dfe wiegen sie nur 286\u202fg pro Rolle \u2013 ideal f\u00fcr Long Distance Pushing (LDP), City Commutes und alle, die Bordsteine eher als sportliche Herausforderung sehen.<\/p>\n<p>Mit einem Durchmesser von 90 mm und einem 44 mm breiten Contact Patch bieten sie genau die richtige Balance zwischen Geschwindigkeit, Kontrolle und Leichtigkeit \u2013 der perfekte Mittelweg zwischen den Orangatang Caguama (85 mm) und Dad Bod (105 mm).<\/p>\n<p class=\"fn product-title\">Ma\u00dfe<\/p>\n<p>Durchmesser: 90mm<br \/>\nBreite: 54mm<br \/>\nContact Patch: 44mm<br \/>\nH\u00e4rte: 80a<br \/>\nLagersitz: Centerset<br \/>\nFormula: Happy Thane<br \/>\nGewicht pro Rolle: ca. 286\u202fg<br \/>\nCore: high-strength, high-stiffness, heat-resistant urethane Voluptuous urethane (proportionate in all the right places) for high speed with grip, comfort, and momentum. Fast, Comfortable, &amp; Functional<\/p>\n<p>&nbsp;<\/p>\n<span class=\"embed-youtube\" style=\"text-align:center; display: block;\"><iframe loading=\"lazy\" class=\"youtube-player\" width=\"560\" height=\"315\" src=\"https:\/\/www.youtube.com\/embed\/W_FEEeV46dA?version=3&#038;rel=1&#038;showsearch=0&#038;showinfo=1&#038;iv_load_policy=1&#038;fs=1&#038;hl=fr-FR&#038;autohide=2&#038;wmode=transparent\" allowfullscreen=\"true\" style=\"border:0;\" sandbox=\"allow-scripts allow-same-origin allow-popups allow-presentation allow-popups-to-escape-sandbox\"><\/iframe><\/span><span class=\"embed-youtube\" style=\"text-align:center; display: block;\"><iframe loading=\"lazy\" class=\"youtube-player\" width=\"560\" height=\"315\" src=\"https:\/\/www.youtube.com\/embed\/f1pNNc100Zk?version=3&#038;rel=1&#038;showsearch=0&#038;showinfo=1&#038;iv_load_policy=1&#038;fs=1&#038;hl=fr-FR&#038;autohide=2&#038;wmode=transparent\" allowfullscreen=\"true\" style=\"border:0;\" sandbox=\"allow-scripts allow-same-origin allow-popups allow-presentation allow-popups-to-escape-sandbox\"><\/iframe><\/span>","protected":false},"excerpt":{"rendered":"<p>Orangatang Bees Knees 90mm 80a Orange Die Orangatang Bee\u2019s Knees sind die neuen Lieblingsrollen f\u00fcr alle, die ihr Board als Fortbewegungsmittel, Fitnessger\u00e4t oder t\u00e4glichen Begleiter nutzen. Ob f\u00fcr lange Strecken, t\u00e4gliches Commuten oder ausgiebiges Pumping \u2013 diese 90mm Rollen bieten dir butterweiches Fahrgef\u00fchl, hervorragenden Grip und exzellente Kontrolle auf jedem Untergrund. Purer Fahrkomfort \u2013 egal [&#8230;]\n","protected":false},"featured_media":62530,"comment_status":"open","ping_status":"closed","template":"","meta":{"jetpack_post_was_ever_published":false,"jetpack_publicize_message":"","jetpack_publicize_feature_enabled":true,"jetpack_social_post_already_shared":true,"jetpack_social_options":{"image_generator_settings":{"template":"highway","default_image_id":0,"font":"","enabled":false},"version":2}},"product_brand":[9348],"product_cat":[317],"product_tag":[],"class_list":{"0":"post-62529","1":"product","2":"type-product","3":"status-publish","4":"has-post-thumbnail","6":"product_brand-orangatnag","7":"product_cat-longboard-wheels","8":"product_shipping_class-paket-m","10":"first","11":"instock","12":"taxable","13":"shipping-taxable","14":"purchasable","15":"product-type-simple"},"composite_virtual":false,"composite_layout":"","composite_add_to_cart_form_location":"","composite_editable_in_cart":false,"composite_sold_individually_context":"","composite_shop_price_calc":"","composite_components":[],"composite_scenarios":[],"booking_location":null,"booking_location_type":null,"booking_duration":null,"booking_duration_unit":null,"booking_buffer":null,"booking_cost":null,"booking_resources":null,"jetpack_publicize_connections":[],"jetpack_sharing_enabled":true,"_links":{"self":[{"href":"https:\/\/www.studiolongboard.com\/fr\/wp-json\/wp\/v2\/product\/62529","targetHints":{"allow":["GET"]}}],"collection":[{"href":"https:\/\/www.studiolongboard.com\/fr\/wp-json\/wp\/v2\/product"}],"about":[{"href":"https:\/\/www.studiolongboard.com\/fr\/wp-json\/wp\/v2\/types\/product"}],"replies":[{"embeddable":true,"href":"https:\/\/www.studiolongboard.com\/fr\/wp-json\/wp\/v2\/comments?post=62529"}],"wp:featuredmedia":[{"embeddable":true,"href":"https:\/\/www.studiolongboard.com\/fr\/wp-json\/wp\/v2\/media\/62530"}],"wp:attachment":[{"href":"https:\/\/www.studiolongboard.com\/fr\/wp-json\/wp\/v2\/media?parent=62529"}],"wp:term":[{"taxonomy":"product_brand","embeddable":true,"href":"https:\/\/www.studiolongboard.com\/fr\/wp-json\/wp\/v2\/product_brand?post=62529"},{"taxonomy":"product_cat","embeddable":true,"href":"https:\/\/www.studiolongboard.com\/fr\/wp-json\/wp\/v2\/product_cat?post=62529"},{"taxonomy":"product_tag","embeddable":true,"href":"https:\/\/www.studiolongboard.com\/fr\/wp-json\/wp\/v2\/product_tag?post=62529"}],"curies":[{"name":"wp","href":"https:\/\/api.w.org\/{rel}","templated":true}]}}