{"id":6215,"date":"2018-12-13T11:02:40","date_gmt":"2018-12-13T10:02:40","guid":{"rendered":"https:\/\/www.studiolongboard.com\/?post_type=product&#038;p=6215"},"modified":"2025-12-31T14:12:41","modified_gmt":"2025-12-31T13:12:41","slug":"hackbrett-das-schnelle-3-0","status":"publish","type":"product","link":"https:\/\/www.studiolongboard.com\/fr\/shop\/longboards\/longboard-decks\/downhill-freeride-decks\/hackbrett-das-schnelle-3-0\/","title":{"rendered":"HACKBRETT Le rapide 3.0 Bambou"},"content":{"rendered":"<h2>HACKBRETT Le rapide 3.0 Bambou<\/h2>\n<p>HACKBRETT Das Schnelle 3.0 \u00a0ist, wie der Name schon verr\u00e4t, ein Board gebaut um Gas zu geben. Ein direktionaler Shape mit 3D-Standfl\u00e4che und jeder Menge Features: Rocker, Drop, Fender Flares, Pockets, W Concave, Toewrapper Concave, Gas Pedale, Tailkick, Wheel Wells, Flushcuts&#8230; Das Schnelle ist &#8222;State of the Art&#8220; der Shapekunst.<\/p>\n<p>Man sp\u00fcrt praktisch wie man vom Board angesaugt wird, wenn man sich draufstellt. Die F\u00fc\u00dfe finden automatisch die richtige Position und jede Menge halt. Bergab l\u00e4uft es extrem ruhig und reagiert bei Kantendruck sofort. Ein Downhill-Sportger\u00e4t und eine Freeride-Maschine f\u00fcr Fahrer mit hohen Anspr\u00fcchen.<\/p>\n<p>Technische Daten<\/p>\n<p>Gr\u00f6\u00dfe M:<br \/>\nL\u00e4nge: 91cm<br \/>\nBreite: 23,5cm<br \/>\nWheelbase: 59cm bis 69cm<\/p>\n<p>Gr\u00f6\u00dfe L:<br \/>\nL\u00e4nge: 96,5cm<br \/>\nBreite: 24,5cm<br \/>\nWheelbase: 63cm bis 71,5cm<\/p>\n<p>Gr\u00f6\u00dfe M: Schuhgr\u00f6\u00dfe 38 bis 44. Sweetspot ist Schuhgr\u00f6\u00dfe 42 und K\u00f6rpergr\u00f6\u00dfe 1,75m<br \/>\nGr\u00f6\u00dfe L: Schuhgr\u00f6\u00dfe 42 bis 48. Sweetspot ist Schuhgr\u00f6\u00dfe 45 und K\u00f6rpergr\u00f6\u00dfe 1,85m<\/p>\n<p>Material: Ahorn, Bambus, Esche, Glasfaser<br \/>\nAchsmontage: 63cm\/59cm Newschool, Oldschool Topmount<br \/>\nConcave: 3D<br \/>\nL\u00e4ngsachse: Drop, Rockershape, Tailkick<br \/>\nFeatures: Flushcuts, Wheel Wells, Gas Pedals, Pockets<br \/>\nGewichtsklasse: 40-85kg<\/p>\n<p>Flexstufe I<\/p>\n<p><iframe loading=\"lazy\" title=\"Hackbrett &quot;Das Schnelle&quot;\" src=\"https:\/\/player.vimeo.com\/video\/260422605?dnt=1&amp;app_id=122963\" width=\"1020\" height=\"574\" frameborder=\"0\" allow=\"autoplay; fullscreen; picture-in-picture; clipboard-write; encrypted-media\"><\/iframe><\/p>","protected":false},"excerpt":{"rendered":"<p>HACKBRETT Das Schnelle 3.0 Bambus HACKBRETT Das Schnelle 3.0 \u00a0ist, wie der Name schon verr\u00e4t, ein Board gebaut um Gas zu geben. Ein direktionaler Shape mit 3D-Standfl\u00e4che und jeder Menge Features: Rocker, Drop, Fender Flares, Pockets, W Concave, Toewrapper Concave, Gas Pedale, Tailkick, Wheel Wells, Flushcuts&#8230; Das Schnelle ist &#8222;State of the Art&#8220; der Shapekunst. [&#8230;]\n","protected":false},"featured_media":24791,"comment_status":"open","ping_status":"closed","template":"","meta":{"jetpack_post_was_ever_published":false,"jetpack_publicize_message":"","jetpack_publicize_feature_enabled":true,"jetpack_social_post_already_shared":true,"jetpack_social_options":{"image_generator_settings":{"template":"highway","default_image_id":0,"font":"","enabled":false},"version":2}},"product_brand":[],"product_cat":[8797,313],"product_tag":[],"class_list":{"0":"post-6215","1":"product","2":"type-product","3":"status-publish","4":"has-post-thumbnail","6":"product_cat-downhill-freeride-decks","7":"product_cat-longboard-decks","8":"product_shipping_class-paket","10":"first","11":"instock","12":"sale","13":"taxable","14":"shipping-taxable","15":"purchasable","16":"product-type-variable"},"composite_virtual":false,"composite_layout":"","composite_add_to_cart_form_location":"","composite_editable_in_cart":false,"composite_sold_individually_context":"","composite_shop_price_calc":"","composite_components":[],"composite_scenarios":[],"booking_location":null,"booking_location_type":null,"booking_duration":null,"booking_duration_unit":null,"booking_buffer":null,"booking_cost":null,"booking_resources":null,"jetpack_publicize_connections":[],"jetpack_sharing_enabled":true,"_links":{"self":[{"href":"https:\/\/www.studiolongboard.com\/fr\/wp-json\/wp\/v2\/product\/6215","targetHints":{"allow":["GET"]}}],"collection":[{"href":"https:\/\/www.studiolongboard.com\/fr\/wp-json\/wp\/v2\/product"}],"about":[{"href":"https:\/\/www.studiolongboard.com\/fr\/wp-json\/wp\/v2\/types\/product"}],"replies":[{"embeddable":true,"href":"https:\/\/www.studiolongboard.com\/fr\/wp-json\/wp\/v2\/comments?post=6215"}],"wp:featuredmedia":[{"embeddable":true,"href":"https:\/\/www.studiolongboard.com\/fr\/wp-json\/wp\/v2\/media\/24791"}],"wp:attachment":[{"href":"https:\/\/www.studiolongboard.com\/fr\/wp-json\/wp\/v2\/media?parent=6215"}],"wp:term":[{"taxonomy":"product_brand","embeddable":true,"href":"https:\/\/www.studiolongboard.com\/fr\/wp-json\/wp\/v2\/product_brand?post=6215"},{"taxonomy":"product_cat","embeddable":true,"href":"https:\/\/www.studiolongboard.com\/fr\/wp-json\/wp\/v2\/product_cat?post=6215"},{"taxonomy":"product_tag","embeddable":true,"href":"https:\/\/www.studiolongboard.com\/fr\/wp-json\/wp\/v2\/product_tag?post=6215"}],"curies":[{"name":"wp","href":"https:\/\/api.w.org\/{rel}","templated":true}]}}