{"id":61626,"date":"2025-06-06T08:30:13","date_gmt":"2025-06-06T06:30:13","guid":{"rendered":"https:\/\/www.studiolongboard.com\/?post_type=product&#038;p=61626"},"modified":"2025-06-12T17:32:59","modified_gmt":"2025-06-12T15:32:59","slug":"rocket-regulator-footstop","status":"publish","type":"product","link":"https:\/\/www.studiolongboard.com\/fr\/shop\/accessories\/footstops\/rocket-regulator-footstop\/","title":{"rendered":"Rocket Regulator Footstop"},"content":{"rendered":"<h2 data-start=\"103\" data-end=\"196\"><strong data-start=\"106\" data-end=\"196\">Rocket Longboards Regulator Footstop \u2013 Ergonomischer 3D-Footstop f\u00fcr Downhill &amp; Racing<\/strong><\/h2>\n<p data-start=\"279\" data-end=\"578\">Der <strong data-start=\"283\" data-end=\"312\">Rocket Regulator Footstop<\/strong> ist ein ergonomisch geformter <strong data-start=\"343\" data-end=\"369\">3D-gedruckter Footstop<\/strong>, speziell entwickelt f\u00fcr <strong data-start=\"395\" data-end=\"432\">Downhill- und Racing-Longboarding<\/strong>. Durch sein durchdachtes Design bietet er dir maximale Kontrolle, Sicherheit und Komfort.<\/p>\n<h3 data-start=\"580\" data-end=\"637\"><strong data-start=\"584\" data-end=\"637\">Innovatives Montagesystem f\u00fcr maximale Stabilit\u00e4t<\/strong><\/h3>\n<p data-start=\"639\" data-end=\"1043\">Im Gegensatz zu herk\u00f6mmlichen Footstops wird der Regulator <strong data-start=\"698\" data-end=\"720\">von unten montiert<\/strong>. Dadurch sitzt der Befestigungsbolzen extrem stabil \u2013 auch direkt unter der Baseplate. Die Konstruktion verhindert ein Verdrehen \u00fcber 60\u00b0 hinaus, selbst bei starkem Krafteinfluss. Zus\u00e4tzlich kann das <strong data-start=\"921\" data-end=\"957\">Drehmoment individuell angepasst<\/strong> werden, sodass der Footstop auch nach einem Sturz in der gew\u00fcnschten Position bleibt.<\/p>\n<h3 data-start=\"1045\" data-end=\"1097\"><strong data-start=\"1049\" data-end=\"1097\">Flexible Materialien &amp; durchdachte Ergonomie<\/strong><\/h3>\n<p data-start=\"1099\" data-end=\"1466\">Der Regulator wird <strong data-start=\"1118\" data-end=\"1160\">aus flexiblem TPU-Material 3D-gedruckt<\/strong> und mit einer hochwertigen Messing-Gewindeh\u00fclse verst\u00e4rkt. Das sorgt f\u00fcr einen <strong data-start=\"1240\" data-end=\"1255\">festen Halt<\/strong>, der sich gleichzeitig angenehm an den Fu\u00df anpasst. Seine ergonomische Form bietet dabei optimalen Halt nach oben, <strong data-start=\"1371\" data-end=\"1407\">ohne Druckstellen zu verursachen<\/strong> \u2013 perfekt f\u00fcr lange Sessions und intensive Downhill-Runs.<\/p>\n<hr data-start=\"1468\" data-end=\"1471\" \/>\n<h3 data-start=\"1473\" data-end=\"1508\"><strong data-start=\"1477\" data-end=\"1508\">Eigenschaften im \u00dcberblick:<\/strong><\/h3>\n<ul data-start=\"1509\" data-end=\"2019\">\n<li data-start=\"1509\" data-end=\"1583\">\n<p data-start=\"1511\" data-end=\"1583\"><strong data-start=\"1511\" data-end=\"1545\">3D-gedruckter Footstop aus TPU<\/strong> \u2013 flexibel, langlebig, sto\u00dfd\u00e4mpfend<\/p>\n<\/li>\n<li data-start=\"1584\" data-end=\"1650\">\n<p data-start=\"1586\" data-end=\"1650\"><strong data-start=\"1586\" data-end=\"1610\">Ergonomisches Design<\/strong> \u2013 bietet Halt ohne unangenehmen Druck<\/p>\n<\/li>\n<li data-start=\"1651\" data-end=\"1738\">\n<p data-start=\"1653\" data-end=\"1738\"><strong data-start=\"1653\" data-end=\"1694\">Bodenmontage mit Messing-Gewindeh\u00fclse<\/strong> \u2013 extrem stabil, auch unter der Baseplate<\/p>\n<\/li>\n<li data-start=\"1739\" data-end=\"1814\">\n<p data-start=\"1741\" data-end=\"1814\"><strong data-start=\"1741\" data-end=\"1777\">Begrenzter Rotationswinkel (60\u00b0)<\/strong> \u2013 kein Verdrehen w\u00e4hrend der Fahrt<\/p>\n<\/li>\n<li data-start=\"1815\" data-end=\"1895\">\n<p data-start=\"1817\" data-end=\"1895\"><strong data-start=\"1817\" data-end=\"1845\">Einstellbares Drehmoment<\/strong> \u2013 bleibt auch nach St\u00fcrzen korrekt ausgerichtet<\/p>\n<\/li>\n<li data-start=\"1896\" data-end=\"1941\">\n<p data-start=\"1898\" data-end=\"1941\"><strong data-start=\"1898\" data-end=\"1912\">Ideal f\u00fcr:<\/strong> Downhill, Freeride, Racing<\/p>\n<\/li>\n<li data-start=\"1942\" data-end=\"2019\">\n<p data-start=\"1944\" data-end=\"2019\"><strong data-start=\"1944\" data-end=\"1982\">Alternative f\u00fcr LDP oder Freeride:<\/strong> Siehe unser <a href=\"https:\/\/www.studiolongboard.com\/fr\/product-2\/rocket-low-profile-footstop\/\">Low-Profile Footstop<\/a><\/p>\n<\/li>\n<\/ul>\n<hr data-start=\"2021\" data-end=\"2024\" \/>\n<h3 data-start=\"2026\" data-end=\"2092\"><strong data-start=\"2030\" data-end=\"2092\">Warum der Rocket Regulator Footstop die richtige Wahl ist:<\/strong><\/h3>\n<p data-start=\"2094\" data-end=\"2394\">Ob du auf der Rennstrecke unterwegs bist oder schnelles Downhill-Racing liebst \u2013 dieser <strong data-start=\"2179\" data-end=\"2214\">ergonomische Footstop<\/strong> gibt dir die Kontrolle, die du brauchst. Durch seine innovative Bauweise und das clevere Materialdesign ist der Regulator eine echte Bereicherung f\u00fcr jedes High-Performance-Setup.<\/p>","protected":false},"excerpt":{"rendered":"<p>Rocket Longboards Regulator Footstop \u2013 Ergonomischer 3D-Footstop f\u00fcr Downhill &amp; Racing Der Rocket Regulator Footstop ist ein ergonomisch geformter 3D-gedruckter Footstop, speziell entwickelt f\u00fcr Downhill- und Racing-Longboarding. Durch sein durchdachtes Design bietet er dir maximale Kontrolle, Sicherheit und Komfort. Innovatives Montagesystem f\u00fcr maximale Stabilit\u00e4t Im Gegensatz zu herk\u00f6mmlichen Footstops wird der Regulator von unten montiert. [&#8230;]\n","protected":false},"featured_media":61633,"comment_status":"closed","ping_status":"closed","template":"","meta":{"jetpack_post_was_ever_published":false,"jetpack_publicize_message":"","jetpack_publicize_feature_enabled":true,"jetpack_social_post_already_shared":true,"jetpack_social_options":{"image_generator_settings":{"template":"highway","default_image_id":0,"font":"","enabled":false},"version":2}},"product_brand":[9145],"product_cat":[8863,320],"product_tag":[777],"class_list":{"0":"post-61626","1":"product","2":"type-product","3":"status-publish","4":"has-post-thumbnail","6":"product_brand-rocket","7":"product_cat-footstops","8":"product_cat-accessories","9":"product_tag-footstop","10":"product_shipping_class-paket-m","12":"first","13":"instock","14":"taxable","15":"shipping-taxable","16":"purchasable","17":"product-type-simple"},"composite_virtual":false,"composite_layout":"","composite_add_to_cart_form_location":"","composite_editable_in_cart":false,"composite_sold_individually_context":"","composite_shop_price_calc":"","composite_components":[],"composite_scenarios":[],"booking_location":null,"booking_location_type":null,"booking_duration":null,"booking_duration_unit":null,"booking_buffer":null,"booking_cost":null,"booking_resources":null,"jetpack_publicize_connections":[],"jetpack_sharing_enabled":true,"_links":{"self":[{"href":"https:\/\/www.studiolongboard.com\/fr\/wp-json\/wp\/v2\/product\/61626","targetHints":{"allow":["GET"]}}],"collection":[{"href":"https:\/\/www.studiolongboard.com\/fr\/wp-json\/wp\/v2\/product"}],"about":[{"href":"https:\/\/www.studiolongboard.com\/fr\/wp-json\/wp\/v2\/types\/product"}],"replies":[{"embeddable":true,"href":"https:\/\/www.studiolongboard.com\/fr\/wp-json\/wp\/v2\/comments?post=61626"}],"wp:featuredmedia":[{"embeddable":true,"href":"https:\/\/www.studiolongboard.com\/fr\/wp-json\/wp\/v2\/media\/61633"}],"wp:attachment":[{"href":"https:\/\/www.studiolongboard.com\/fr\/wp-json\/wp\/v2\/media?parent=61626"}],"wp:term":[{"taxonomy":"product_brand","embeddable":true,"href":"https:\/\/www.studiolongboard.com\/fr\/wp-json\/wp\/v2\/product_brand?post=61626"},{"taxonomy":"product_cat","embeddable":true,"href":"https:\/\/www.studiolongboard.com\/fr\/wp-json\/wp\/v2\/product_cat?post=61626"},{"taxonomy":"product_tag","embeddable":true,"href":"https:\/\/www.studiolongboard.com\/fr\/wp-json\/wp\/v2\/product_tag?post=61626"}],"curies":[{"name":"wp","href":"https:\/\/api.w.org\/{rel}","templated":true}]}}