{"id":61601,"date":"2025-06-05T17:48:11","date_gmt":"2025-06-05T15:48:11","guid":{"rendered":"https:\/\/www.studiolongboard.com\/?post_type=product&#038;p=61601"},"modified":"2025-12-31T12:59:32","modified_gmt":"2025-12-31T11:59:32","slug":"rocket-rambler-36","status":"publish","type":"product","link":"https:\/\/www.studiolongboard.com\/fr\/shop\/longboards\/longboard-decks\/ldp\/rocket-rambler-36\/","title":{"rendered":"ROCKET Rambler V2 36&#8243; Longboard Deck"},"content":{"rendered":"<h2>ROCKET Rambler V2 36&#8243; Longboard Deck<\/h2>\n<p><strong>Rocket Rambler V2 \u2013 LDP-Longboard f\u00fcr Commuting und Langstrecken-Fahrten<\/strong><\/p>\n<p>Mit dem Rocket Rambler V2 bringt Rocket Longboards ein leistungsstarkes und zugleich einsteigerfreundliches Longboard f\u00fcr Long Distance Pumping (LDP) und t\u00e4gliches Pendeln auf den Markt. Dieses Modell kombiniert intelligentes Design, leichtes Gewicht und hohe Effizienz \u2013 ideal f\u00fcr Fahrer, die Wert auf Komfort und Performance bei l\u00e4ngeren Strecken legen.<\/p>\n<p>LDP-optimiertes Deckdesign \u2013 ideal f\u00fcr Pumping und Pushen<\/p>\n<p>Dank der extrem niedrigen Standplattform ist das Pushen besonders kraftsparend. Die spezielle Geometrie mit verkeilter Nose (+9\u00b0) und Tail (-13\u00b0) erzeugt optimale Winkel f\u00fcr effizientes Pumpen \u2013 ganz ohne spezielle LDP-Achsen. Die ergonomische 3D-Concave bietet sicheren Halt, ohne den Komfort auf langen Fahrten zu beeintr\u00e4chtigen.<\/p>\n<p>F\u00fcr den Rambler V2 wurde die L\u00e4nge gegen\u00fcber dem Vorg\u00e4ngermodell (38,4&#8243;) reduziert \u2013 auf nur 91,2 cm (35,9&#8243;). Das macht das Board leichter, handlicher und damit ideal f\u00fcr Stadtfahrten und t\u00e4gliches Pendeln.<br \/>\nTechnische Details:<\/p>\n<p>L\u00e4nge: 91,2 cm (35,9&#8243;)<\/p>\n<p>Breite: 24,6 cm (9,7&#8243;)<\/p>\n<p>Achsenstand (Wheelbase): 74,4 cm (29,3&#8243;)<\/p>\n<p>Concave-Tiefe: 12 mm<\/p>\n<p>Profil: Rocker\/Camber\/Rocker<\/p>\n<p>Material: Ahornholz, Fiberglas, ABS-Furnier<\/p>\n<p>Gewichtsklasse: Ultraleichte Hohlkern-Konstruktion<\/p>\n<p>Achskompatibilit\u00e4t: Standard 50\u00b0 Reverse-Kingpin-Trucks (150\u2013180 mm)<\/p>\n<p>Rollengr\u00f6\u00dfe: bis zu 92 mm<\/p>\n<p>Flex-Optionen:<\/p>\n<p>Flex 2 \u2013 Standard:<br \/>\n\u00a0 F\u00fcr Fahrer bis 90 kg. Bietet einen aktiven Rebound und ist perfekt f\u00fcr effizientes, dynamisches Pumpen.<\/p>\n<p>Flex 1 \u2013 Stiff:<br \/>\n\u00a0 F\u00fcr Fahrer bis 110 kg oder f\u00fcr Rider, die mehr Stabilit\u00e4t und Steifigkeit bevorzugen \u2013 z.\u202fB. f\u00fcr schnelle Downhill-Fahrten.<\/p>\n<p>Ideal f\u00fcr deinen LDP-Start \u2013 kompatibel mit Standardkomponenten<\/p>\n<p>Im Gegensatz zu klassischen LDP-Plattformen kannst du den Rambler V2 mit ganz normalen Komponenten aus dem Skateshop aufbauen. Das macht ihn nicht nur g\u00fcnstiger und flexibler, sondern auch einfacher zu warten und anzupassen. F\u00fcr Einsteiger ebenso attraktiv wie f\u00fcr erfahrene Long-Distance-Rider.<\/p>\n<p>Fazit: Dein Commuting- und LDP-Board mit Swiss Made Qualit\u00e4t<\/p>\n<p>Der Rocket Rambler V2 ist das perfekte Longboard f\u00fcr Pendler, Pumping-Fans und Langstreckenfahrer. Mit hochwertiger Verarbeitung, durchdachtem Design und hoher Vielseitigkeit bietet es ein exzellentes Fahrerlebnis auf jedem Kilometer \u2013 egal ob in der Stadt oder auf langen Strecken.<\/p>\n<p>Deck only.<\/p>","protected":false},"excerpt":{"rendered":"<p>ROCKET Rambler V2 36&#8243; Longboard Deck Rocket Rambler V2 \u2013 LDP-Longboard f\u00fcr Commuting und Langstrecken-Fahrten Mit dem Rocket Rambler V2 bringt Rocket Longboards ein leistungsstarkes und zugleich einsteigerfreundliches Longboard f\u00fcr Long Distance Pumping (LDP) und t\u00e4gliches Pendeln auf den Markt. Dieses Modell kombiniert intelligentes Design, leichtes Gewicht und hohe Effizienz \u2013 ideal f\u00fcr Fahrer, die [&#8230;]\n","protected":false},"featured_media":61620,"comment_status":"open","ping_status":"closed","template":"","meta":{"jetpack_post_was_ever_published":false,"jetpack_publicize_message":"","jetpack_publicize_feature_enabled":true,"jetpack_social_post_already_shared":true,"jetpack_social_options":{"image_generator_settings":{"template":"highway","default_image_id":0,"font":"","enabled":false},"version":2}},"product_brand":[9145],"product_cat":[313,8975],"product_tag":[462,322,343,4247,5223],"class_list":{"0":"post-61601","1":"product","2":"type-product","3":"status-publish","4":"has-post-thumbnail","6":"product_brand-rocket","7":"product_cat-longboard-decks","8":"product_cat-ldp","9":"product_tag-cruiser","10":"product_tag-drop-through","11":"product_tag-downhill","12":"product_tag-long-distance","13":"product_tag-ldp","14":"product_shipping_class-paket","16":"first","17":"instock","18":"taxable","19":"shipping-taxable","20":"purchasable","21":"product-type-variable"},"composite_virtual":false,"composite_layout":"","composite_add_to_cart_form_location":"","composite_editable_in_cart":false,"composite_sold_individually_context":"","composite_shop_price_calc":"","composite_components":[],"composite_scenarios":[],"booking_location":null,"booking_location_type":null,"booking_duration":null,"booking_duration_unit":null,"booking_buffer":null,"booking_cost":null,"booking_resources":null,"jetpack_publicize_connections":[],"jetpack_sharing_enabled":true,"_links":{"self":[{"href":"https:\/\/www.studiolongboard.com\/fr\/wp-json\/wp\/v2\/product\/61601","targetHints":{"allow":["GET"]}}],"collection":[{"href":"https:\/\/www.studiolongboard.com\/fr\/wp-json\/wp\/v2\/product"}],"about":[{"href":"https:\/\/www.studiolongboard.com\/fr\/wp-json\/wp\/v2\/types\/product"}],"replies":[{"embeddable":true,"href":"https:\/\/www.studiolongboard.com\/fr\/wp-json\/wp\/v2\/comments?post=61601"}],"wp:featuredmedia":[{"embeddable":true,"href":"https:\/\/www.studiolongboard.com\/fr\/wp-json\/wp\/v2\/media\/61620"}],"wp:attachment":[{"href":"https:\/\/www.studiolongboard.com\/fr\/wp-json\/wp\/v2\/media?parent=61601"}],"wp:term":[{"taxonomy":"product_brand","embeddable":true,"href":"https:\/\/www.studiolongboard.com\/fr\/wp-json\/wp\/v2\/product_brand?post=61601"},{"taxonomy":"product_cat","embeddable":true,"href":"https:\/\/www.studiolongboard.com\/fr\/wp-json\/wp\/v2\/product_cat?post=61601"},{"taxonomy":"product_tag","embeddable":true,"href":"https:\/\/www.studiolongboard.com\/fr\/wp-json\/wp\/v2\/product_tag?post=61601"}],"curies":[{"name":"wp","href":"https:\/\/api.w.org\/{rel}","templated":true}]}}