{"id":6044,"date":"2018-10-29T18:52:50","date_gmt":"2018-10-29T17:52:50","guid":{"rendered":"https:\/\/www.studiolongboard.com\/?post_type=product&#038;p=6044"},"modified":"2025-06-18T23:58:14","modified_gmt":"2025-06-18T21:58:14","slug":"bones-bearings-reds","status":"publish","type":"product","link":"https:\/\/www.studiolongboard.com\/fr\/shop\/accessories\/kugellager\/bones-bearings-reds\/","title":{"rendered":"BONES Bearings Reds"},"content":{"rendered":"<h2>BONES Bearings Reds<\/h2>\n<p>BONES Bearings Reds sind aufgrund ihrer guten Leistung und des niedrigen Preises inzwischen der meistverkaufte Bearing-Brand Amerikas. Sie werden entsprechend Bones &#8222;Skate Rated&#8220;-Spezifikationen in einer Produktionsst\u00e4tte in China hergestellt. Dort werden sie vor dem Versand zweimal gepr\u00fcft und bieten die beste Leistung, Strapazierf\u00e4higkeit und die g\u00fcnstigsten Preise der Industrie.<\/p>\n<p>Enth\u00e4lt 8 Kugellager, Anleitung und 1 Sticker<\/p>","protected":false},"excerpt":{"rendered":"<p>BONES Bearings Reds BONES Bearings Reds sind aufgrund ihrer guten Leistung und des niedrigen Preises inzwischen der meistverkaufte Bearing-Brand Amerikas. Sie werden entsprechend Bones &#8222;Skate Rated&#8220;-Spezifikationen in einer Produktionsst\u00e4tte in China hergestellt. Dort werden sie vor dem Versand zweimal gepr\u00fcft und bieten die beste Leistung, Strapazierf\u00e4higkeit und die g\u00fcnstigsten Preise der Industrie. Enth\u00e4lt 8 Kugellager, [&#8230;]\n","protected":false},"featured_media":6045,"comment_status":"closed","ping_status":"closed","template":"","meta":{"jetpack_post_was_ever_published":false,"jetpack_publicize_message":"","jetpack_publicize_feature_enabled":true,"jetpack_social_post_already_shared":true,"jetpack_social_options":{"image_generator_settings":{"template":"highway","default_image_id":0,"font":"","enabled":false},"version":2}},"product_brand":[],"product_cat":[4130,320],"product_tag":[753,754],"class_list":{"0":"post-6044","1":"product","2":"type-product","3":"status-publish","4":"has-post-thumbnail","6":"product_cat-kugellager","7":"product_cat-accessories","8":"product_tag-bearings","9":"product_tag-kugellager","10":"product_shipping_class-paket-m","12":"first","13":"outofstock","14":"taxable","15":"shipping-taxable","16":"purchasable","17":"product-type-simple"},"composite_virtual":false,"composite_layout":"","composite_add_to_cart_form_location":"","composite_editable_in_cart":false,"composite_sold_individually_context":"","composite_shop_price_calc":"","composite_components":[],"composite_scenarios":[],"booking_location":null,"booking_location_type":null,"booking_duration":null,"booking_duration_unit":null,"booking_buffer":null,"booking_cost":null,"booking_resources":null,"jetpack_publicize_connections":[],"jetpack_sharing_enabled":true,"_links":{"self":[{"href":"https:\/\/www.studiolongboard.com\/fr\/wp-json\/wp\/v2\/product\/6044","targetHints":{"allow":["GET"]}}],"collection":[{"href":"https:\/\/www.studiolongboard.com\/fr\/wp-json\/wp\/v2\/product"}],"about":[{"href":"https:\/\/www.studiolongboard.com\/fr\/wp-json\/wp\/v2\/types\/product"}],"replies":[{"embeddable":true,"href":"https:\/\/www.studiolongboard.com\/fr\/wp-json\/wp\/v2\/comments?post=6044"}],"wp:featuredmedia":[{"embeddable":true,"href":"https:\/\/www.studiolongboard.com\/fr\/wp-json\/wp\/v2\/media\/6045"}],"wp:attachment":[{"href":"https:\/\/www.studiolongboard.com\/fr\/wp-json\/wp\/v2\/media?parent=6044"}],"wp:term":[{"taxonomy":"product_brand","embeddable":true,"href":"https:\/\/www.studiolongboard.com\/fr\/wp-json\/wp\/v2\/product_brand?post=6044"},{"taxonomy":"product_cat","embeddable":true,"href":"https:\/\/www.studiolongboard.com\/fr\/wp-json\/wp\/v2\/product_cat?post=6044"},{"taxonomy":"product_tag","embeddable":true,"href":"https:\/\/www.studiolongboard.com\/fr\/wp-json\/wp\/v2\/product_tag?post=6044"}],"curies":[{"name":"wp","href":"https:\/\/api.w.org\/{rel}","templated":true}]}}