{"id":58963,"date":"2025-04-14T14:41:54","date_gmt":"2025-04-14T12:41:54","guid":{"rendered":"https:\/\/www.studiolongboard.com\/?post_type=product&#038;p=58963"},"modified":"2026-01-24T13:07:37","modified_gmt":"2026-01-24T12:07:37","slug":"kendama-record-symbiosis","status":"publish","type":"product","link":"https:\/\/www.studiolongboard.com\/fr\/shop\/kendama\/kendama-record-symbiosis\/","title":{"rendered":"KENDAMA Record + Symbiosis MC"},"content":{"rendered":"<h2>KENDAMA Record + Symbiosis<\/h2>\n<p>KENDAMA Record + Symbiosis &#8211; Das legend\u00e4re Record Kendama kehrt als Record Plus zur\u00fcck. Der deutsche Kendama Meister Olaf Jaszczuk und viele der besten Kendama Pros der Welt sind \u00fcberzeugt: Der Shape, der die Kendama-Welt schon einmal revolutioniert hat, wird neue Ma\u00dfst\u00e4be setzen.<\/p>\n<p>Sticky MC (Match Clear) Lack<\/p>\n<p>Auf den ersten Blick stechen die breite Outline und das volumige Sarado mit sehr gro\u00dfen Tellern ins Auge, die f\u00fcr m\u00e4chtig viel Kontrolle beim Catchen sowie zentrale Stabilit\u00e4t und Drehfreudigkeit bei Fliptricks sorgen.<\/p>\n<p>Der kleine Teller hat einen breiteren Rand als der gro\u00dfe \u2013 ein gro\u00dfes Plus in puncto Ausgeglichenheit. So bleibt das Ken in allen Situationen im Gleichgewicht und garantiert dabei sehr gute Bird und stall Kontrolle.<\/p>\n<p>Das stimmige Gesamtkonzept samt der neuen Base Cup Bohrung macht das Record Plus zu einem High-Performance Kendama. Cup und stall Tricks gehen ebenso leicht von der Hand wie fl\u00fcssige Stringcombos und komplexe Juggles.<\/p>\n<p>Aufgrund der unglaublichen guten Overall Balance lassen sich trotz der \u00fcberragenden Lunar Balance auch weiterhin smooth Slingers zocken.<\/p>\n<p>Die Schnur ist lang genug f\u00fcr Juggles direkt aus der Verpackung und ein High-Speed-Kugellager erm\u00f6glicht endlose Flowcombos.<\/p>\n<p>Fazit:<br \/>\nKendama Europe hat seine langj\u00e4hrige Erfahrung als Kendama-Pionier und Shaper mit dem innovativen Record Plus Shape einmal mehr ausgespielt und setzt neue Ma\u00dfst\u00e4be im Balance Game.<\/p>\n<p>Eigenschaften:<br \/>\nKenshape:<br \/>\nDas Plus Shape ist etwas gr\u00f6\u00dfer als herk\u00f6mmliche Kendamas und vermittelt dadurch noch mehr Kontrolle in der Hand.<\/p>\n<p>Saradoshape:<br \/>\nMit der Saradoform haben sich die Shaper selbst \u00fcbertroffen. Das Centervolumen kombiniert unglaubliche Drehfreudigkeit mit h\u00f6chster Flugstabilit\u00e4t und setzt neue Ma\u00dfst\u00e4be in der Kendama-Welt.<\/p>\n<p>Cups:<br \/>\nDie Cupgr\u00f6\u00dfe \u00fcbertrifft alles bisher Dagewesene und vereinfacht jegliche Arten von Catches\u2013 egal ob Cup Game, Lunars oder Stalls. Einmal ausprobiert, willst Du nie wieder auf die gro\u00dfen Teller verzichten.<\/p>\n<p>Basecup hole:<br \/>\nDie Aussparung sorgt f\u00fcr ein leichteren Basecup und verlagert das Gesamtgewicht noch mehr ins Zentrum. Dies f\u00fchrt zu einer prefekten Lunar Balance.<\/p>\n<p>Overallshape:<br \/>\nDas ideale Kendama f\u00fcr Fortgeschrittene und Pro Spieler mit High-Performance-Ambitionen. Es wird allen Anforderungen des Kendama- Spiels auf h\u00f6chstem Skill-Level gerecht.<\/p>\n<p>Kugel:<br \/>\nDie Kugel ist ein Ticken gr\u00f6\u00dfer als bei herk\u00f6mmlichen Kendamas, genauso wie die Lochbohrung und deren Eintrittswinkel. Spiken war noch nie so leicht!<\/p>\n<p>Lack:<br \/>\nJe nach Spielstil in drei Varianten erh\u00e4ltlich: Natur, Grip Lack (sehr gut f\u00fcr Balance Tricks) und Match Clear (der neueste Sticky lack mit dem wirklich alles geht). Alle Lackvarianten weisen eine sehr hohe Haltbarkeit und Langlebigkeit auf \u2013 wie Ihr es von Kendama Europe gewohnt seid.<\/p>\n<p>Schnurl\u00e4nge:<br \/>\nExtra lange Schnur, die alle Arten von Juggles, String- und Flow-Tricks erm\u00f6glicht.<\/p>\n<p>Spinner:<br \/>\nHigh Speed Micro Bearing verhindert, dass sich die Schnur aufdreht und erlaubt Dir endlose Flow Trick Combos.<\/p>\n<p>Dieses Kendama wird mit folgenden Extras geliefert:<br \/>\nEine illustrierte Gebrauchs-, und Trickanleitung<br \/>\nExtra lange Ersatzschnur, Perle &#038; Einf\u00e4delwerkzeug<br \/>\nViele l\u00e4ssige Sticker<\/p>\n<p>Farbe: \tGrafik<br \/>\nLackart: \tSticky MC (Match Clear)<br \/>\nHersteller: \tKendama Europe<br \/>\nAltersempfehlung: \tGeeignet f\u00fcr Kinder ab 7 Jahren.<br \/>\nGr\u00f6\u00dfe: \tPlus<br \/>\nModell: \tRecord Plus<br \/>\nHolzart Ken: \tBuchenholz<br \/>\nHolzart Kugel: \tBuchenholz<br \/>\nSchnurl\u00e4nge: \tsechs Finger<br \/>\nBesonderheiten des Kens: \tbase cup hole<br \/>\nBesonderheiten der Kugel : \tEye-Tracking-Design, gro\u00dfes Kugelloch<br \/>\nVerpackungsgewicht: \t250 g<\/p>","protected":false},"excerpt":{"rendered":"<p>KENDAMA Record + Symbiosis KENDAMA Record + Symbiosis &#8211; Das legend\u00e4re Record Kendama kehrt als Record Plus zur\u00fcck. Der deutsche Kendama Meister Olaf Jaszczuk und viele der besten Kendama Pros der Welt sind \u00fcberzeugt: Der Shape, der die Kendama-Welt schon einmal revolutioniert hat, wird neue Ma\u00dfst\u00e4be setzen. Sticky MC (Match Clear) Lack Auf den ersten [&#8230;]\n","protected":false},"featured_media":58966,"comment_status":"open","ping_status":"closed","template":"","meta":{"jetpack_post_was_ever_published":false,"jetpack_publicize_message":"","jetpack_publicize_feature_enabled":true,"jetpack_social_post_already_shared":true,"jetpack_social_options":{"image_generator_settings":{"template":"highway","default_image_id":0,"font":"","enabled":false},"version":2}},"product_brand":[9183],"product_cat":[732,320],"product_tag":[722,726],"class_list":{"0":"post-58963","1":"product","2":"type-product","3":"status-publish","4":"has-post-thumbnail","6":"product_brand-kendama-europe","7":"product_cat-kendama","8":"product_cat-accessories","9":"product_tag-kendama","10":"product_tag-triple-stripes","11":"product_shipping_class-paket-m","13":"first","14":"instock","15":"taxable","16":"shipping-taxable","17":"purchasable","18":"product-type-simple"},"composite_virtual":false,"composite_layout":"","composite_add_to_cart_form_location":"","composite_editable_in_cart":false,"composite_sold_individually_context":"","composite_shop_price_calc":"","composite_components":[],"composite_scenarios":[],"booking_location":null,"booking_location_type":null,"booking_duration":null,"booking_duration_unit":null,"booking_buffer":null,"booking_cost":null,"booking_resources":null,"jetpack_publicize_connections":[],"jetpack_sharing_enabled":true,"_links":{"self":[{"href":"https:\/\/www.studiolongboard.com\/fr\/wp-json\/wp\/v2\/product\/58963","targetHints":{"allow":["GET"]}}],"collection":[{"href":"https:\/\/www.studiolongboard.com\/fr\/wp-json\/wp\/v2\/product"}],"about":[{"href":"https:\/\/www.studiolongboard.com\/fr\/wp-json\/wp\/v2\/types\/product"}],"replies":[{"embeddable":true,"href":"https:\/\/www.studiolongboard.com\/fr\/wp-json\/wp\/v2\/comments?post=58963"}],"wp:featuredmedia":[{"embeddable":true,"href":"https:\/\/www.studiolongboard.com\/fr\/wp-json\/wp\/v2\/media\/58966"}],"wp:attachment":[{"href":"https:\/\/www.studiolongboard.com\/fr\/wp-json\/wp\/v2\/media?parent=58963"}],"wp:term":[{"taxonomy":"product_brand","embeddable":true,"href":"https:\/\/www.studiolongboard.com\/fr\/wp-json\/wp\/v2\/product_brand?post=58963"},{"taxonomy":"product_cat","embeddable":true,"href":"https:\/\/www.studiolongboard.com\/fr\/wp-json\/wp\/v2\/product_cat?post=58963"},{"taxonomy":"product_tag","embeddable":true,"href":"https:\/\/www.studiolongboard.com\/fr\/wp-json\/wp\/v2\/product_tag?post=58963"}],"curies":[{"name":"wp","href":"https:\/\/api.w.org\/{rel}","templated":true}]}}