{"id":5723,"date":"2018-04-18T19:02:33","date_gmt":"2018-04-18T17:02:33","guid":{"rendered":"https:\/\/www.studiolongboard.com\/?post_type=product&#038;p=5723"},"modified":"2026-04-30T21:05:48","modified_gmt":"2026-04-30T19:05:48","slug":"blood-orange-midnight-65mm-84a","status":"publish","type":"product","link":"https:\/\/www.studiolongboard.com\/fr\/shop\/longboards\/longboard-wheels\/blood-orange-midnight-65mm-84a\/","title":{"rendered":"BLOOD ORANGE Midnight Navy 65MM 84A"},"content":{"rendered":"<h3>BLOOD ORANGE Midnight Navy 65MM 84A<\/h3>\n<p>set of 4<br \/>\nPastel &#8211; Navy<\/p>\n<p>Produktinformationen<br \/>\nGr\u00f6\u00dfe: 65 x 31mm<br \/>\nH\u00e4rte: 84A<br \/>\nFarbe: Navy<br \/>\nMade in USA<\/p>","protected":false},"excerpt":{"rendered":"<p>BLOOD ORANGE Midnight Navy 65MM 84A set of 4 Pastel &#8211; Navy Produktinformationen Gr\u00f6\u00dfe: 65 x 31mm H\u00e4rte: 84A Farbe: Navy Made in USA<\/p>","protected":false},"featured_media":8649,"comment_status":"open","ping_status":"closed","template":"","meta":{"jetpack_post_was_ever_published":false,"jetpack_publicize_message":"","jetpack_publicize_feature_enabled":true,"jetpack_social_post_already_shared":true,"jetpack_social_options":{"image_generator_settings":{"template":"highway","default_image_id":0,"font":"","enabled":false},"version":2}},"product_brand":[],"product_cat":[311,317],"product_tag":[],"class_list":{"0":"post-5723","1":"product","2":"type-product","3":"status-publish","4":"has-post-thumbnail","6":"product_cat-longboards","7":"product_cat-longboard-wheels","8":"product_shipping_class-paket-m","10":"first","11":"onbackorder","12":"taxable","13":"shipping-taxable","14":"product-type-simple"},"composite_virtual":false,"composite_layout":"","composite_add_to_cart_form_location":"","composite_editable_in_cart":false,"composite_sold_individually_context":"","composite_shop_price_calc":"","composite_components":[],"composite_scenarios":[],"booking_location":null,"booking_location_type":null,"booking_duration":null,"booking_duration_unit":null,"booking_buffer":null,"booking_cost":null,"booking_resources":null,"jetpack_publicize_connections":[],"jetpack_sharing_enabled":true,"_links":{"self":[{"href":"https:\/\/www.studiolongboard.com\/fr\/wp-json\/wp\/v2\/product\/5723","targetHints":{"allow":["GET"]}}],"collection":[{"href":"https:\/\/www.studiolongboard.com\/fr\/wp-json\/wp\/v2\/product"}],"about":[{"href":"https:\/\/www.studiolongboard.com\/fr\/wp-json\/wp\/v2\/types\/product"}],"replies":[{"embeddable":true,"href":"https:\/\/www.studiolongboard.com\/fr\/wp-json\/wp\/v2\/comments?post=5723"}],"wp:featuredmedia":[{"embeddable":true,"href":"https:\/\/www.studiolongboard.com\/fr\/wp-json\/wp\/v2\/media\/8649"}],"wp:attachment":[{"href":"https:\/\/www.studiolongboard.com\/fr\/wp-json\/wp\/v2\/media?parent=5723"}],"wp:term":[{"taxonomy":"product_brand","embeddable":true,"href":"https:\/\/www.studiolongboard.com\/fr\/wp-json\/wp\/v2\/product_brand?post=5723"},{"taxonomy":"product_cat","embeddable":true,"href":"https:\/\/www.studiolongboard.com\/fr\/wp-json\/wp\/v2\/product_cat?post=5723"},{"taxonomy":"product_tag","embeddable":true,"href":"https:\/\/www.studiolongboard.com\/fr\/wp-json\/wp\/v2\/product_tag?post=5723"}],"curies":[{"name":"wp","href":"https:\/\/api.w.org\/{rel}","templated":true}]}}