{"id":5150,"date":"2017-11-25T15:09:04","date_gmt":"2017-11-25T14:09:04","guid":{"rendered":"https:\/\/www.studiolongboard.com\/?post_type=product&#038;p=5150"},"modified":"2025-11-13T18:30:25","modified_gmt":"2025-11-13T17:30:25","slug":"timber-boards-axolotl","status":"publish","type":"product","link":"https:\/\/www.studiolongboard.com\/fr\/shop\/longboards\/longboard-decks\/dance-freestyle-decks\/timber-boards-axolotl\/","title":{"rendered":"TIMBER Boards Axolotl 2k22 Deck"},"content":{"rendered":"<h2>TIMBER Boards Axolotl<\/h2>\n<p>TIMBER Boards Axolotl 2k22 Deck ist ein pures Freestyle-Deck. Designed in Kooperation mit Mor Wolf, ist es ein Monster der besten Features, die Timber zu bieten hat.<\/p>\n<p>Mehrstufiges Concave verleiht diesem Board ein sehr charakteristisches Gef\u00fchl. Die Mitte ist im Vergleich zu\u00a0den Standfl\u00e4chen\u00a0etwas weniger konkav. Dadruch hast due ein ausgewogenes und gleichm\u00e4\u00dfiges Gef\u00fchl beim Tanzen auf dem Brett. Der st\u00e4rkere\u00a0Concave mit mehr Kr\u00fcmmung in den Standfl\u00e4chen gibt dir mehr Grip beim Sliden.<br \/>\nDie verschiedenen Wheelbase-Optionen erm\u00f6glichen dir mit der Gr\u00f6\u00dfe der Kicks zu spielen: Kurze Wheelbase, gr\u00f6\u00dfere Kicks und dadurch mehr Pop. Das Besondere an den Timber Boards ist die zus\u00e4tzliche Verst\u00e4rkung der Kicks, damit diese sich nicht so schnell abnutzen und an Fl\u00e4che verlieren.<\/p>\n<p>Insgesamt muss man sagen, dass Timber hier enorm viel Know-How und Erfahrung hineingesteckt hat. Ein Profi-Board mit einem sehr guten Preis-Leistungsverh\u00e4ltnis.<\/p>\n<p>Made in Netherlands<\/p>\n<p>&nbsp;<\/p>\n<p>L\u00e4nge: 105cm \/ 41,33&#8243;<\/p>\n<p>Breite: 23,3cm \/ 9,17&#8243;<\/p>\n<p>Wheelbase: 62,5-65,5cm \/ 24,60-25,78&#8243;<\/p>\n<p>Material: Bamboo , Glassfiber , Carbonfiber<\/p>\n<p>New for 2K22:<\/p>\n<p>Better and sharper graphic, more defined and brighter colours with higher contrast.<br \/>\nNew pressing method and a tweaked lay-up with a more even distribution of forces which results in a more balanced and stronger deck.<br \/>\nAbrasion resistant top finish to keep that colour looking good.<br \/>\nDancergrip (clear) as a standard on all 2K22 decks. Can be combined with regular grip too as it will still stick as usual.<\/p>","protected":false},"excerpt":{"rendered":"<p>TIMBER Boards Axolotl TIMBER Boards Axolotl 2k22 Deck ist ein pures Freestyle-Deck. Designed in Kooperation mit Mor Wolf, ist es ein Monster der besten Features, die Timber zu bieten hat. Mehrstufiges Concave verleiht diesem Board ein sehr charakteristisches Gef\u00fchl. Die Mitte ist im Vergleich zu\u00a0den Standfl\u00e4chen\u00a0etwas weniger konkav. Dadruch hast due ein ausgewogenes und gleichm\u00e4\u00dfiges [&#8230;]\n","protected":false},"featured_media":23218,"comment_status":"open","ping_status":"closed","template":"","meta":{"jetpack_post_was_ever_published":false,"jetpack_publicize_message":"","jetpack_publicize_feature_enabled":true,"jetpack_social_post_already_shared":false,"jetpack_social_options":{"image_generator_settings":{"template":"highway","default_image_id":0,"font":"","enabled":false},"version":2}},"product_brand":[],"product_cat":[311,313,8789],"product_tag":[373,342],"class_list":{"0":"post-5150","1":"product","2":"type-product","3":"status-publish","4":"has-post-thumbnail","6":"product_cat-longboards","7":"product_cat-longboard-decks","8":"product_cat-dance-freestyle-decks","9":"product_tag-dancer","10":"product_tag-freeestyle","11":"product_shipping_class-paket","13":"first","14":"outofstock","15":"taxable","16":"shipping-taxable","17":"purchasable","18":"product-type-simple"},"composite_virtual":false,"composite_layout":"","composite_add_to_cart_form_location":"","composite_editable_in_cart":false,"composite_sold_individually_context":"","composite_shop_price_calc":"","composite_components":[],"composite_scenarios":[],"booking_location":null,"booking_location_type":null,"booking_duration":null,"booking_duration_unit":null,"booking_buffer":null,"booking_cost":null,"booking_resources":null,"jetpack_publicize_connections":[],"jetpack_sharing_enabled":true,"_links":{"self":[{"href":"https:\/\/www.studiolongboard.com\/fr\/wp-json\/wp\/v2\/product\/5150","targetHints":{"allow":["GET"]}}],"collection":[{"href":"https:\/\/www.studiolongboard.com\/fr\/wp-json\/wp\/v2\/product"}],"about":[{"href":"https:\/\/www.studiolongboard.com\/fr\/wp-json\/wp\/v2\/types\/product"}],"replies":[{"embeddable":true,"href":"https:\/\/www.studiolongboard.com\/fr\/wp-json\/wp\/v2\/comments?post=5150"}],"wp:featuredmedia":[{"embeddable":true,"href":"https:\/\/www.studiolongboard.com\/fr\/wp-json\/wp\/v2\/media\/23218"}],"wp:attachment":[{"href":"https:\/\/www.studiolongboard.com\/fr\/wp-json\/wp\/v2\/media?parent=5150"}],"wp:term":[{"taxonomy":"product_brand","embeddable":true,"href":"https:\/\/www.studiolongboard.com\/fr\/wp-json\/wp\/v2\/product_brand?post=5150"},{"taxonomy":"product_cat","embeddable":true,"href":"https:\/\/www.studiolongboard.com\/fr\/wp-json\/wp\/v2\/product_cat?post=5150"},{"taxonomy":"product_tag","embeddable":true,"href":"https:\/\/www.studiolongboard.com\/fr\/wp-json\/wp\/v2\/product_tag?post=5150"}],"curies":[{"name":"wp","href":"https:\/\/api.w.org\/{rel}","templated":true}]}}