{"id":49311,"date":"2025-02-11T14:55:12","date_gmt":"2025-02-11T13:55:12","guid":{"rendered":"https:\/\/www.studiolongboard.com\/?post_type=product&#038;p=49311"},"modified":"2025-02-11T14:55:12","modified_gmt":"2025-02-11T13:55:12","slug":"fallen-corsair-seafom-orange-skate-shoe","status":"publish","type":"product","link":"https:\/\/www.studiolongboard.com\/fr\/shop\/streetwear\/shoes\/fallen-corsair-seafom-orange-skate-shoe\/","title":{"rendered":"FALLEN Corsair Seafom Orange Chaussures de skate"},"content":{"rendered":"<h2>FALLEN Corsair Seafom Orange Chaussures de skate<\/h2>\n<p>FALLEN Corsair Seafom Orange\u00a0ist ein High-Top-Skate-Schuh, der f\u00fcr maximalen Kn\u00f6chelschutz entwickelt wurde. Er verf\u00fcgt \u00fcber eine gepolsterte Zunge und einen gepolsterten Schaft f\u00fcr einen sicheren Sitz. Gefertigt aus strapazierf\u00e4higem, hochwertigem Wildleder, bietet der Corsair Vielseitigkeit f\u00fcr verschiedene Anl\u00e4sse und gew\u00e4hrleistet gleichzeitig hervorragenden Grip und ein gutes Boardgef\u00fchl.<\/p>","protected":false},"excerpt":{"rendered":"<p>FALLEN Corsair Seafom Orange Skate Shoe FALLEN Corsair Seafom Orange\u00a0ist ein High-Top-Skate-Schuh, der f\u00fcr maximalen Kn\u00f6chelschutz entwickelt wurde. Er verf\u00fcgt \u00fcber eine gepolsterte Zunge und einen gepolsterten Schaft f\u00fcr einen sicheren Sitz. Gefertigt aus strapazierf\u00e4higem, hochwertigem Wildleder, bietet der Corsair Vielseitigkeit f\u00fcr verschiedene Anl\u00e4sse und gew\u00e4hrleistet gleichzeitig hervorragenden Grip und ein gutes Boardgef\u00fchl.<\/p>","protected":false},"featured_media":49316,"comment_status":"closed","ping_status":"closed","template":"","meta":{"jetpack_post_was_ever_published":false,"jetpack_publicize_message":"","jetpack_publicize_feature_enabled":true,"jetpack_social_post_already_shared":true,"jetpack_social_options":{"image_generator_settings":{"template":"highway","default_image_id":0,"font":"","enabled":false},"version":2}},"product_brand":[9125],"product_cat":[320,533,8878],"product_tag":[9126],"class_list":{"0":"post-49311","1":"product","2":"type-product","3":"status-publish","4":"has-post-thumbnail","6":"product_brand-fallen","7":"product_cat-accessories","8":"product_cat-streetwear","9":"product_cat-shoes","10":"product_tag-seafoam","12":"first","13":"instock","14":"taxable","15":"shipping-taxable","16":"purchasable","17":"product-type-variable"},"composite_virtual":false,"composite_layout":"","composite_add_to_cart_form_location":"","composite_editable_in_cart":false,"composite_sold_individually_context":"","composite_shop_price_calc":"","composite_components":[],"composite_scenarios":[],"booking_location":null,"booking_location_type":null,"booking_duration":null,"booking_duration_unit":null,"booking_buffer":null,"booking_cost":null,"booking_resources":null,"jetpack_publicize_connections":[],"jetpack_sharing_enabled":true,"_links":{"self":[{"href":"https:\/\/www.studiolongboard.com\/fr\/wp-json\/wp\/v2\/product\/49311","targetHints":{"allow":["GET"]}}],"collection":[{"href":"https:\/\/www.studiolongboard.com\/fr\/wp-json\/wp\/v2\/product"}],"about":[{"href":"https:\/\/www.studiolongboard.com\/fr\/wp-json\/wp\/v2\/types\/product"}],"replies":[{"embeddable":true,"href":"https:\/\/www.studiolongboard.com\/fr\/wp-json\/wp\/v2\/comments?post=49311"}],"wp:featuredmedia":[{"embeddable":true,"href":"https:\/\/www.studiolongboard.com\/fr\/wp-json\/wp\/v2\/media\/49316"}],"wp:attachment":[{"href":"https:\/\/www.studiolongboard.com\/fr\/wp-json\/wp\/v2\/media?parent=49311"}],"wp:term":[{"taxonomy":"product_brand","embeddable":true,"href":"https:\/\/www.studiolongboard.com\/fr\/wp-json\/wp\/v2\/product_brand?post=49311"},{"taxonomy":"product_cat","embeddable":true,"href":"https:\/\/www.studiolongboard.com\/fr\/wp-json\/wp\/v2\/product_cat?post=49311"},{"taxonomy":"product_tag","embeddable":true,"href":"https:\/\/www.studiolongboard.com\/fr\/wp-json\/wp\/v2\/product_tag?post=49311"}],"curies":[{"name":"wp","href":"https:\/\/api.w.org\/{rel}","templated":true}]}}