{"id":45390,"date":"2025-01-29T14:09:21","date_gmt":"2025-01-29T13:09:21","guid":{"rendered":"https:\/\/www.studiolongboard.com\/?post_type=product&#038;p=45390"},"modified":"2026-04-04T16:00:18","modified_gmt":"2026-04-04T14:00:18","slug":"seismic-fullspin-7-ball-lite-built-in-bearings","status":"publish","type":"product","link":"https:\/\/www.studiolongboard.com\/fr\/shop\/accessories\/kugellager\/seismic-fullspin-7-ball-lite-built-in-bearings\/","title":{"rendered":"Roulements SEISMIC Fullspin 7-Ball Lite Built-In"},"content":{"rendered":"<h2>Roulements SEISMIC Fullspin 7-Ball Lite Built-In<\/h2>\n<p>Les roulements SEISMIC Fullspin 7-Ball Lite Built-In ont le meilleur \u00e9quilibre global de vitesse et de r\u00e9sistance aux impacts fr\u00e9quents et aux charges lat\u00e9rales. Recommand\u00e9s pour les virages \u00e0 grande vitesse \/ le sliding et toutes les disciplines de style \/ tricks.<\/p>\n<p>Premium Steel balls - Des roulements \u00e0 l'int\u00e9rieur de la balle avec une friction plus faible.<\/p>\n<p>Tol\u00e9rances d'assemblage et de course exceptionnellement serr\u00e9es et coh\u00e9rentes - R\u00e9duction significative du jeu interne, de la friction, de l'usure et du bruit. Vitesse, maniabilit\u00e9 et durabilit\u00e9 sup\u00e9rieures.<\/p>\n<p>Anneaux ext\u00e9rieurs extra-r\u00e9sistants en acier et plus \u00e9pais - Les pistes de course supportent les courbes les plus strictes et la finition de surface la plus fine - et les roulements restent fermes et rapides - pour bien plus longtemps. Des bagues ext\u00e9rieures plus \u00e9paisses, 60%-stiffer, r\u00e9sistent \u00e0 la flexion, tournent plus vite et plus fort, et emp\u00eachent les joints de se d\u00e9tacher lors d'impacts extr\u00eames.<\/p>\n<p>Syst\u00e8me d'espacement\/d'alignement Built-In \u00e0 la pointe de la technologie - Un design plus abordable sans la technologie de bride Built-In brevet\u00e9e de Fullspin (visible sur les mod\u00e8les Steel et Ceramic XT), mais toujours sup\u00e9rieur aux syst\u00e8mes Built-In d'autres marques. Des demi-entretoises int\u00e9grales avec des sp\u00e9cifications dimensionnelles plus intelligentes et plus strictes square up inside wheels with outstanding precision and stability. Les niveaux du syst\u00e8me et les stabilisations de tous les composants en fonctionnement des roulements assis permettent de d\u00e9bloquer des performances coupl\u00e9es vraiment exceptionnelles. Synergizes with all advanced features in individual bearings to maintain extremely consistent wheel contact and grip ; support highly predictable slide performance ; and noticeably extended both wheel and bearing life.<\/p>\n<p>Lubrifiant haut de gamme - Formul\u00e9 pour une performance maximale sous des contraintes de patinage r\u00e9elles (pas de temps de rotation libre maximal).<\/p>\n<p>Joints ext\u00e9rieurs en forme de labyrinthe - Les bords des joints s'enfoncent dans des rainures en forme de V pour une r\u00e9sistance maximale \u00e0 la poussi\u00e8re et aux d\u00e9bris.<\/p>\n<p>Reteneurs de balles anti-contaminants de niveau sup\u00e9rieur - Des fentes de diam\u00e8tre ext\u00e9rieur \u00e9largies dans la rainure de l'anneau ext\u00e9rieur, comme une deuxi\u00e8me barri\u00e8re, pour former une barri\u00e8re int\u00e9grale unique contre la salet\u00e9 et la crasse.<\/p>\n<p>A quelques exceptions pr\u00e8s, les autres marques de skate ne sont que des \"touristes\" lorsqu'il s'agit de roulements - elles se procurent des produits moyens aupr\u00e8s de courtiers tiers ou de petits producteurs, avec peu ou pas d'informations sur l'ing\u00e9nierie et les sp\u00e9cifications de fabrication.<\/p>\n<p>Une fois que vous avez gratt\u00e9 la surface, les roulements deviennent follement techniques - \u00e0 tel point que des marques peu scrupuleuses peuvent souvent s'en tirer avec des sursimplifications, des affirmations mensong\u00e8res ou exag\u00e9r\u00e9es, et des fabrications outranci\u00e8res. Mais chez Seismic, ils ont explor\u00e9 la science et les faits - et innov\u00e9 dans la technologie sup\u00e9rieure des roulements de skate - depuis 2011.<\/p>","protected":false},"excerpt":{"rendered":"<p>SEISMIC Fullspin 7-Ball Lite Built-In Bearings SEISMIC Fullspin 7-Ball Lite Built-In Bearings have best overall balance of speed and resistance to frequent impacts and side loads. Recommended for high-speed turning \/ sliding and all style \/ trick disciplines. Premium Steel balls \u2013 Truer, lower-friction ball spin inside bearings. Exceptionally tight, consistent assembly and raceway tolerances [&#8230;]\n","protected":false},"featured_media":45443,"comment_status":"open","ping_status":"closed","template":"","meta":{"jetpack_post_was_ever_published":false,"jetpack_publicize_message":"SEISMIC Fullspin 7-Ball Lite Built-In Bearings","jetpack_publicize_feature_enabled":true,"jetpack_social_post_already_shared":true,"jetpack_social_options":{"image_generator_settings":{"template":"highway","default_image_id":0,"font":"","enabled":false},"version":2}},"product_brand":[9144],"product_cat":[4130,320],"product_tag":[786,8458,9114],"class_list":{"0":"post-45390","1":"product","2":"type-product","3":"status-publish","4":"has-post-thumbnail","6":"product_brand-seismic","7":"product_cat-kugellager","8":"product_cat-accessories","9":"product_tag-built-in-spacer","10":"product_tag-7-ball","11":"product_tag-fullspin","12":"product_shipping_class-paket-m","14":"first","15":"outofstock","16":"taxable","17":"shipping-taxable","18":"purchasable","19":"product-type-simple"},"composite_virtual":false,"composite_layout":"","composite_add_to_cart_form_location":"","composite_editable_in_cart":false,"composite_sold_individually_context":"","composite_shop_price_calc":"","composite_components":[],"composite_scenarios":[],"booking_location":null,"booking_location_type":null,"booking_duration":null,"booking_duration_unit":null,"booking_buffer":null,"booking_cost":null,"booking_resources":null,"jetpack_publicize_connections":[],"jetpack_sharing_enabled":true,"_links":{"self":[{"href":"https:\/\/www.studiolongboard.com\/fr\/wp-json\/wp\/v2\/product\/45390","targetHints":{"allow":["GET"]}}],"collection":[{"href":"https:\/\/www.studiolongboard.com\/fr\/wp-json\/wp\/v2\/product"}],"about":[{"href":"https:\/\/www.studiolongboard.com\/fr\/wp-json\/wp\/v2\/types\/product"}],"replies":[{"embeddable":true,"href":"https:\/\/www.studiolongboard.com\/fr\/wp-json\/wp\/v2\/comments?post=45390"}],"wp:featuredmedia":[{"embeddable":true,"href":"https:\/\/www.studiolongboard.com\/fr\/wp-json\/wp\/v2\/media\/45443"}],"wp:attachment":[{"href":"https:\/\/www.studiolongboard.com\/fr\/wp-json\/wp\/v2\/media?parent=45390"}],"wp:term":[{"taxonomy":"product_brand","embeddable":true,"href":"https:\/\/www.studiolongboard.com\/fr\/wp-json\/wp\/v2\/product_brand?post=45390"},{"taxonomy":"product_cat","embeddable":true,"href":"https:\/\/www.studiolongboard.com\/fr\/wp-json\/wp\/v2\/product_cat?post=45390"},{"taxonomy":"product_tag","embeddable":true,"href":"https:\/\/www.studiolongboard.com\/fr\/wp-json\/wp\/v2\/product_tag?post=45390"}],"curies":[{"name":"wp","href":"https:\/\/api.w.org\/{rel}","templated":true}]}}