{"id":34586,"date":"2024-12-19T14:34:35","date_gmt":"2024-12-19T13:34:35","guid":{"rendered":"https:\/\/www.studiolongboard.com\/?post_type=product&#038;p=34586"},"modified":"2026-03-09T19:46:21","modified_gmt":"2026-03-09T18:46:21","slug":"triple-eight-bumsaver-2-padded-shorts","status":"publish","type":"product","link":"https:\/\/www.studiolongboard.com\/fr\/shop\/protection\/schuetzer\/triple-eight-bumsaver-2-padded-shorts\/","title":{"rendered":"Triple Eight Bumsaver 2 Padded Shorts"},"content":{"rendered":"<h2>Triple Eight Bumsaver 2 Padded Shorts<\/h2>\n<p>Protect your rear, hips and thighs with Triple Eight&#8217;s Bumsaver padded shorts. Designed to wear discreetly under your clothes, they\u2019re made with a lightweight, breathable, form-fitting mesh fabric for an extra comfy fit.<\/p>\n<p>Triple Eight Bumsaver Protektorenhose ist hergestellt aus einem weichen, atmungsaktiven Mesh-Gewebe, das sich an die individuelle K\u00f6rperform anpasst und so f\u00fcr Elastizit\u00e4t und optimalen Tragekomfort sorgt.<\/p>\n<p>Der Bumsaver wurde f\u00fcr den Einsatz bei unterschiedlichen Sportarten entwickelt, wie z.B. Downhill-Skateboarding, Snowboarden oder BMX. Die Hose ist in genau den wichtigsten Bereichen gepolstert: H\u00fcften und Stei\u00dfbein um Verletzungen bei St\u00fcrzen zu vermeiden.<\/p>\n<p>Die Schutzpolster bestehen aus sto\u00dfabsorbierendem EVA-Schaum und sind entfernbar, um das Waschen zu erleichtern.<\/p>\n<p><strong>Gr\u00f6\u00dfen \u2013 Taillenumfang:<\/strong><\/p>\n<ul>\n<li>JR\/XS: 55\u201368 cm (22&#8243;\u201327&#8243;)<\/li>\n<li>S: 66\u201376 cm (26&#8243;\u201333&#8243;)<\/li>\n<li>M: 73\u201383 cm (29&#8243;\u201333&#8243;)<\/li>\n<li>L: 83\u201396 cm (32&#8243;\u201338&#8243;)<\/li>\n<li>XL: 91\u2013106 cm (36&#8243;\u201342&#8243;)<\/li>\n<\/ul>","protected":false},"excerpt":{"rendered":"<p>Triple Eight Bumsaver 2 Padded Shorts Protect your rear, hips and thighs with Triple Eight&#8217;s Bumsaver padded shorts. Designed to wear discreetly under your clothes, they\u2019re made with a lightweight, breathable, form-fitting mesh fabric for an extra comfy fit. Triple Eight Bumsaver Protektorenhose ist hergestellt aus einem weichen, atmungsaktiven Mesh-Gewebe, das sich an die individuelle [&#8230;]\n","protected":false},"featured_media":34591,"comment_status":"closed","ping_status":"closed","template":"","meta":{"jetpack_post_was_ever_published":false,"jetpack_publicize_message":"","jetpack_publicize_feature_enabled":true,"jetpack_social_post_already_shared":true,"jetpack_social_options":{"image_generator_settings":{"template":"highway","default_image_id":0,"font":"","enabled":false},"version":2}},"product_brand":[9163],"product_cat":[320,505,528],"product_tag":[6894,8846,8847,8848],"class_list":{"0":"post-34586","1":"product","2":"type-product","3":"status-publish","4":"has-post-thumbnail","6":"product_brand-triple-eight","7":"product_cat-accessories","8":"product_cat-protection","9":"product_cat-schuetzer","10":"product_tag-protection","11":"product_tag-bumsaver","12":"product_tag-protektoren","13":"product_tag-crashpants","14":"product_shipping_class-paket-m","16":"first","17":"instock","18":"taxable","19":"shipping-taxable","20":"purchasable","21":"product-type-variable"},"composite_virtual":false,"composite_layout":"","composite_add_to_cart_form_location":"","composite_editable_in_cart":false,"composite_sold_individually_context":"","composite_shop_price_calc":"","composite_components":[],"composite_scenarios":[],"booking_location":null,"booking_location_type":null,"booking_duration":null,"booking_duration_unit":null,"booking_buffer":null,"booking_cost":null,"booking_resources":null,"jetpack_publicize_connections":[],"jetpack_sharing_enabled":true,"_links":{"self":[{"href":"https:\/\/www.studiolongboard.com\/fr\/wp-json\/wp\/v2\/product\/34586","targetHints":{"allow":["GET"]}}],"collection":[{"href":"https:\/\/www.studiolongboard.com\/fr\/wp-json\/wp\/v2\/product"}],"about":[{"href":"https:\/\/www.studiolongboard.com\/fr\/wp-json\/wp\/v2\/types\/product"}],"replies":[{"embeddable":true,"href":"https:\/\/www.studiolongboard.com\/fr\/wp-json\/wp\/v2\/comments?post=34586"}],"wp:featuredmedia":[{"embeddable":true,"href":"https:\/\/www.studiolongboard.com\/fr\/wp-json\/wp\/v2\/media\/34591"}],"wp:attachment":[{"href":"https:\/\/www.studiolongboard.com\/fr\/wp-json\/wp\/v2\/media?parent=34586"}],"wp:term":[{"taxonomy":"product_brand","embeddable":true,"href":"https:\/\/www.studiolongboard.com\/fr\/wp-json\/wp\/v2\/product_brand?post=34586"},{"taxonomy":"product_cat","embeddable":true,"href":"https:\/\/www.studiolongboard.com\/fr\/wp-json\/wp\/v2\/product_cat?post=34586"},{"taxonomy":"product_tag","embeddable":true,"href":"https:\/\/www.studiolongboard.com\/fr\/wp-json\/wp\/v2\/product_tag?post=34586"}],"curies":[{"name":"wp","href":"https:\/\/api.w.org\/{rel}","templated":true}]}}