{"id":34570,"date":"2024-12-19T13:31:10","date_gmt":"2024-12-19T12:31:10","guid":{"rendered":"https:\/\/www.studiolongboard.com\/?post_type=product&#038;p=34570"},"modified":"2025-09-21T16:57:24","modified_gmt":"2025-09-21T14:57:24","slug":"187-killer-pads-helmet-lizzie","status":"publish","type":"product","link":"https:\/\/www.studiolongboard.com\/fr\/shop\/protection\/helme\/187-killer-pads-helmet-lizzie\/","title":{"rendered":"187 KILLER PADS Casque Lizzie"},"content":{"rendered":"<h2>187 KILLER PADS Casque Lizzie<\/h2>\n<p>Der 187 KILLER PADS Helmet Lizzie ist ein hochwertiger Schutzhelm, der in Zusammenarbeit mit der Profi-Skaterin Lizzie Armanto entwickelt wurde. Er bietet optimalen Schutz und Komfort f\u00fcr Skateboarder und BMX-Fahrer.<\/p>\n<p><strong>Hauptmerkmale:<\/strong><\/p>\n<p><strong>Schutz:<\/strong> Die robuste Au\u00dfenschale aus Acrylnitril-Butadien-Styrol (ABS) und die sto\u00dfd\u00e4mpfende Innenschale bieten hervorragenden Schutz bei St\u00fcrzen und Aufpr\u00e4llen.<\/p>\n<p><strong>Komfort:<\/strong> Der Helm ist mit einem Sweatsaver-Innenfutter ausgestattet, das Schwei\u00df absorbiert und f\u00fcr ein angenehmes Tragegef\u00fchl sorgt. Dieses Futter kann herausgenommen und gewaschen werden, um Hygiene und Frische zu gew\u00e4hrleisten.<\/p>\n<p><strong>Design:<\/strong> Das von Lizzie Armanto inspirierte Design zeichnet sich durch ein stilvolles Blumenmuster auf schwarzem Hintergrund aus, das sowohl funktional als auch \u00e4sthetisch ansprechend ist.<\/p>\n<p><strong>Bel\u00fcftung:<\/strong> Mehrere Bel\u00fcftungs\u00f6ffnungen sorgen f\u00fcr eine gute Luftzirkulation und verhindern \u00fcberm\u00e4\u00dfiges Schwitzen w\u00e4hrend der Aktivit\u00e4t.<\/p>\n<p><strong>tailles :<\/strong> Der Helm ist in verschiedenen Gr\u00f6\u00dfen erh\u00e4ltlich, um eine optimale Passform f\u00fcr unterschiedliche Kopfumf\u00e4nge zu gew\u00e4hrleisten. Beispielsweise deckt die Gr\u00f6\u00dfe S\/M einen Kopfumfang von 54 bis 58 cm ab.<\/p>\n<p>Dieser Helm kombiniert Sicherheit, Komfort und ein ansprechendes Design und ist somit eine ausgezeichnete Wahl f\u00fcr alle, die Wert auf Qualit\u00e4t und Stil legen.<\/p>\n<p>&#8222;I&#8217;m so stoked on my new helmet and pads from 187! The whole collection was fun to create and came out even better than expected!&#8220; &#8211; Lizzie Armanto<\/p>\n<p>Classic Low-Profile &amp; Lightweight Helmet Now With The World\u2019s Most Plush, Comfortable, Washable Sweatsaver Liner.<\/p>\n<p>Rugged ABS Helmet Shell<br \/>\nOne-Of-A-Kind Full-Coverage Liner of Interlocking Foam<br \/>\nRevolutionary Fit Kit To Fully Customize Your Helmet<br \/>\nMulti-Point Strap Adjustment<br \/>\nNo-Pinch Buckle<br \/>\nNo-Sweat Air Vents<\/p>","protected":false},"excerpt":{"rendered":"<p>187 KILLER PADS Helmet Lizzie Der 187 KILLER PADS Helmet Lizzie ist ein hochwertiger Schutzhelm, der in Zusammenarbeit mit der Profi-Skaterin Lizzie Armanto entwickelt wurde. Er bietet optimalen Schutz und Komfort f\u00fcr Skateboarder und BMX-Fahrer. Hauptmerkmale: Schutz: Die robuste Au\u00dfenschale aus Acrylnitril-Butadien-Styrol (ABS) und die sto\u00dfd\u00e4mpfende Innenschale bieten hervorragenden Schutz bei St\u00fcrzen und Aufpr\u00e4llen. Komfort: [&#8230;]\n","protected":false},"featured_media":34574,"comment_status":"closed","ping_status":"closed","template":"","meta":{"jetpack_post_was_ever_published":false,"jetpack_publicize_message":"","jetpack_publicize_feature_enabled":true,"jetpack_social_post_already_shared":true,"jetpack_social_options":{"image_generator_settings":{"template":"highway","default_image_id":0,"font":"","enabled":false},"version":2}},"product_brand":[9259],"product_cat":[320,505,529,687],"product_tag":[],"class_list":{"0":"post-34570","1":"product","2":"type-product","3":"status-publish","4":"has-post-thumbnail","6":"product_brand-187-killer-pads","7":"product_cat-accessories","8":"product_cat-protection","9":"product_cat-helme","10":"product_cat-sale","12":"first","13":"instock","14":"sale","15":"taxable","16":"shipping-taxable","17":"purchasable","18":"product-type-variable"},"composite_virtual":false,"composite_layout":"","composite_add_to_cart_form_location":"","composite_editable_in_cart":false,"composite_sold_individually_context":"","composite_shop_price_calc":"","composite_components":[],"composite_scenarios":[],"booking_location":null,"booking_location_type":null,"booking_duration":null,"booking_duration_unit":null,"booking_buffer":null,"booking_cost":null,"booking_resources":null,"jetpack_publicize_connections":[],"jetpack_sharing_enabled":true,"_links":{"self":[{"href":"https:\/\/www.studiolongboard.com\/fr\/wp-json\/wp\/v2\/product\/34570","targetHints":{"allow":["GET"]}}],"collection":[{"href":"https:\/\/www.studiolongboard.com\/fr\/wp-json\/wp\/v2\/product"}],"about":[{"href":"https:\/\/www.studiolongboard.com\/fr\/wp-json\/wp\/v2\/types\/product"}],"replies":[{"embeddable":true,"href":"https:\/\/www.studiolongboard.com\/fr\/wp-json\/wp\/v2\/comments?post=34570"}],"wp:featuredmedia":[{"embeddable":true,"href":"https:\/\/www.studiolongboard.com\/fr\/wp-json\/wp\/v2\/media\/34574"}],"wp:attachment":[{"href":"https:\/\/www.studiolongboard.com\/fr\/wp-json\/wp\/v2\/media?parent=34570"}],"wp:term":[{"taxonomy":"product_brand","embeddable":true,"href":"https:\/\/www.studiolongboard.com\/fr\/wp-json\/wp\/v2\/product_brand?post=34570"},{"taxonomy":"product_cat","embeddable":true,"href":"https:\/\/www.studiolongboard.com\/fr\/wp-json\/wp\/v2\/product_cat?post=34570"},{"taxonomy":"product_tag","embeddable":true,"href":"https:\/\/www.studiolongboard.com\/fr\/wp-json\/wp\/v2\/product_tag?post=34570"}],"curies":[{"name":"wp","href":"https:\/\/api.w.org\/{rel}","templated":true}]}}