{"id":34348,"date":"2024-12-10T14:00:46","date_gmt":"2024-12-10T13:00:46","guid":{"rendered":"https:\/\/www.studiolongboard.com\/?post_type=product&#038;p=34348"},"modified":"2026-04-01T13:08:05","modified_gmt":"2026-04-01T11:08:05","slug":"kingpin-69mm","status":"publish","type":"product","link":"https:\/\/www.studiolongboard.com\/fr\/shop\/accessories\/hardware\/kingpin-69mm\/","title":{"rendered":"Kingpin 69mm"},"content":{"rendered":"<p>Kingpin 69mm<\/p>\n<p>&nbsp;<\/p>\n<ul>\n<li>Gesamtl\u00e4nge: 69mm<\/li>\n<li>Stiftl\u00e4nge bis unterhalb Kopf: 63mm<\/li>\n<li>Gewindel\u00e4nge: 28mm<\/li>\n<li>Zollgewinde<\/li>\n<li>Schl\u00fcsselweite 14mm<\/li>\n<li>je ein St\u00fcck<\/li>\n<\/ul>","protected":false},"excerpt":{"rendered":"<p>Kingpin 69mm &nbsp; Gesamtl\u00e4nge: 69mm Stiftl\u00e4nge bis unterhalb Kopf: 63mm Gewindel\u00e4nge: 28mm Zollgewinde Schl\u00fcsselweite 14mm je ein St\u00fcck<\/p>","protected":false},"featured_media":34349,"comment_status":"closed","ping_status":"closed","template":"","meta":{"jetpack_post_was_ever_published":false,"jetpack_publicize_message":"","jetpack_publicize_feature_enabled":true,"jetpack_social_post_already_shared":true,"jetpack_social_options":{"image_generator_settings":{"template":"highway","default_image_id":0,"font":"","enabled":false},"version":2}},"product_brand":[],"product_cat":[320,532],"product_tag":[],"class_list":{"0":"post-34348","1":"product","2":"type-product","3":"status-publish","4":"has-post-thumbnail","6":"product_cat-accessories","7":"product_cat-hardware","8":"product_shipping_class-paket-m","10":"first","11":"instock","12":"taxable","13":"shipping-taxable","14":"purchasable","15":"product-type-simple"},"composite_virtual":false,"composite_layout":"","composite_add_to_cart_form_location":"","composite_editable_in_cart":false,"composite_sold_individually_context":"","composite_shop_price_calc":"","composite_components":[],"composite_scenarios":[],"booking_location":null,"booking_location_type":null,"booking_duration":null,"booking_duration_unit":null,"booking_buffer":null,"booking_cost":null,"booking_resources":null,"jetpack_publicize_connections":[],"jetpack_sharing_enabled":true,"_links":{"self":[{"href":"https:\/\/www.studiolongboard.com\/fr\/wp-json\/wp\/v2\/product\/34348","targetHints":{"allow":["GET"]}}],"collection":[{"href":"https:\/\/www.studiolongboard.com\/fr\/wp-json\/wp\/v2\/product"}],"about":[{"href":"https:\/\/www.studiolongboard.com\/fr\/wp-json\/wp\/v2\/types\/product"}],"replies":[{"embeddable":true,"href":"https:\/\/www.studiolongboard.com\/fr\/wp-json\/wp\/v2\/comments?post=34348"}],"wp:featuredmedia":[{"embeddable":true,"href":"https:\/\/www.studiolongboard.com\/fr\/wp-json\/wp\/v2\/media\/34349"}],"wp:attachment":[{"href":"https:\/\/www.studiolongboard.com\/fr\/wp-json\/wp\/v2\/media?parent=34348"}],"wp:term":[{"taxonomy":"product_brand","embeddable":true,"href":"https:\/\/www.studiolongboard.com\/fr\/wp-json\/wp\/v2\/product_brand?post=34348"},{"taxonomy":"product_cat","embeddable":true,"href":"https:\/\/www.studiolongboard.com\/fr\/wp-json\/wp\/v2\/product_cat?post=34348"},{"taxonomy":"product_tag","embeddable":true,"href":"https:\/\/www.studiolongboard.com\/fr\/wp-json\/wp\/v2\/product_tag?post=34348"}],"curies":[{"name":"wp","href":"https:\/\/api.w.org\/{rel}","templated":true}]}}