{"id":34264,"date":"2024-12-02T15:35:46","date_gmt":"2024-12-02T14:35:46","guid":{"rendered":"https:\/\/www.studiolongboard.com\/?post_type=product&#038;p=34264"},"modified":"2026-04-21T19:21:12","modified_gmt":"2026-04-21T17:21:12","slug":"decent-hardware-longboard-park-bag-light-blue","status":"publish","type":"product","link":"https:\/\/www.studiolongboard.com\/fr\/shop\/accessories\/bags\/decent-hardware-longboard-park-bag-light-blue\/","title":{"rendered":"Decent Hardware Longboard Park Bag Light Blue"},"content":{"rendered":"<h2>Decent Hardware Longboard Park Bag Light Blue<\/h2>\n<p>Decent Longboard Park Bag ist die ultimative Longboard-Tasche. Sie ist leicht, bequem zu tragen und funktional. Du kannst drei Bretter, Schoner, Kleidung, Werkzeuge und praktisch jedes andere skatebezogene Element mit sich f\u00fchren.<\/p>\n<p>Eigenschaften:<\/p>\n<ul>\n<li>Erweiterbar von 38 &#8222;(Standard Board) auf 48&#8220; (Longboard Dancer).<\/li>\n<li>Tragen Sie zwei Boards auf der Innenseite und eines auf der Au\u00dfenseite.<\/li>\n<li>Tragegriff, der so eingestellt werden kann, dass das Gleichgewicht der Tasche gewahrt bleibt.<\/li>\n<li>Abnehmbarer Schultergurt. Rucksackgurte. Abnehmbarer H\u00fcftgurt<\/li>\n<li>Handytasche. Gro\u00dfe Au\u00dfentasche mit Rei\u00dfverschluss und viel Platz f\u00fcr Reisedokumente.<\/li>\n<li>Gro\u00dfe Au\u00dfentasche mit Rei\u00dfverschluss (innen)<\/li>\n<li>Handlicher Schl\u00fcsselclip. Einfacher Zugriff auf den Skate-Schl\u00fcsselhalter. Au\u00dfenseitige Netztasche f\u00fcr Wasserflasche usw.<\/li>\n<li>Materialien: YKK-Rei\u00dfverschl\u00fcsse<\/li>\n<li>YKK-Quicklon-Klettverschl\u00fcsse<\/li>\n<li>Au\u00dfenmaterial: strapazierf\u00e4higes, gummibeschichtetes Cordura-Polyester<\/li>\n<\/ul>\n<p>Farbe: Light Blue<\/p>","protected":false},"excerpt":{"rendered":"<p>Decent Hardware Longboard Park Bag Light Blue Decent Longboard Park Bag ist die ultimative Longboard-Tasche. Sie ist leicht, bequem zu tragen und funktional. Du kannst drei Bretter, Schoner, Kleidung, Werkzeuge und praktisch jedes andere skatebezogene Element mit sich f\u00fchren. Eigenschaften: Erweiterbar von 38 &#8222;(Standard Board) auf 48&#8220; (Longboard Dancer). Tragen Sie zwei Boards auf der [&#8230;]\n","protected":false},"featured_media":34265,"comment_status":"open","ping_status":"closed","template":"","meta":{"jetpack_post_was_ever_published":false,"jetpack_publicize_message":"","jetpack_publicize_feature_enabled":true,"jetpack_social_post_already_shared":true,"jetpack_social_options":{"image_generator_settings":{"template":"highway","default_image_id":0,"font":"","enabled":false},"version":2}},"product_brand":[9362],"product_cat":[8372,320],"product_tag":[2930,3141,6937],"class_list":{"0":"post-34264","1":"product","2":"type-product","3":"status-publish","4":"has-post-thumbnail","6":"product_brand-decent-hardware","7":"product_cat-bags","8":"product_cat-accessories","9":"product_tag-tasche","10":"product_tag-bags","11":"product_tag-board-tasche","12":"product_shipping_class-paket","14":"first","15":"outofstock","16":"taxable","17":"shipping-taxable","18":"purchasable","19":"product-type-simple"},"composite_virtual":false,"composite_layout":"","composite_add_to_cart_form_location":"","composite_editable_in_cart":false,"composite_sold_individually_context":"","composite_shop_price_calc":"","composite_components":[],"composite_scenarios":[],"booking_location":null,"booking_location_type":null,"booking_duration":null,"booking_duration_unit":null,"booking_buffer":null,"booking_cost":null,"booking_resources":null,"jetpack_publicize_connections":[],"jetpack_sharing_enabled":true,"_links":{"self":[{"href":"https:\/\/www.studiolongboard.com\/fr\/wp-json\/wp\/v2\/product\/34264","targetHints":{"allow":["GET"]}}],"collection":[{"href":"https:\/\/www.studiolongboard.com\/fr\/wp-json\/wp\/v2\/product"}],"about":[{"href":"https:\/\/www.studiolongboard.com\/fr\/wp-json\/wp\/v2\/types\/product"}],"replies":[{"embeddable":true,"href":"https:\/\/www.studiolongboard.com\/fr\/wp-json\/wp\/v2\/comments?post=34264"}],"wp:featuredmedia":[{"embeddable":true,"href":"https:\/\/www.studiolongboard.com\/fr\/wp-json\/wp\/v2\/media\/34265"}],"wp:attachment":[{"href":"https:\/\/www.studiolongboard.com\/fr\/wp-json\/wp\/v2\/media?parent=34264"}],"wp:term":[{"taxonomy":"product_brand","embeddable":true,"href":"https:\/\/www.studiolongboard.com\/fr\/wp-json\/wp\/v2\/product_brand?post=34264"},{"taxonomy":"product_cat","embeddable":true,"href":"https:\/\/www.studiolongboard.com\/fr\/wp-json\/wp\/v2\/product_cat?post=34264"},{"taxonomy":"product_tag","embeddable":true,"href":"https:\/\/www.studiolongboard.com\/fr\/wp-json\/wp\/v2\/product_tag?post=34264"}],"curies":[{"name":"wp","href":"https:\/\/api.w.org\/{rel}","templated":true}]}}