{"id":33443,"date":"2024-10-21T16:16:17","date_gmt":"2024-10-21T14:16:17","guid":{"rendered":"https:\/\/www.studiolongboard.com\/?post_type=product&#038;p=33443"},"modified":"2026-04-07T12:08:35","modified_gmt":"2026-04-07T10:08:35","slug":"valkyrie-voxter-dh-slalom-mk2-single-truck","status":"publish","type":"product","link":"https:\/\/www.studiolongboard.com\/fr\/shop\/longboards\/longboard-trucks\/valkyrie-voxter-dh-slalom-mk2-single-truck\/","title":{"rendered":"Valkyrie Voxter DH Slalom Mk2 SINGLE TRUCK"},"content":{"rendered":"<h2>Valkyrie Voxter DH Slalom Mk2 SINGLE TRUCK<\/h2>\n<p>Valkyrie Voxter DH Slalom Mk2 ist eine moderne Downhill Slalom Achse, f\u00fcr den maximalen Grip. In der zweiten Version der Downhill Slalom Achse von Valkyrie wird der enorme Grip einer schmalen Achse mit dem patentierten coplanaren Bushingseat von Valkyrie vereint. Dadurch entsteht eine Achse, die die perfekte Balance zwischen Grip und Kontrolle findet.<\/p>\n<p>Die Achsen sind in 115-125mm f\u00fcr maximalen Grip sowie 130-140mm falls man eine schmale Freeride Achse m\u00f6chte.<\/p>\n<p>Die Achse kann mit Tall Bushings gefahren werden, was f\u00fcr extra viel Lean sorgt. Man hat die Option als Roadside bushing auch ein normal gro\u00dfes Bushing zu fahren, was den Lean etwas reduziert. Mit einem Bushing Spacer kann man auch Boardside ein Regular Bushing verwenden.<\/p>\n<p>Die Baseplate der Achse ist in 45\u00b0, 30\u00b0, 15\u00b0 und als verstellbare Baseplate von 40-15\u00b0 in 5\u00b0 Schritten verf\u00fcgbar. F\u00fcr mehr Stabilit\u00e4t sollte die hintere Baseplate einen Winkel von 30\u00b0 haben. M\u00f6chte man noch mehr Stabilit\u00e4t sowie Flexibilit\u00e4t, sollte man sich f\u00fcr die verstellbare Baseplate entscheiden.<\/p>\n<p>Die Achsen werden mit Riptide Krank Bushings, sowie Riptide Pivot Cups ausgeliefert.<\/p>\n<p>Die 15\u00b0 Achse hat Krank Tall Barrels: Boardside 96A (grey) und Roadside 96A (grey)<\/p>\n<p>Die 30\u00b0 Achse hat Krank Tall Barrels: Boardside 96A (grey) und Roadside 93A (wine red)<\/p>\n<p>Die 45\u00b0 Achse hat APS Tall Barrels: Boardside 87.5A (pink) und Roadside 85A (blue)<\/p>\n<p>&nbsp;<\/p>\n<p>Specs :<\/p>\n<ul>\n<li>7075-T6 Aluminum hanger<\/li>\n<li>17-4 Heat treated stainless steel axles for superior strength and corrosion resistance<\/li>\n<li>303 Stainless axle spacers that wont crush and offer better corrosion resistance than steel.<\/li>\n<li>6061-T6 bases with Mil-spec kingpins, precision ground board side bushing pins, and RipTide WFB pivot tubes.<\/li>\n<li>303 Stainless cupped washers<\/li>\n<li>Base angles available: 45, 30 &amp; Adjustable (15-40 in 5 degree increments)<\/li>\n<\/ul>\n<p>&nbsp;<\/p>\n<p>&nbsp;<\/p>","protected":false},"excerpt":{"rendered":"<p>SINGLE TRUCK ONLY<\/p>","protected":false},"featured_media":20059,"comment_status":"closed","ping_status":"closed","template":"","meta":{"jetpack_post_was_ever_published":false,"jetpack_publicize_message":"","jetpack_publicize_feature_enabled":true,"jetpack_social_post_already_shared":true,"jetpack_social_options":{"image_generator_settings":{"template":"highway","default_image_id":0,"font":"","enabled":false},"version":2}},"product_brand":[9147],"product_cat":[318],"product_tag":[6568,8273,8274,8275,328,343,2276,2277],"class_list":{"0":"post-33443","1":"product","2":"type-product","3":"status-publish","4":"has-post-thumbnail","6":"product_brand-valkyrie","7":"product_cat-longboard-trucks","8":"product_tag-slalom","9":"product_tag-valkyrie","10":"product_tag-adjustable","11":"product_tag-praezisionsachse","12":"product_tag-freeride","13":"product_tag-downhill","14":"product_tag-precision","15":"product_tag-cnc","16":"product_shipping_class-paket","18":"first","19":"instock","20":"taxable","21":"shipping-taxable","22":"purchasable","23":"product-type-variable","24":"has-default-attributes"},"composite_virtual":false,"composite_layout":"","composite_add_to_cart_form_location":"","composite_editable_in_cart":false,"composite_sold_individually_context":"","composite_shop_price_calc":"","composite_components":[],"composite_scenarios":[],"booking_location":null,"booking_location_type":null,"booking_duration":null,"booking_duration_unit":null,"booking_buffer":null,"booking_cost":null,"booking_resources":null,"jetpack_publicize_connections":[],"jetpack_sharing_enabled":true,"_links":{"self":[{"href":"https:\/\/www.studiolongboard.com\/fr\/wp-json\/wp\/v2\/product\/33443","targetHints":{"allow":["GET"]}}],"collection":[{"href":"https:\/\/www.studiolongboard.com\/fr\/wp-json\/wp\/v2\/product"}],"about":[{"href":"https:\/\/www.studiolongboard.com\/fr\/wp-json\/wp\/v2\/types\/product"}],"replies":[{"embeddable":true,"href":"https:\/\/www.studiolongboard.com\/fr\/wp-json\/wp\/v2\/comments?post=33443"}],"wp:featuredmedia":[{"embeddable":true,"href":"https:\/\/www.studiolongboard.com\/fr\/wp-json\/wp\/v2\/media\/20059"}],"wp:attachment":[{"href":"https:\/\/www.studiolongboard.com\/fr\/wp-json\/wp\/v2\/media?parent=33443"}],"wp:term":[{"taxonomy":"product_brand","embeddable":true,"href":"https:\/\/www.studiolongboard.com\/fr\/wp-json\/wp\/v2\/product_brand?post=33443"},{"taxonomy":"product_cat","embeddable":true,"href":"https:\/\/www.studiolongboard.com\/fr\/wp-json\/wp\/v2\/product_cat?post=33443"},{"taxonomy":"product_tag","embeddable":true,"href":"https:\/\/www.studiolongboard.com\/fr\/wp-json\/wp\/v2\/product_tag?post=33443"}],"curies":[{"name":"wp","href":"https:\/\/api.w.org\/{rel}","templated":true}]}}