{"id":31814,"date":"2024-08-08T17:13:24","date_gmt":"2024-08-08T15:13:24","guid":{"rendered":"https:\/\/www.studiolongboard.com\/?post_type=product&#038;p=31814"},"modified":"2026-04-14T18:11:06","modified_gmt":"2026-04-14T16:11:06","slug":"orangatang-dad-bod-wheels-105mm-77a-blue","status":"publish","type":"product","link":"https:\/\/www.studiolongboard.com\/fr\/shop\/longboards\/longboard-wheels\/orangatang-dad-bod-wheels-105mm-77a-blue\/","title":{"rendered":"Roues ORANGATANG Dad Bod 105mm 77a bleu"},"content":{"rendered":"<h2>Roues ORANGATANG Dad Bod 105mm 77a bleu<\/h2>\n<p>Orangatang Dad Bod&#8217;s sind die leistungsst\u00e4rksten 105 mm Longboard-Rollen, die es zurzeit auf dem Markt gibt. Vier Jahre Entwicklung, neuer TrypoCore und die bew\u00e4hrte Happy Thane-Formel vereinen sich, um das ultimative Big-Wheel-Erlebnis bei einem schockierend geringen Gewicht zu schaffen. Diese R\u00e4der wurden zum Pumpen, LDP und E-Skaten entwickelt. Der gro\u00dfe Durchmesser von 105 mm bietet eine au\u00dfergew\u00f6hnliche Rollgeschwindigkeit, jede Menge Schwung, sanftes Rollen und eine absurde Distanz pro Push \u2013 es ist ein bisschen wie Schummeln.<\/p>\n<p>Durchmesser: 105mm<br \/>\nBreite: 62mm<br \/>\nContact Patch: 57mm<br \/>\nH\u00e4rter: 77a<br \/>\nLagersitz: Offset<br \/>\nFormula: Happy Thane<br \/>\nCore: high-strength, high-stiffness, heat-resistant urethane TrypoCore<br \/>\nWeight (per wheel): 15 oz \/ 428 g<\/p>\n<p>Shape The Dad Bod\u2019s firm yet cush outer lip provides comfort and speed. Big wheels tend to be hard to control, so Orangatang developed a new Traction Trench technology on the inner lip for carefully tuned compliance, resulting in dependable control, grip, and comfort. The bearing seat is offset so the wheel can be flipped for narrower boards. The wide, smooth contact surface increases grip, and the rounded edges prevent catching on cracks.<\/p>\n<p>&#8211; Featuring the brand-new Orangatang TrypoCore<br \/>\n&#8211; Significantly reduces overall weight of the wheel<br \/>\n&#8211; Stiff glass-filled urethane construction increases grip and durability<br \/>\n&#8211; Wide core design with a deep valley-shaped cross section for efficient urethane damping and crisp handling<br \/>\n&#8211; Compatible with all eskate pulleys designed for Kegel and Caguama style cores<br \/>\n&#8211; Second set of mounting holes allows for larger-diameter pulley systems<br \/>\n&#8211; E-board manufacturers can design new pulleys around one or both sets of mounting holes on this core<\/p>\n<p>Setup Recommendations:<\/p>\n<p>The Dad Bod is compatible with most topmount boards (with enough risers). Here are a few of favorites:<br \/>\n\u2022 Loaded Vanguard \u2014 Paris 180mm 50\u00b0 trucks, \u00bd&#8220; riser, Knuckle bushings. Flowy and fast with ultra-deep carves.<br \/>\n\u2022 Loaded Mata Hari \u2014 Paris 180mm 50\u00b0 trucks, \u00bd&#8220; riser, Nipple bushings with a cup washer roadside. Scaled-up big-boy skateboard.<br \/>\n\u2022 Loaded Ballona \u2014 Paris 150mm 50\u00b0 trucks, \u00bd&#8220; riser, Nipple bushings with a cup washer roadside, flipped wheels. The ultimate flatland cruiser that rolls forever and rolls over everything<\/p>\n<p>Electric Skateboard Compatibility<br \/>\n\u2022 Evolve Hadean<br \/>\n\u2022 Revel<br \/>\n\u2022 Boosted<\/p>","protected":false},"excerpt":{"rendered":"<p>set of 4<\/p>","protected":false},"featured_media":31815,"comment_status":"open","ping_status":"closed","template":"","meta":{"jetpack_post_was_ever_published":false,"jetpack_publicize_message":"","jetpack_publicize_feature_enabled":true,"jetpack_social_post_already_shared":true,"jetpack_social_options":{"image_generator_settings":{"template":"highway","default_image_id":0,"font":"","enabled":false},"version":2}},"product_brand":[9162,9348],"product_cat":[317,687],"product_tag":[],"class_list":{"0":"post-31814","1":"product","2":"type-product","3":"status-publish","4":"has-post-thumbnail","6":"product_brand-loaded","7":"product_brand-orangatnag","8":"product_cat-longboard-wheels","9":"product_cat-sale","10":"product_shipping_class-paket-m","12":"first","13":"instock","14":"taxable","15":"shipping-taxable","16":"purchasable","17":"product-type-simple"},"composite_virtual":false,"composite_layout":"","composite_add_to_cart_form_location":"","composite_editable_in_cart":false,"composite_sold_individually_context":"","composite_shop_price_calc":"","composite_components":[],"composite_scenarios":[],"booking_location":null,"booking_location_type":null,"booking_duration":null,"booking_duration_unit":null,"booking_buffer":null,"booking_cost":null,"booking_resources":null,"jetpack_publicize_connections":[],"jetpack_sharing_enabled":true,"_links":{"self":[{"href":"https:\/\/www.studiolongboard.com\/fr\/wp-json\/wp\/v2\/product\/31814","targetHints":{"allow":["GET"]}}],"collection":[{"href":"https:\/\/www.studiolongboard.com\/fr\/wp-json\/wp\/v2\/product"}],"about":[{"href":"https:\/\/www.studiolongboard.com\/fr\/wp-json\/wp\/v2\/types\/product"}],"replies":[{"embeddable":true,"href":"https:\/\/www.studiolongboard.com\/fr\/wp-json\/wp\/v2\/comments?post=31814"}],"wp:featuredmedia":[{"embeddable":true,"href":"https:\/\/www.studiolongboard.com\/fr\/wp-json\/wp\/v2\/media\/31815"}],"wp:attachment":[{"href":"https:\/\/www.studiolongboard.com\/fr\/wp-json\/wp\/v2\/media?parent=31814"}],"wp:term":[{"taxonomy":"product_brand","embeddable":true,"href":"https:\/\/www.studiolongboard.com\/fr\/wp-json\/wp\/v2\/product_brand?post=31814"},{"taxonomy":"product_cat","embeddable":true,"href":"https:\/\/www.studiolongboard.com\/fr\/wp-json\/wp\/v2\/product_cat?post=31814"},{"taxonomy":"product_tag","embeddable":true,"href":"https:\/\/www.studiolongboard.com\/fr\/wp-json\/wp\/v2\/product_tag?post=31814"}],"curies":[{"name":"wp","href":"https:\/\/api.w.org\/{rel}","templated":true}]}}