{"id":31250,"date":"2024-07-09T17:10:14","date_gmt":"2024-07-09T15:10:14","guid":{"rendered":"https:\/\/www.studiolongboard.com\/?post_type=product&#038;p=31250"},"modified":"2025-11-12T15:37:41","modified_gmt":"2025-11-12T14:37:41","slug":"187-killer-pads-fly-knee-pads-black","status":"publish","type":"product","link":"https:\/\/www.studiolongboard.com\/fr\/shop\/protection\/schuetzer\/187-killer-pads-fly-knee-pads-black\/","title":{"rendered":"187 KILLER PADS Fly Knee Pads Black"},"content":{"rendered":"<h2>187 KILLER PADS Fly Knee Pad Black<\/h2>\n<p>187 Killer Pads Ellbogenschoner bieten den ultimativen Schutz f\u00fcr Ihre Knie! Diese hochwertigen Schoner sind speziell f\u00fcr den Einsatz bei hoher Belastung wie Skateboarding, Longboarding, Rollschuhfahren oder BMX entwickelt worden, um maximalen Schutz und Komfort zu bieten.<\/p>\n<p>Die Schoner sind aus strapazierf\u00e4higen Materialien hergestellt und bieten robusten Schutz vor Verletzungen bei harten St\u00fcrzen und Kollisionen. Die Pads verf\u00fcgen \u00fcber eine haltbare Kappe, die das Knie umschlie\u00dft und ihn vor St\u00f6\u00dfen und Schl\u00e4gen sch\u00fctzt. Die Kappe ist auch konturiert, um eine perfekte Passform zu gew\u00e4hrleisten, die sicher und stabil bleibt, w\u00e4hrend Sie sich bewegen.<\/p>\n<p>Die Innenseite der Schoner ist gepolstert und bietet einen hohen Tragekomfort. Die Polsterung besteht aus hochwertigem Schaumstoff, der die Energie von Schl\u00e4gen und St\u00fcrzen absorbiert und Ihre Knie vor Verletzungen sch\u00fctzt. Die Knieschoner sind mit verstellbaren Gurten ausgestattet, so dass Sie die Passform individuell anpassen und den perfekten Sitz f\u00fcr maximale Bewegungsfreiheit und Sicherheit erreichen k\u00f6nnen.<\/p>","protected":false},"excerpt":{"rendered":"<p>187 KILLER PADS Fly Knee Pad Black 187 Killer Pads Ellbogenschoner bieten den ultimativen Schutz f\u00fcr Ihre Knie! Diese hochwertigen Schoner sind speziell f\u00fcr den Einsatz bei hoher Belastung wie Skateboarding, Longboarding, Rollschuhfahren oder BMX entwickelt worden, um maximalen Schutz und Komfort zu bieten. Die Schoner sind aus strapazierf\u00e4higen Materialien hergestellt und bieten robusten Schutz [&#8230;]\n","protected":false},"featured_media":31253,"comment_status":"closed","ping_status":"closed","template":"","meta":{"jetpack_post_was_ever_published":false,"jetpack_publicize_message":"","jetpack_publicize_feature_enabled":true,"jetpack_social_post_already_shared":true,"jetpack_social_options":{"image_generator_settings":{"template":"highway","default_image_id":0,"font":"","enabled":false},"version":2}},"product_brand":[],"product_cat":[528,505],"product_tag":[6895,8199,8883,8884],"class_list":{"0":"post-31250","1":"product","2":"type-product","3":"status-publish","4":"has-post-thumbnail","6":"product_cat-schuetzer","7":"product_cat-protection","8":"product_tag-knieschoner","9":"product_tag-knee-pads","10":"product_tag-knee","11":"product_tag-pads","12":"product_shipping_class-paket-m","14":"first","15":"outofstock","16":"taxable","17":"shipping-taxable","18":"product-type-variable"},"composite_virtual":false,"composite_layout":"","composite_add_to_cart_form_location":"","composite_editable_in_cart":false,"composite_sold_individually_context":"","composite_shop_price_calc":"","composite_components":[],"composite_scenarios":[],"booking_location":null,"booking_location_type":null,"booking_duration":null,"booking_duration_unit":null,"booking_buffer":null,"booking_cost":null,"booking_resources":null,"jetpack_publicize_connections":[],"jetpack_sharing_enabled":true,"_links":{"self":[{"href":"https:\/\/www.studiolongboard.com\/fr\/wp-json\/wp\/v2\/product\/31250","targetHints":{"allow":["GET"]}}],"collection":[{"href":"https:\/\/www.studiolongboard.com\/fr\/wp-json\/wp\/v2\/product"}],"about":[{"href":"https:\/\/www.studiolongboard.com\/fr\/wp-json\/wp\/v2\/types\/product"}],"replies":[{"embeddable":true,"href":"https:\/\/www.studiolongboard.com\/fr\/wp-json\/wp\/v2\/comments?post=31250"}],"wp:featuredmedia":[{"embeddable":true,"href":"https:\/\/www.studiolongboard.com\/fr\/wp-json\/wp\/v2\/media\/31253"}],"wp:attachment":[{"href":"https:\/\/www.studiolongboard.com\/fr\/wp-json\/wp\/v2\/media?parent=31250"}],"wp:term":[{"taxonomy":"product_brand","embeddable":true,"href":"https:\/\/www.studiolongboard.com\/fr\/wp-json\/wp\/v2\/product_brand?post=31250"},{"taxonomy":"product_cat","embeddable":true,"href":"https:\/\/www.studiolongboard.com\/fr\/wp-json\/wp\/v2\/product_cat?post=31250"},{"taxonomy":"product_tag","embeddable":true,"href":"https:\/\/www.studiolongboard.com\/fr\/wp-json\/wp\/v2\/product_tag?post=31250"}],"curies":[{"name":"wp","href":"https:\/\/api.w.org\/{rel}","templated":true}]}}