{"id":29921,"date":"2024-05-17T11:11:15","date_gmt":"2024-05-17T09:11:15","guid":{"rendered":"https:\/\/www.studiolongboard.com\/?post_type=product&#038;p=29921"},"modified":"2025-12-31T13:54:34","modified_gmt":"2025-12-31T12:54:34","slug":"fairdale-skateboard-bike-rack","status":"publish","type":"product","link":"https:\/\/www.studiolongboard.com\/fr\/shop\/accessories\/bags\/fairdale-skateboard-bike-rack\/","title":{"rendered":"FAIRDALE Skateboard Bike Rack"},"content":{"rendered":"<h2>FAIRDALE Skateboard Bike Rack<\/h2>\n<p>FAIRDALE Skateboard Bike Rack ist die einfachste und leichteste Art, ein Skateboard auf einem Fahrrad zu transportieren. Passt jetzt f\u00fcr Decks bis zu einer Breite von 9,25&#8243;! Funktioniert auch bei Longboards und Surfskates.<\/p>\n<p>Das Skateboard f\u00e4llt in den kunststoffbeschichteten Gep\u00e4cktr\u00e4ger und wird durch eine Spannschnur sicher gehalten. Der Gep\u00e4cktr\u00e4ger positioniert das Board hinter der Hinterachse und l\u00e4sst so viel Platz f\u00fcr die Ferse.<\/p>\n<p><img loading=\"lazy\" decoding=\"async\" class=\"alignleft size-medium wp-image-29923\" src=\"https:\/\/www.studiolongboard.com\/wp-content\/uploads\/2024\/05\/fairdale-skateboard-bike-rack-2-300x300.jpeg\" alt=\"\" width=\"300\" height=\"300\" srcset=\"https:\/\/www.studiolongboard.com\/wp-content\/uploads\/2024\/05\/fairdale-skateboard-bike-rack-2-300x300.jpeg 300w, https:\/\/www.studiolongboard.com\/wp-content\/uploads\/2024\/05\/fairdale-skateboard-bike-rack-2-100x100.jpeg 100w, https:\/\/www.studiolongboard.com\/wp-content\/uploads\/2024\/05\/fairdale-skateboard-bike-rack-2-510x510.jpeg 510w, https:\/\/www.studiolongboard.com\/wp-content\/uploads\/2024\/05\/fairdale-skateboard-bike-rack-2-150x150.jpeg 150w, https:\/\/www.studiolongboard.com\/wp-content\/uploads\/2024\/05\/fairdale-skateboard-bike-rack-2.jpeg 800w\" sizes=\"auto, (max-width: 300px) 100vw, 300px\" \/><\/p>","protected":false},"excerpt":{"rendered":"<p>FAIRDALE Skateboard Bike Rack FAIRDALE Skateboard Bike Rack ist die einfachste und leichteste Art, ein Skateboard auf einem Fahrrad zu transportieren. Passt jetzt f\u00fcr Decks bis zu einer Breite von 9,25&#8243;! Funktioniert auch bei Longboards und Surfskates. Das Skateboard f\u00e4llt in den kunststoffbeschichteten Gep\u00e4cktr\u00e4ger und wird durch eine Spannschnur sicher gehalten. Der Gep\u00e4cktr\u00e4ger positioniert das [&#8230;]\n","protected":false},"featured_media":29922,"comment_status":"closed","ping_status":"closed","template":"","meta":{"jetpack_post_was_ever_published":false,"jetpack_publicize_message":"","jetpack_publicize_feature_enabled":true,"jetpack_social_post_already_shared":true,"jetpack_social_options":{"image_generator_settings":{"template":"highway","default_image_id":0,"font":"","enabled":false},"version":2}},"product_brand":[],"product_cat":[8372,312,320,531],"product_tag":[],"class_list":{"0":"post-29921","1":"product","2":"type-product","3":"status-publish","4":"has-post-thumbnail","6":"product_cat-bags","7":"product_cat-skateboards","8":"product_cat-accessories","9":"product_cat-surfskates","10":"product_shipping_class-paket-m","12":"first","13":"outofstock","14":"taxable","15":"shipping-taxable","16":"purchasable","17":"product-type-simple"},"composite_virtual":false,"composite_layout":"","composite_add_to_cart_form_location":"","composite_editable_in_cart":false,"composite_sold_individually_context":"","composite_shop_price_calc":"","composite_components":[],"composite_scenarios":[],"booking_location":null,"booking_location_type":null,"booking_duration":null,"booking_duration_unit":null,"booking_buffer":null,"booking_cost":null,"booking_resources":null,"jetpack_publicize_connections":[],"jetpack_sharing_enabled":true,"_links":{"self":[{"href":"https:\/\/www.studiolongboard.com\/fr\/wp-json\/wp\/v2\/product\/29921","targetHints":{"allow":["GET"]}}],"collection":[{"href":"https:\/\/www.studiolongboard.com\/fr\/wp-json\/wp\/v2\/product"}],"about":[{"href":"https:\/\/www.studiolongboard.com\/fr\/wp-json\/wp\/v2\/types\/product"}],"replies":[{"embeddable":true,"href":"https:\/\/www.studiolongboard.com\/fr\/wp-json\/wp\/v2\/comments?post=29921"}],"wp:featuredmedia":[{"embeddable":true,"href":"https:\/\/www.studiolongboard.com\/fr\/wp-json\/wp\/v2\/media\/29922"}],"wp:attachment":[{"href":"https:\/\/www.studiolongboard.com\/fr\/wp-json\/wp\/v2\/media?parent=29921"}],"wp:term":[{"taxonomy":"product_brand","embeddable":true,"href":"https:\/\/www.studiolongboard.com\/fr\/wp-json\/wp\/v2\/product_brand?post=29921"},{"taxonomy":"product_cat","embeddable":true,"href":"https:\/\/www.studiolongboard.com\/fr\/wp-json\/wp\/v2\/product_cat?post=29921"},{"taxonomy":"product_tag","embeddable":true,"href":"https:\/\/www.studiolongboard.com\/fr\/wp-json\/wp\/v2\/product_tag?post=29921"}],"curies":[{"name":"wp","href":"https:\/\/api.w.org\/{rel}","templated":true}]}}