{"id":29880,"date":"2024-05-16T16:25:49","date_gmt":"2024-05-16T14:25:49","guid":{"rendered":"https:\/\/www.studiolongboard.com\/?post_type=product&#038;p=29880"},"modified":"2026-02-07T14:57:38","modified_gmt":"2026-02-07T13:57:38","slug":"venom-mach-1-cannibal-76mm-wheels","status":"publish","type":"product","link":"https:\/\/www.studiolongboard.com\/fr\/shop\/longboards\/longboard-wheels\/venom-mach-1-cannibal-76mm-wheels\/","title":{"rendered":"VENOM MACH 1 Cannibal 76mm Wheels"},"content":{"rendered":"<h2>VENOM MACH 1 Cannibal 76mm Wheels<\/h2>\n<p>Die Venom Mach 1 Cannibal Rolle wurde \u00fcber ein Jahr lang als Prototyp entwickelt und verf\u00fcgt \u00fcber eine Super High Rebound-Mischung f\u00fcr \u00fcberragende Abrollgeschwindigkeit und Grip in Kurven. Gepaart mit dem bew\u00e4hrten Cobra Core und dem 76mm Shape, ist die MACH 1 Cannibal bereit f\u00fcr die engsten Rennen oder die gr\u00f6\u00dften Bergp\u00e4sse. Das Mach 1 Compound hat sich bereits bew\u00e4hrt, indem es unter Zak Maytum beim Maryhill Festival of Speed 2015 die Goldmedaille gewann, 2016 den Streckenrekord in Maryhill aufstellte und unter Erik Lundberg den World Speed Record aufstellte. Der Mach 1 Cannibal hat 76mm Durchmesser, 62mm Lauffl\u00e4che und kommt in zwei Durometer: 76a und 74a<\/p>\n<p>Produziert\u00a0in den\u00a0USA<\/p>\n<p><em>Cobra Core Features:<\/em><br \/>\n-Fiberglass Reinforced<br \/>\n-12x Stiffer<br \/>\n-39mm Tall 43mm Wide<br \/>\n-No Flex Zone (Patent Pending)<br \/>\n-Many Swags<\/p>\n<p>&nbsp;<\/p>","protected":false},"excerpt":{"rendered":"<p>set of 4<\/p>","protected":false},"featured_media":29882,"comment_status":"open","ping_status":"closed","template":"","meta":{"jetpack_post_was_ever_published":false,"jetpack_publicize_message":"","jetpack_publicize_feature_enabled":true,"jetpack_social_post_already_shared":true,"jetpack_social_options":{"image_generator_settings":{"template":"highway","default_image_id":0,"font":"","enabled":false},"version":2}},"product_brand":[],"product_cat":[311,317],"product_tag":[343,3423,379,1721,328],"class_list":{"0":"post-29880","1":"product","2":"type-product","3":"status-publish","4":"has-post-thumbnail","6":"product_cat-longboards","7":"product_cat-longboard-wheels","8":"product_tag-downhill","9":"product_tag-grip","10":"product_tag-offset","11":"product_tag-wheels","12":"product_tag-freeride","13":"product_shipping_class-paket-m","15":"first","16":"outofstock","17":"taxable","18":"shipping-taxable","19":"product-type-variable","20":"has-default-attributes"},"composite_virtual":false,"composite_layout":"","composite_add_to_cart_form_location":"","composite_editable_in_cart":false,"composite_sold_individually_context":"","composite_shop_price_calc":"","composite_components":[],"composite_scenarios":[],"booking_location":null,"booking_location_type":null,"booking_duration":null,"booking_duration_unit":null,"booking_buffer":null,"booking_cost":null,"booking_resources":null,"jetpack_publicize_connections":[],"jetpack_sharing_enabled":true,"_links":{"self":[{"href":"https:\/\/www.studiolongboard.com\/fr\/wp-json\/wp\/v2\/product\/29880","targetHints":{"allow":["GET"]}}],"collection":[{"href":"https:\/\/www.studiolongboard.com\/fr\/wp-json\/wp\/v2\/product"}],"about":[{"href":"https:\/\/www.studiolongboard.com\/fr\/wp-json\/wp\/v2\/types\/product"}],"replies":[{"embeddable":true,"href":"https:\/\/www.studiolongboard.com\/fr\/wp-json\/wp\/v2\/comments?post=29880"}],"wp:featuredmedia":[{"embeddable":true,"href":"https:\/\/www.studiolongboard.com\/fr\/wp-json\/wp\/v2\/media\/29882"}],"wp:attachment":[{"href":"https:\/\/www.studiolongboard.com\/fr\/wp-json\/wp\/v2\/media?parent=29880"}],"wp:term":[{"taxonomy":"product_brand","embeddable":true,"href":"https:\/\/www.studiolongboard.com\/fr\/wp-json\/wp\/v2\/product_brand?post=29880"},{"taxonomy":"product_cat","embeddable":true,"href":"https:\/\/www.studiolongboard.com\/fr\/wp-json\/wp\/v2\/product_cat?post=29880"},{"taxonomy":"product_tag","embeddable":true,"href":"https:\/\/www.studiolongboard.com\/fr\/wp-json\/wp\/v2\/product_tag?post=29880"}],"curies":[{"name":"wp","href":"https:\/\/api.w.org\/{rel}","templated":true}]}}