{"id":29875,"date":"2024-05-16T16:09:21","date_gmt":"2024-05-16T14:09:21","guid":{"rendered":"https:\/\/www.studiolongboard.com\/?post_type=product&#038;p=29875"},"modified":"2025-12-31T13:58:15","modified_gmt":"2025-12-31T12:58:15","slug":"timber-boards-zorro-chilote-deck","status":"publish","type":"product","link":"https:\/\/www.studiolongboard.com\/fr\/shop\/longboards\/longboard-decks\/dance-freestyle-decks\/timber-boards-zorro-chilote-deck\/","title":{"rendered":"TIMBER BOARDS Zorro Chilote Deck"},"content":{"rendered":"<h2>TIMBER BOARDS Zorro Chilote Deck<\/h2>\n<p>Das Zorro Chilote wurde aus den neuesten Erkenntnissen weiterentwickelt und kombiniert eine perfekte Mischung aus Vergangenheit und Gegenwart. Dieses 40\u2033 Freestyle-Meisterwerk \u00fcberbr\u00fcckt die L\u00fccke zwischen dem k\u00fcrzeren <a href=\"https:\/\/www.studiolongboard.com\/fr\/product-2\/timber-boards-el-toro\/\">El-Toro<\/a> und dem etwas l\u00e4ngeren <a href=\"https:\/\/www.studiolongboard.com\/fr\/product-2\/timber-boards-axolotl\/\">Axolotl<\/a> und bietet das Beste aus beiden Welten unter deinen F\u00fc\u00dfen.<\/p>\n<p>Begib Dich auf eine Reise durch die chilenischen Regenw\u00e4lder mit dem Zorro Chilote. Benannt nach dem schwer fassbaren Darwin&#8217;s Fox, einer kleinen, vom Aussterben bedrohten Kreatur, die sich der konventionellen Definition eines Fuchses widersetzt. Dieses Deck ist das Ergebnis einer sorgf\u00e4ltigen Weiterentwicklung seines Vorg\u00e4ngers, des Conselecta, das 2014 geboren wurde, bevor der Freestyle-Deck-Trend Fahrt aufnahm.<\/p>\n<p>Specs<\/p>\n<p>Length: 103 cm, 40.5 inches<br \/>\nWidth: 23.3 cm, 9.2 inches<br \/>\nWheelbase: 59 cm \u2013 62 cm, 23.1 inches- 24.3 inches<\/p>\n<p>Konstruktion: Das Zorro Chilote ist mit einer hochmodernen Konstruktion ausgestattet und verf\u00fcgt \u00fcber einen robusten, horizontal und vertikal laminierten Bambuskern. Der Kern ist strategisch zwischen Schichten aus Fiberglas, Kohlefaser, Bio-Epoxy und Bambusfurnieren eingebettet, um Haltbarkeit und Spitzenleistung zu gew\u00e4hrleisten. Das Bambusfurnier auf der Ober- und Unterseite tr\u00e4gt nicht nur zur Festigkeit des Decks bei, sondern sorgt auch daf\u00fcr, dass deine H\u00e4nde frei von Glasfaserr\u00fcckst\u00e4nden bleiben.<\/p>\n<p>&nbsp;<\/p>\n<p><em>Shape:\u00a0In short, it\u2019s a fully updated Conselecta shape totaling in 103cm or 40.5\u201d length and a width of 23.3cm or 9.2\u201d. It\u2019s made to be a light, flippy and quick popping deck and can also be very well ridden with 165mm trucks for extra flipness. The sidewalls have been engineered to distribute impact forces to reduce chipping. Lengthwise they are a bit rounded but this increases the chance your deck will roll a bit more on a primo slam instead of disintegrating on impact. The edges of the deck are also rounded off more to keep the looks good even longer. rounded edges enhance durability and aesthetics, ensuring your deck looks good for the long haul.<\/em><\/p>\n<p><em>Concave:\u00a0With a 12mm median concave, slightly more pronounced than the El Toro, perfectly tailored for the extended wheelbase. This unique design ensures the Zorro Chilote maintains the stiffness of its shorter sibling without the need for extra reinforcements, keeping it agile and light. Small wheel flares provide comfort during casual cruises and add finesse to light freeriding. The addition of rocker not only enhances stability but also lends a hand for those jaw-dropping, extra-high ollies.<\/em><\/p>\n<p><em>Kicks:\u00a0Engineered for the boldest tricks, Zorro\u2019s kicks are a testament to innovation inspired by years of street skating evolution. Beyond the bolts, the kicks stay flat, creating pressure pockets that turn flip-tricks into a seamless experience. As you move along the upward angle, revel in a pop that stands the test of time. The kicks also boast a touch of concave on the upward part, delivering precise control for intricate no-comply combos. The extra 3mm layer of bamboo at the kicks\u2019 ends ensures durability, allowing you to push your limits without worrying about wear and tear.<\/em><\/p>\n<p><em>Wheelbase:\u00a0Navigate the urban landscape with ease \u2013 the Zorro Chilote strikes the perfect balance. Opt for a long tail and short wheelbase (58.8cm \u2013 23.1\u2033) for maximum control and quick pops or choose a shorter tail with a longer wheelbase (61.8cm \u2013 24.3\u2033) for enhanced control at higher speeds and massive pop. Both options seamlessly accommodate reversed kingpin and traditional kingpin trucks, giving you the freedom to customize your ride.<\/em><\/p>\n<p>&nbsp;<\/p>\n<p><em>Suggested Set-up:<\/em><\/p>\n<p><em>Paris 180 or 165mm 50\u00b0 +\u00a0 Orangatang Skiffs or Ez Hawgs 62mm<\/em><\/p>\n<p><em>Paris tkp 169mm + Powell Dragons 93a 58mm<\/em><\/p>\n<p><em><strong>Graphic:\u00a0<\/strong>By Nynke Mijer\u00a0@kunstknyn<\/em><\/p>","protected":false},"excerpt":{"rendered":"<p>TIMBER BOARDS Zorro Chilote Deck Das Zorro Chilote wurde aus den neuesten Erkenntnissen weiterentwickelt und kombiniert eine perfekte Mischung aus Vergangenheit und Gegenwart. Dieses 40\u2033 Freestyle-Meisterwerk \u00fcberbr\u00fcckt die L\u00fccke zwischen dem k\u00fcrzeren El-Toro und dem etwas l\u00e4ngeren Axolotl und bietet das Beste aus beiden Welten unter deinen F\u00fc\u00dfen. Begib Dich auf eine Reise durch die [&#8230;]\n","protected":false},"featured_media":29876,"comment_status":"open","ping_status":"closed","template":"","meta":{"jetpack_post_was_ever_published":false,"jetpack_publicize_message":"","jetpack_publicize_feature_enabled":true,"jetpack_social_post_already_shared":true,"jetpack_social_options":{"image_generator_settings":{"template":"highway","default_image_id":0,"font":"","enabled":false},"version":2}},"product_brand":[9159],"product_cat":[313,8789],"product_tag":[],"class_list":{"0":"post-29875","1":"product","2":"type-product","3":"status-publish","4":"has-post-thumbnail","6":"product_brand-timber","7":"product_cat-longboard-decks","8":"product_cat-dance-freestyle-decks","9":"product_shipping_class-paket","11":"first","12":"instock","13":"taxable","14":"shipping-taxable","15":"purchasable","16":"product-type-simple"},"composite_virtual":false,"composite_layout":"","composite_add_to_cart_form_location":"","composite_editable_in_cart":false,"composite_sold_individually_context":"","composite_shop_price_calc":"","composite_components":[],"composite_scenarios":[],"booking_location":null,"booking_location_type":null,"booking_duration":null,"booking_duration_unit":null,"booking_buffer":null,"booking_cost":null,"booking_resources":null,"jetpack_publicize_connections":[],"jetpack_sharing_enabled":true,"_links":{"self":[{"href":"https:\/\/www.studiolongboard.com\/fr\/wp-json\/wp\/v2\/product\/29875","targetHints":{"allow":["GET"]}}],"collection":[{"href":"https:\/\/www.studiolongboard.com\/fr\/wp-json\/wp\/v2\/product"}],"about":[{"href":"https:\/\/www.studiolongboard.com\/fr\/wp-json\/wp\/v2\/types\/product"}],"replies":[{"embeddable":true,"href":"https:\/\/www.studiolongboard.com\/fr\/wp-json\/wp\/v2\/comments?post=29875"}],"wp:featuredmedia":[{"embeddable":true,"href":"https:\/\/www.studiolongboard.com\/fr\/wp-json\/wp\/v2\/media\/29876"}],"wp:attachment":[{"href":"https:\/\/www.studiolongboard.com\/fr\/wp-json\/wp\/v2\/media?parent=29875"}],"wp:term":[{"taxonomy":"product_brand","embeddable":true,"href":"https:\/\/www.studiolongboard.com\/fr\/wp-json\/wp\/v2\/product_brand?post=29875"},{"taxonomy":"product_cat","embeddable":true,"href":"https:\/\/www.studiolongboard.com\/fr\/wp-json\/wp\/v2\/product_cat?post=29875"},{"taxonomy":"product_tag","embeddable":true,"href":"https:\/\/www.studiolongboard.com\/fr\/wp-json\/wp\/v2\/product_tag?post=29875"}],"curies":[{"name":"wp","href":"https:\/\/api.w.org\/{rel}","templated":true}]}}