{"id":29868,"date":"2024-05-16T15:12:30","date_gmt":"2024-05-16T13:12:30","guid":{"rendered":"https:\/\/www.studiolongboard.com\/?post_type=product&#038;p=29868"},"modified":"2025-12-31T13:58:30","modified_gmt":"2025-12-31T12:58:30","slug":"rogue-cast-truck-160mm","status":"publish","type":"product","link":"https:\/\/www.studiolongboard.com\/fr\/shop\/longboards\/longboard-trucks\/rogue-cast-truck-160mm\/","title":{"rendered":"ROGUE Cast Truck 160mm"},"content":{"rendered":"<h2>ROGUE Cast Truck 160mm<\/h2>\n<p>ROGUE Cast Truck 160mm haben die gleiche Geometrie wie die Precision-Rogues, und sie verwenden Tall Bushings und einen Bushing-Insert um zus\u00e4tzliche H\u00e4ngerbewegungen und Slop zu minimieren.<br \/>\nMit einigen der besten Rennfahrer der Welt, die ihre Pr\u00e4zisions-Trucks fahren und unterst\u00fctzen haben Rogues den Markt f\u00fcr Downhill-Trucks aufgemischt. Mit dem Cast Counterpart ist das Rogue-Gef\u00fchl nun f\u00fcr jedermann erschwinglich! Diese Trucks auf gro\u00dfe Rollen ausgerichtet und haben einen flie\u00dfenden Lenkcharakter &#8211; sie sind wendig und dennoch super stabil. Wenn Du neue Downhill-Trucks brauchst aber ein kleines Budget hast, schau dir die Rogues Cast Trucks an!<\/p>\n<p>Hanger Width: 160mm<br \/>\nBaseplate Angle: 48 degrees<br \/>\nRake: 4\u00b0<\/p>\n<p>Red Venom 90a HPF Tall 0.75&#8243; bushings and an insert bushing to help maximize bushing setup.<\/p>","protected":false},"excerpt":{"rendered":"<p>ROGUE Cast Truck 160mm ROGUE Cast Truck 160mm haben die gleiche Geometrie wie die Precision-Rogues, und sie verwenden Tall Bushings und einen Bushing-Insert um zus\u00e4tzliche H\u00e4ngerbewegungen und Slop zu minimieren. Mit einigen der besten Rennfahrer der Welt, die ihre Pr\u00e4zisions-Trucks fahren und unterst\u00fctzen haben Rogues den Markt f\u00fcr Downhill-Trucks aufgemischt. Mit dem Cast Counterpart ist [&#8230;]\n","protected":false},"featured_media":29869,"comment_status":"closed","ping_status":"closed","template":"","meta":{"jetpack_post_was_ever_published":false,"jetpack_publicize_message":"","jetpack_publicize_feature_enabled":true,"jetpack_social_post_already_shared":true,"jetpack_social_options":{"image_generator_settings":{"template":"highway","default_image_id":0,"font":"","enabled":false},"version":2}},"product_brand":[],"product_cat":[318],"product_tag":[],"class_list":{"0":"post-29868","1":"product","2":"type-product","3":"status-publish","4":"has-post-thumbnail","6":"product_cat-longboard-trucks","7":"product_shipping_class-paket-m","9":"first","10":"instock","11":"taxable","12":"shipping-taxable","13":"purchasable","14":"product-type-simple"},"composite_virtual":false,"composite_layout":"","composite_add_to_cart_form_location":"","composite_editable_in_cart":false,"composite_sold_individually_context":"","composite_shop_price_calc":"","composite_components":[],"composite_scenarios":[],"booking_location":null,"booking_location_type":null,"booking_duration":null,"booking_duration_unit":null,"booking_buffer":null,"booking_cost":null,"booking_resources":null,"jetpack_publicize_connections":[],"jetpack_sharing_enabled":true,"_links":{"self":[{"href":"https:\/\/www.studiolongboard.com\/fr\/wp-json\/wp\/v2\/product\/29868","targetHints":{"allow":["GET"]}}],"collection":[{"href":"https:\/\/www.studiolongboard.com\/fr\/wp-json\/wp\/v2\/product"}],"about":[{"href":"https:\/\/www.studiolongboard.com\/fr\/wp-json\/wp\/v2\/types\/product"}],"replies":[{"embeddable":true,"href":"https:\/\/www.studiolongboard.com\/fr\/wp-json\/wp\/v2\/comments?post=29868"}],"wp:featuredmedia":[{"embeddable":true,"href":"https:\/\/www.studiolongboard.com\/fr\/wp-json\/wp\/v2\/media\/29869"}],"wp:attachment":[{"href":"https:\/\/www.studiolongboard.com\/fr\/wp-json\/wp\/v2\/media?parent=29868"}],"wp:term":[{"taxonomy":"product_brand","embeddable":true,"href":"https:\/\/www.studiolongboard.com\/fr\/wp-json\/wp\/v2\/product_brand?post=29868"},{"taxonomy":"product_cat","embeddable":true,"href":"https:\/\/www.studiolongboard.com\/fr\/wp-json\/wp\/v2\/product_cat?post=29868"},{"taxonomy":"product_tag","embeddable":true,"href":"https:\/\/www.studiolongboard.com\/fr\/wp-json\/wp\/v2\/product_tag?post=29868"}],"curies":[{"name":"wp","href":"https:\/\/api.w.org\/{rel}","templated":true}]}}