{"id":29861,"date":"2024-05-16T12:01:10","date_gmt":"2024-05-16T10:01:10","guid":{"rendered":"https:\/\/www.studiolongboard.com\/?post_type=product&#038;p=29861"},"modified":"2025-07-25T14:44:27","modified_gmt":"2025-07-25T12:44:27","slug":"becker-grip-soles-sekundenkleber-20g","status":"publish","type":"product","link":"https:\/\/www.studiolongboard.com\/fr\/shop\/accessories\/becker-grip-soles-sekundenkleber-20g\/","title":{"rendered":"BECKER Grip Soles Sekundenkleber 20g"},"content":{"rendered":"<h2>Becker Grip Soles Sekundenkleber 20g<\/h2>\n<p>Ein dauerelastischer Kleber, der in k\u00fcrzester Zeit seine volle Kraft entfaltet. Ideal um deine Grip Sohlen zu verkleben aber auch f\u00fcr schnelle.<\/p>\n<p>Sohlengummi vor dem Kleben unbedingt aufrauhen. Kleber einseitig auftragen. Zusammenf\u00fcgen und einige Minuten pressen.<\/p>","protected":false},"excerpt":{"rendered":"<p>Becker Grip Soles Sekundenkleber 20g Ein dauerelastischer Kleber, der in k\u00fcrzester Zeit seine volle Kraft entfaltet. Ideal um deine Grip Sohlen zu verkleben aber auch f\u00fcr schnelle. Sohlengummi vor dem Kleben unbedingt aufrauhen. Kleber einseitig auftragen. Zusammenf\u00fcgen und einige Minuten pressen.<\/p>","protected":false},"featured_media":29862,"comment_status":"closed","ping_status":"closed","template":"","meta":{"jetpack_post_was_ever_published":false,"jetpack_publicize_message":"","jetpack_publicize_feature_enabled":true,"jetpack_social_post_already_shared":true,"jetpack_social_options":{"image_generator_settings":{"template":"highway","default_image_id":0,"font":"","enabled":false},"version":2}},"product_brand":[],"product_cat":[320,505],"product_tag":[],"class_list":{"0":"post-29861","1":"product","2":"type-product","3":"status-publish","4":"has-post-thumbnail","6":"product_cat-accessories","7":"product_cat-protection","8":"product_shipping_class-paket-m","10":"first","11":"outofstock","12":"taxable","13":"shipping-taxable","14":"purchasable","15":"product-type-simple"},"composite_virtual":false,"composite_layout":"","composite_add_to_cart_form_location":"","composite_editable_in_cart":false,"composite_sold_individually_context":"","composite_shop_price_calc":"","composite_components":[],"composite_scenarios":[],"booking_location":null,"booking_location_type":null,"booking_duration":null,"booking_duration_unit":null,"booking_buffer":null,"booking_cost":null,"booking_resources":null,"jetpack_publicize_connections":[],"jetpack_sharing_enabled":true,"_links":{"self":[{"href":"https:\/\/www.studiolongboard.com\/fr\/wp-json\/wp\/v2\/product\/29861","targetHints":{"allow":["GET"]}}],"collection":[{"href":"https:\/\/www.studiolongboard.com\/fr\/wp-json\/wp\/v2\/product"}],"about":[{"href":"https:\/\/www.studiolongboard.com\/fr\/wp-json\/wp\/v2\/types\/product"}],"replies":[{"embeddable":true,"href":"https:\/\/www.studiolongboard.com\/fr\/wp-json\/wp\/v2\/comments?post=29861"}],"wp:featuredmedia":[{"embeddable":true,"href":"https:\/\/www.studiolongboard.com\/fr\/wp-json\/wp\/v2\/media\/29862"}],"wp:attachment":[{"href":"https:\/\/www.studiolongboard.com\/fr\/wp-json\/wp\/v2\/media?parent=29861"}],"wp:term":[{"taxonomy":"product_brand","embeddable":true,"href":"https:\/\/www.studiolongboard.com\/fr\/wp-json\/wp\/v2\/product_brand?post=29861"},{"taxonomy":"product_cat","embeddable":true,"href":"https:\/\/www.studiolongboard.com\/fr\/wp-json\/wp\/v2\/product_cat?post=29861"},{"taxonomy":"product_tag","embeddable":true,"href":"https:\/\/www.studiolongboard.com\/fr\/wp-json\/wp\/v2\/product_tag?post=29861"}],"curies":[{"name":"wp","href":"https:\/\/api.w.org\/{rel}","templated":true}]}}