{"id":29858,"date":"2024-05-16T11:59:37","date_gmt":"2024-05-16T09:59:37","guid":{"rendered":"https:\/\/www.studiolongboard.com\/?post_type=product&#038;p=29858"},"modified":"2025-10-26T08:38:39","modified_gmt":"2025-10-26T07:38:39","slug":"becker-grip-soles-4mm","status":"publish","type":"product","link":"https:\/\/www.studiolongboard.com\/fr\/shop\/accessories\/becker-grip-soles-4mm\/","title":{"rendered":"BECKER Grip Soles 4mm"},"content":{"rendered":"<h2>BECKER Grip Soles 4mm<\/h2>\n<p>Bremssohlen vom Luge-Fahrer Ulrich Becker. Wenn sich jemand mit Bremssohlen auskennt, dann er.<\/p>\n<p>Super gradliniges Design, kein Schnickschnack, kein Profil. Nur hochwertigstes Gummi mit maximaler Kontaktfl\u00e4che zu deinem Griptape. Europ\u00e4ischer Premiumhersteller, beste Rezeptur, viel Kautschuk, wenig F\u00fcllstoff. Das hei\u00dft maximaler Grip, kaum Abrieb und der Schuh bleibt feinf\u00fchlig. Stempel drauf, keine Verpackung, kein M\u00fcll, einfach, simpel, geradeaus!<\/p>\n<p>11,5 x 33 cm x 0,4 cm<\/p>\n<p>Set of 2<\/p>\n<p>&nbsp;<\/p>\n<p>Produktbilder dienen als Beispiel.<\/p>","protected":false},"excerpt":{"rendered":"<p>BECKER Grip Soles 4mm Bremssohlen vom Luge-Fahrer Ulrich Becker. Wenn sich jemand mit Bremssohlen auskennt, dann er. Super gradliniges Design, kein Schnickschnack, kein Profil. Nur hochwertigstes Gummi mit maximaler Kontaktfl\u00e4che zu deinem Griptape. Europ\u00e4ischer Premiumhersteller, beste Rezeptur, viel Kautschuk, wenig F\u00fcllstoff. Das hei\u00dft maximaler Grip, kaum Abrieb und der Schuh bleibt feinf\u00fchlig. Stempel drauf, keine [&#8230;]\n","protected":false},"featured_media":29859,"comment_status":"closed","ping_status":"closed","template":"","meta":{"jetpack_post_was_ever_published":false,"jetpack_publicize_message":"","jetpack_publicize_feature_enabled":true,"jetpack_social_post_already_shared":true,"jetpack_social_options":{"image_generator_settings":{"template":"highway","default_image_id":0,"font":"","enabled":false},"version":2}},"product_brand":[],"product_cat":[320,505],"product_tag":[],"class_list":{"0":"post-29858","1":"product","2":"type-product","3":"status-publish","4":"has-post-thumbnail","6":"product_cat-accessories","7":"product_cat-protection","8":"product_shipping_class-paket-m","10":"first","11":"instock","12":"taxable","13":"shipping-taxable","14":"purchasable","15":"product-type-simple"},"composite_virtual":false,"composite_layout":"","composite_add_to_cart_form_location":"","composite_editable_in_cart":false,"composite_sold_individually_context":"","composite_shop_price_calc":"","composite_components":[],"composite_scenarios":[],"booking_location":null,"booking_location_type":null,"booking_duration":null,"booking_duration_unit":null,"booking_buffer":null,"booking_cost":null,"booking_resources":null,"jetpack_publicize_connections":[],"jetpack_sharing_enabled":true,"_links":{"self":[{"href":"https:\/\/www.studiolongboard.com\/fr\/wp-json\/wp\/v2\/product\/29858","targetHints":{"allow":["GET"]}}],"collection":[{"href":"https:\/\/www.studiolongboard.com\/fr\/wp-json\/wp\/v2\/product"}],"about":[{"href":"https:\/\/www.studiolongboard.com\/fr\/wp-json\/wp\/v2\/types\/product"}],"replies":[{"embeddable":true,"href":"https:\/\/www.studiolongboard.com\/fr\/wp-json\/wp\/v2\/comments?post=29858"}],"wp:featuredmedia":[{"embeddable":true,"href":"https:\/\/www.studiolongboard.com\/fr\/wp-json\/wp\/v2\/media\/29859"}],"wp:attachment":[{"href":"https:\/\/www.studiolongboard.com\/fr\/wp-json\/wp\/v2\/media?parent=29858"}],"wp:term":[{"taxonomy":"product_brand","embeddable":true,"href":"https:\/\/www.studiolongboard.com\/fr\/wp-json\/wp\/v2\/product_brand?post=29858"},{"taxonomy":"product_cat","embeddable":true,"href":"https:\/\/www.studiolongboard.com\/fr\/wp-json\/wp\/v2\/product_cat?post=29858"},{"taxonomy":"product_tag","embeddable":true,"href":"https:\/\/www.studiolongboard.com\/fr\/wp-json\/wp\/v2\/product_tag?post=29858"}],"curies":[{"name":"wp","href":"https:\/\/api.w.org\/{rel}","templated":true}]}}