{"id":29318,"date":"2024-04-23T16:45:28","date_gmt":"2024-04-23T14:45:28","guid":{"rendered":"https:\/\/www.studiolongboard.com\/?post_type=product&#038;p=29318"},"modified":"2026-04-28T17:52:48","modified_gmt":"2026-04-28T15:52:48","slug":"slide-chicala-32-surfskate","status":"publish","type":"product","link":"https:\/\/www.studiolongboard.com\/fr\/shop\/surfskates\/surfskate-completes\/slide-chicala-32-surfskate\/","title":{"rendered":"SLIDE Chicala 32&#8243; Surfskate"},"content":{"rendered":"<h2>SLIDE Chicala 32&#8243; Surfskate<\/h2>\n<p>Entdecke das ultimative Surferlebnis auf Asphalt mit dem SLIDE Chicala 32&#8243; Surfskate. Mit seinem innovativen Design und hochwertigen Materialien bietet dieses Surfskate eine einzigartige M\u00f6glichkeit, die Wellen auf der Stra\u00dfe zu reiten.<\/p>\n<p>Chikala wurde von der Bewegung und dem Gef\u00fchl des Surfens inspiriert. Seine Form und Konstruktion erm\u00f6glichen eine fl\u00fcssige und intuitive Fahrt, die dem Surfen so nah wie m\u00f6glich kommt. Hergestellt aus hochwertigem Ahornholz bietet das Surfskate eine langlebige Leistung und Stabilit\u00e4t f\u00fcr Fahrer jeden Niveaus. Ob zum Cruisen in der Stadt, zum Carven auf dem B\u00fcrgersteig oder zum Erlernen neuer Tricks, das Okanda ist vielseitig einsetzbar und bietet Spa\u00df f\u00fcr Fahrer aller Altersgruppen.<\/p>\n<p>Deck: 32\u201c x 10.25&#8243; x 17&#8243; Wheelbase &#8211; 81 cm x 26 cm x 43 cm Wheelbase<br \/>\nMaterial: 7 Lagen kanadisches Ahorn<br \/>\nSlide Trucks V3.0<br \/>\n70mm 78A Wheels<br \/>\nLager: ABEC 7<\/p>","protected":false},"excerpt":{"rendered":"<p>SLIDE Chicala 32&#8243; Surfskate Entdecke das ultimative Surferlebnis auf Asphalt mit dem SLIDE Chicala 32&#8243; Surfskate. Mit seinem innovativen Design und hochwertigen Materialien bietet dieses Surfskate eine einzigartige M\u00f6glichkeit, die Wellen auf der Stra\u00dfe zu reiten. Chikala wurde von der Bewegung und dem Gef\u00fchl des Surfens inspiriert. Seine Form und Konstruktion erm\u00f6glichen eine fl\u00fcssige und [&#8230;]\n","protected":false},"featured_media":29319,"comment_status":"open","ping_status":"closed","template":"","meta":{"jetpack_publicize_message":"","jetpack_publicize_feature_enabled":true,"jetpack_social_post_already_shared":true,"jetpack_social_options":{"image_generator_settings":{"template":"highway","default_image_id":0,"font":"","enabled":false},"version":2}},"product_brand":[9240],"product_cat":[8983,531],"product_tag":[718,720,331,8377],"class_list":{"0":"post-29318","1":"product","2":"type-product","3":"status-publish","4":"has-post-thumbnail","6":"product_brand-slide","7":"product_cat-surfskate-completes","8":"product_cat-surfskates","9":"product_tag-surfskateboard","10":"product_tag-surf","11":"product_tag-surfskate","12":"product_tag-8377","13":"product_shipping_class-paket","15":"first","16":"instock","17":"taxable","18":"shipping-taxable","19":"purchasable","20":"product-type-simple"},"composite_virtual":false,"composite_layout":"","composite_add_to_cart_form_location":"","composite_editable_in_cart":false,"composite_sold_individually_context":"","composite_shop_price_calc":"","composite_components":[],"composite_scenarios":[],"booking_location":null,"booking_location_type":null,"booking_duration":null,"booking_duration_unit":null,"booking_buffer":null,"booking_cost":null,"booking_resources":null,"jetpack_publicize_connections":[],"jetpack_sharing_enabled":true,"_links":{"self":[{"href":"https:\/\/www.studiolongboard.com\/fr\/wp-json\/wp\/v2\/product\/29318","targetHints":{"allow":["GET"]}}],"collection":[{"href":"https:\/\/www.studiolongboard.com\/fr\/wp-json\/wp\/v2\/product"}],"about":[{"href":"https:\/\/www.studiolongboard.com\/fr\/wp-json\/wp\/v2\/types\/product"}],"replies":[{"embeddable":true,"href":"https:\/\/www.studiolongboard.com\/fr\/wp-json\/wp\/v2\/comments?post=29318"}],"wp:featuredmedia":[{"embeddable":true,"href":"https:\/\/www.studiolongboard.com\/fr\/wp-json\/wp\/v2\/media\/29319"}],"wp:attachment":[{"href":"https:\/\/www.studiolongboard.com\/fr\/wp-json\/wp\/v2\/media?parent=29318"}],"wp:term":[{"taxonomy":"product_brand","embeddable":true,"href":"https:\/\/www.studiolongboard.com\/fr\/wp-json\/wp\/v2\/product_brand?post=29318"},{"taxonomy":"product_cat","embeddable":true,"href":"https:\/\/www.studiolongboard.com\/fr\/wp-json\/wp\/v2\/product_cat?post=29318"},{"taxonomy":"product_tag","embeddable":true,"href":"https:\/\/www.studiolongboard.com\/fr\/wp-json\/wp\/v2\/product_tag?post=29318"}],"curies":[{"name":"wp","href":"https:\/\/api.w.org\/{rel}","templated":true}]}}